{"id":1025,"date":"2022-02-10T16:26:47","date_gmt":"2022-02-10T15:26:47","guid":{"rendered":"https:\/\/www.tewoo.sk\/web\/?page_id=1025"},"modified":"2023-10-12T00:17:17","modified_gmt":"2023-10-11T22:17:17","slug":"drevene-vyrobky-workshopy-tvorive-dielne-kurzy","status":"publish","type":"page","link":"https:\/\/tewoo.sk\/?page_id=1025","title":{"rendered":"Slu\u017eby"},"content":{"rendered":"\n<p class=\"has-normal-font-size\"><strong>Dreven\u00e9 v\u00fdrobky, CNC fr\u00e9zovanie, workshopy<\/strong><\/p>\n\n\n\n<p>V dielni okrem  vlastn\u00fdch  v\u00fdrobkov pon\u00fakam aj \u010fal\u0161ie slu\u017eby ako :<\/p>\n\n\n\n<ul class=\"wp-block-list\">\n<li>spolupr\u00e1cu vo v\u00fdvoji a v\u00fdrobe dreven\u00fdch dielov, alebo hotov\u00fdch v\u00fdrobkov<\/li>\n\n\n\n<li>n\u00e1vrh, tvorba v\u00fdkresov a podkladov k CNC v\u00fdrobe<\/li>\n\n\n\n<li>malov\u00fdroba  aj s\u00e9riov\u00e1 v\u00fdroba r\u00f4znych v\u00fdrobkov alebo ich \u010dast\u00ed<\/li>\n\n\n\n<li>CNC fr\u00e9zovanie na z\u00e1klade dodan\u00fdch podkladov bez \u010fal\u0161ieho spracovania<\/li>\n\n\n\n<li>CNC fr\u00e9zovanie na z\u00e1klade dodan\u00fdch podkladov s \u010fal\u0161\u00edm finalizovan\u00edm v\u00fdrobku<\/li>\n\n\n\n<li>predaj a form\u00e1tovanie plo\u0161n\u00fdch materi\u00e1lov pod\u013ea po\u017eiadaviek  (okrem drevotriesky)<\/li>\n\n\n\n<li>tvoriv\u00e9 dielne \/ workshopy  pre deti, ml\u00e1de\u017e, dospel\u00fdch aj skupiny (<a href=\"https:\/\/www.tewoo.sk\/?page_id=1190\">INFO<\/a>)<\/li>\n<\/ul>\n\n\n\n<p><\/p>\n","protected":false},"excerpt":{"rendered":"<p>Dreven\u00e9 v\u00fdrobky, CNC fr\u00e9zovanie, workshopy V dielni okrem vlastn\u00fdch v\u00fdrobkov pon\u00fakam aj \u010fal\u0161ie slu\u017eby ako :<\/p>\n","protected":false},"author":1,"featured_media":0,"parent":0,"menu_order":0,"comment_status":"closed","ping_status":"closed","template":"","meta":{"_monsterinsights_skip_tracking":false,"_monsterinsights_sitenote_active":false,"_monsterinsights_sitenote_note":"","_monsterinsights_sitenote_category":0,"ngg_post_thumbnail":0,"footnotes":""},"class_list":["post-1025","page","type-page","status-publish","hentry"],"yoast_head":"<!-- This site is optimized with the Yoast SEO plugin v27.4 - https:\/\/yoast.com\/product\/yoast-seo-wordpress\/ -->\n<title>Slu\u017eby - Tom\u00e1\u0161 Bodn\u00e1r TeWoo<\/title>\n<meta name=\"description\" content=\"tvoriv\u00e9 dielne , remeseln\u00e9 workshopy, kurzy, drev\u00e1rska diel\u0148a, dreven\u00e9 v\u00fdrobky drevov\u00fdroba, cnc fr\u00e9zovanie,\" \/>\n<meta name=\"robots\" content=\"index, follow, max-snippet:-1, max-image-preview:large, max-video-preview:-1\" \/>\n<link rel=\"canonical\" href=\"https:\/\/tewoo.sk\/?page_id=1025\" \/>\n<meta property=\"og:locale\" content=\"sk_SK\" \/>\n<meta property=\"og:type\" content=\"article\" \/>\n<meta property=\"og:title\" content=\"Slu\u017eby - Tom\u00e1\u0161 Bodn\u00e1r TeWoo\" \/>\n<meta property=\"og:description\" content=\"tvoriv\u00e9 dielne , remeseln\u00e9 workshopy, kurzy, drev\u00e1rska diel\u0148a, dreven\u00e9 v\u00fdrobky drevov\u00fdroba, cnc fr\u00e9zovanie,\" \/>\n<meta property=\"og:url\" content=\"https:\/\/tewoo.sk\/?page_id=1025\" \/>\n<meta property=\"og:site_name\" content=\"Tom\u00e1\u0161 Bodn\u00e1r TeWoo\" \/>\n<meta property=\"article:publisher\" content=\"https:\/\/www.facebook.com\/tewoo.sk\" \/>\n<meta property=\"article:modified_time\" content=\"2023-10-11T22:17:17+00:00\" \/>\n<meta name=\"twitter:card\" content=\"summary_large_image\" \/>\n<meta name=\"twitter:label1\" content=\"Predpokladan\u00fd \u010das \u010d\u00edtania\" \/>\n\t<meta name=\"twitter:data1\" content=\"1 min\u00fata\" \/>\n<script type=\"application\/ld+json\" class=\"yoast-schema-graph\">{\"@context\":\"https:\\\/\\\/schema.org\",\"@graph\":[{\"@type\":\"WebPage\",\"@id\":\"https:\\\/\\\/tewoo.sk\\\/?page_id=1025\",\"url\":\"https:\\\/\\\/tewoo.sk\\\/?page_id=1025\",\"name\":\"Slu\u017eby - Tom\u00e1\u0161 Bodn\u00e1r TeWoo\",\"isPartOf\":{\"@id\":\"https:\\\/\\\/tewoo.sk\\\/#website\"},\"datePublished\":\"2022-02-10T15:26:47+00:00\",\"dateModified\":\"2023-10-11T22:17:17+00:00\",\"description\":\"tvoriv\u00e9 dielne , remeseln\u00e9 workshopy, kurzy, drev\u00e1rska diel\u0148a, dreven\u00e9 v\u00fdrobky drevov\u00fdroba, cnc fr\u00e9zovanie,\",\"breadcrumb\":{\"@id\":\"https:\\\/\\\/tewoo.sk\\\/?page_id=1025#breadcrumb\"},\"inLanguage\":\"sk-SK\",\"potentialAction\":[{\"@type\":\"ReadAction\",\"target\":[\"https:\\\/\\\/tewoo.sk\\\/?page_id=1025\"]}]},{\"@type\":\"BreadcrumbList\",\"@id\":\"https:\\\/\\\/tewoo.sk\\\/?page_id=1025#breadcrumb\",\"itemListElement\":[{\"@type\":\"ListItem\",\"position\":1,\"name\":\"Home\",\"item\":\"https:\\\/\\\/tewoo.sk\\\/\"},{\"@type\":\"ListItem\",\"position\":2,\"name\":\"Slu\u017eby\"}]},{\"@type\":\"WebSite\",\"@id\":\"https:\\\/\\\/tewoo.sk\\\/#website\",\"url\":\"https:\\\/\\\/tewoo.sk\\\/\",\"name\":\"Drev\u00e1rska diel\u0148a TeWoo\",\"description\":\"V\u00fdrobky z dreva\",\"publisher\":{\"@id\":\"https:\\\/\\\/tewoo.sk\\\/#organization\"},\"potentialAction\":[{\"@type\":\"SearchAction\",\"target\":{\"@type\":\"EntryPoint\",\"urlTemplate\":\"https:\\\/\\\/tewoo.sk\\\/?s={search_term_string}\"},\"query-input\":{\"@type\":\"PropertyValueSpecification\",\"valueRequired\":true,\"valueName\":\"search_term_string\"}}],\"inLanguage\":\"sk-SK\"},{\"@type\":\"Organization\",\"@id\":\"https:\\\/\\\/tewoo.sk\\\/#organization\",\"name\":\"Drev\u00e1rska diel\u0148a TeWoo\",\"url\":\"https:\\\/\\\/tewoo.sk\\\/\",\"logo\":{\"@type\":\"ImageObject\",\"inLanguage\":\"sk-SK\",\"@id\":\"https:\\\/\\\/tewoo.sk\\\/#\\\/schema\\\/logo\\\/image\\\/\",\"url\":\"https:\\\/\\\/tewoo.sk\\\/wp-content\\\/uploads\\\/2021\\\/10\\\/logo-na-web3.png\",\"contentUrl\":\"https:\\\/\\\/tewoo.sk\\\/wp-content\\\/uploads\\\/2021\\\/10\\\/logo-na-web3.png\",\"width\":700,\"height\":700,\"caption\":\"Drev\u00e1rska diel\u0148a TeWoo\"},\"image\":{\"@id\":\"https:\\\/\\\/tewoo.sk\\\/#\\\/schema\\\/logo\\\/image\\\/\"},\"sameAs\":[\"https:\\\/\\\/www.facebook.com\\\/tewoo.sk\",\"https:\\\/\\\/www.instagram.com\\\/tewoo_sk\\\/\",\"https:\\\/\\\/sk.pinterest.com\\\/TewooSK\\\/\"]}]}<\/script>\n<!-- \/ Yoast SEO plugin. -->","yoast_head_json":{"title":"Slu\u017eby - Tom\u00e1\u0161 Bodn\u00e1r TeWoo","description":"tvoriv\u00e9 dielne , remeseln\u00e9 workshopy, kurzy, drev\u00e1rska diel\u0148a, dreven\u00e9 v\u00fdrobky drevov\u00fdroba, cnc fr\u00e9zovanie,","robots":{"index":"index","follow":"follow","max-snippet":"max-snippet:-1","max-image-preview":"max-image-preview:large","max-video-preview":"max-video-preview:-1"},"canonical":"https:\/\/tewoo.sk\/?page_id=1025","og_locale":"sk_SK","og_type":"article","og_title":"Slu\u017eby - Tom\u00e1\u0161 Bodn\u00e1r TeWoo","og_description":"tvoriv\u00e9 dielne , remeseln\u00e9 workshopy, kurzy, drev\u00e1rska diel\u0148a, dreven\u00e9 v\u00fdrobky drevov\u00fdroba, cnc fr\u00e9zovanie,","og_url":"https:\/\/tewoo.sk\/?page_id=1025","og_site_name":"Tom\u00e1\u0161 Bodn\u00e1r TeWoo","article_publisher":"https:\/\/www.facebook.com\/tewoo.sk","article_modified_time":"2023-10-11T22:17:17+00:00","twitter_card":"summary_large_image","twitter_misc":{"Predpokladan\u00fd \u010das \u010d\u00edtania":"1 min\u00fata"},"schema":{"@context":"https:\/\/schema.org","@graph":[{"@type":"WebPage","@id":"https:\/\/tewoo.sk\/?page_id=1025","url":"https:\/\/tewoo.sk\/?page_id=1025","name":"Slu\u017eby - Tom\u00e1\u0161 Bodn\u00e1r TeWoo","isPartOf":{"@id":"https:\/\/tewoo.sk\/#website"},"datePublished":"2022-02-10T15:26:47+00:00","dateModified":"2023-10-11T22:17:17+00:00","description":"tvoriv\u00e9 dielne , remeseln\u00e9 workshopy, kurzy, drev\u00e1rska diel\u0148a, dreven\u00e9 v\u00fdrobky drevov\u00fdroba, cnc fr\u00e9zovanie,","breadcrumb":{"@id":"https:\/\/tewoo.sk\/?page_id=1025#breadcrumb"},"inLanguage":"sk-SK","potentialAction":[{"@type":"ReadAction","target":["https:\/\/tewoo.sk\/?page_id=1025"]}]},{"@type":"BreadcrumbList","@id":"https:\/\/tewoo.sk\/?page_id=1025#breadcrumb","itemListElement":[{"@type":"ListItem","position":1,"name":"Home","item":"https:\/\/tewoo.sk\/"},{"@type":"ListItem","position":2,"name":"Slu\u017eby"}]},{"@type":"WebSite","@id":"https:\/\/tewoo.sk\/#website","url":"https:\/\/tewoo.sk\/","name":"Drev\u00e1rska diel\u0148a TeWoo","description":"V\u00fdrobky z dreva","publisher":{"@id":"https:\/\/tewoo.sk\/#organization"},"potentialAction":[{"@type":"SearchAction","target":{"@type":"EntryPoint","urlTemplate":"https:\/\/tewoo.sk\/?s={search_term_string}"},"query-input":{"@type":"PropertyValueSpecification","valueRequired":true,"valueName":"search_term_string"}}],"inLanguage":"sk-SK"},{"@type":"Organization","@id":"https:\/\/tewoo.sk\/#organization","name":"Drev\u00e1rska diel\u0148a TeWoo","url":"https:\/\/tewoo.sk\/","logo":{"@type":"ImageObject","inLanguage":"sk-SK","@id":"https:\/\/tewoo.sk\/#\/schema\/logo\/image\/","url":"https:\/\/tewoo.sk\/wp-content\/uploads\/2021\/10\/logo-na-web3.png","contentUrl":"https:\/\/tewoo.sk\/wp-content\/uploads\/2021\/10\/logo-na-web3.png","width":700,"height":700,"caption":"Drev\u00e1rska diel\u0148a TeWoo"},"image":{"@id":"https:\/\/tewoo.sk\/#\/schema\/logo\/image\/"},"sameAs":["https:\/\/www.facebook.com\/tewoo.sk","https:\/\/www.instagram.com\/tewoo_sk\/","https:\/\/sk.pinterest.com\/TewooSK\/"]}]}},"jetpack_sharing_enabled":true,"_links":{"self":[{"href":"https:\/\/tewoo.sk\/index.php?rest_route=\/wp\/v2\/pages\/1025","targetHints":{"allow":["GET"]}}],"collection":[{"href":"https:\/\/tewoo.sk\/index.php?rest_route=\/wp\/v2\/pages"}],"about":[{"href":"https:\/\/tewoo.sk\/index.php?rest_route=\/wp\/v2\/types\/page"}],"author":[{"embeddable":true,"href":"https:\/\/tewoo.sk\/index.php?rest_route=\/wp\/v2\/users\/1"}],"replies":[{"embeddable":true,"href":"https:\/\/tewoo.sk\/index.php?rest_route=%2Fwp%2Fv2%2Fcomments&post=1025"}],"version-history":[{"count":6,"href":"https:\/\/tewoo.sk\/index.php?rest_route=\/wp\/v2\/pages\/1025\/revisions"}],"predecessor-version":[{"id":1552,"href":"https:\/\/tewoo.sk\/index.php?rest_route=\/wp\/v2\/pages\/1025\/revisions\/1552"}],"wp:attachment":[{"href":"https:\/\/tewoo.sk\/index.php?rest_route=%2Fwp%2Fv2%2Fmedia&parent=1025"}],"curies":[{"name":"wp","href":"https:\/\/api.w.org\/{rel}","templated":true}]}}