{"id":1190,"date":"2022-05-24T12:39:52","date_gmt":"2022-05-24T10:39:52","guid":{"rendered":"https:\/\/www.tewoo.sk\/web\/?page_id=1190"},"modified":"2024-08-07T10:42:36","modified_gmt":"2024-08-07T08:42:36","slug":"kreativna-dielna-kurzy","status":"publish","type":"page","link":"https:\/\/tewoo.sk\/?page_id=1190","title":{"rendered":"Tvoriv\u00e1 diel\u0148a, kurzy"},"content":{"rendered":"\n<p><em>V pr\u00edpade ak m\u00e1te z\u00e1ujem dost\u00e1va\u0165  upozornenie na pripravovan\u00e9 tvoriv\u00e9 dielne a kurzy, m\u00f4\u017eete ma jednoducho kontaktova\u0165 prostredn\u00edctvom kontaktn\u00e9ho formul\u00e1ra alebo e-mailom. Sta\u010d\u00ed do predmetu uvies\u0165 = &#8222;<strong>Tvoriv\u00e1 diel\u0148a, kurzy &#8211; INFO<\/strong>&#8222;. V\u00e1\u0161 e-mail si zaevidujem a pri najbli\u017e\u0161ej pr\u00edle\u017eitosti obdr\u017e\u00edte dostato\u010dne vopred  v\u0161etky inform\u00e1cie.<\/em><\/p>\n\n\n\n<p>Tom\u00e1\u0161 Bodn\u00e1r \/ bodnar@tewoo.sk\/<\/p>\n\n\n\n<p class=\"has-text-align-center has-medium-font-size\">  <strong><mark style=\"background-color:rgba(0, 0, 0, 0)\" class=\"has-inline-color has-vivid-red-color\">PRIPRAVOVAN\u00c9 UDALOSTI A TVORIV\u00c9 DIELNE:<\/mark><\/strong>  <\/p>\n\n\n\n<ul class=\"wp-block-list\">\n<li><strong><em>Moment\u00e1lne v dielni nem\u00e1m napl\u00e1novan\u00e9  \u017eiadne spolo\u010dn\u00e9 kreat\u00edvne dielne ani kurzy.  <\/em><\/strong><\/li>\n\n\n\n<li>Ak  h\u013ead\u00e1te miesto na kreat\u00edvne tvorenie, m\u00e1te svoj n\u00e1pad, t\u00e9mu ktorej sa chcete venova\u0165  a Ste skupina minim\u00e1lne 5 os\u00f4b, pre\u010d\u00edtajte si pros\u00edm info uveden\u00e9 ni\u017e\u0161ie o ponuke priestorov a mo\u017enosti tvoriv\u00fdch dieln\u00ed na \u017eelanie. <\/li>\n<\/ul>\n\n\n\n<p><\/p>\n\n\n\n<p><\/p>\n\n\n\n<p><\/p>\n\n\n\n<p class=\"has-text-align-center has-medium-font-size\"><strong><mark style=\"background-color:rgba(0, 0, 0, 0);color:#04925e\" class=\"has-inline-color\">TVORIV\u00c9 DIELNE, WORKSHOPY, KURZY, PREDN\u00c1\u0160KY, KREAT\u00cdVNE STRETNUTIA<\/mark><\/strong><\/p>\n\n\n\n<p>Ponuka priestorov dielne &#8211; pre organiz\u00e1torov tvoriv\u00fdch dieln\u00ed, workshopov, kurzov a in\u00fdch kreat\u00edvnych akci\u00ed.<\/p>\n\n\n\n<p>Okrem ponuky pre organiz\u00e1torov pon\u00fakam tieto slu\u017eby aj v mojej r\u00e9\u017eii. T\u00e9ma, v\u00fdrobok alebo cie\u013e stretnutia pod\u013ea \u017eelania a dohody. Pre bli\u017e\u0161ie inform\u00e1cie o mo\u017enostiach zorganizovania stretnut\u00ed ma pros\u00edm kontaktujte e-mailom, alebo cez uveden\u00e9 soci\u00e1lne siete (FB, IG)<\/p>\n\n\n\n<p>Priestory dielne s\u00fa  vhodn\u00e9 pre men\u0161ie skupiny &#8211; pohodln\u00e1 a odpor\u00fa\u010dan\u00e1 kapacita 5 a\u017e 8 \u013eud\u00ed (Aj ke\u010f vrav\u00ed sa,  \u017ee dobr\u00fdch \u013eud\u00ed sa v\u0161ade ve\u013ea zmest\u00ed :)) )  Diel\u0148a pozost\u00e1va z dvoch oddelen\u00fdch priestorov.<\/p>\n\n\n\n<p>PONUKA PRIESTOROV JE UR\u010cEN\u00c1 LEN PRE SKUPINY  A SKUPINOV\u00c9 AKCIE, NIE PRE JEDNOTLIVCOV!!!!<\/p>\n\n\n<div class=\"wp-block-image\">\n<figure class=\"aligncenter size-large\"><img loading=\"lazy\" decoding=\"async\" width=\"1024\" height=\"488\" src=\"https:\/\/www.tewoo.sk\/wp-content\/uploads\/2023\/10\/dielna_prenajom-1-1024x488.jpg\" alt=\"\" class=\"wp-image-1555\" srcset=\"https:\/\/tewoo.sk\/wp-content\/uploads\/2023\/10\/dielna_prenajom-1-1024x488.jpg 1024w, https:\/\/tewoo.sk\/wp-content\/uploads\/2023\/10\/dielna_prenajom-1-300x143.jpg 300w, https:\/\/tewoo.sk\/wp-content\/uploads\/2023\/10\/dielna_prenajom-1-768x366.jpg 768w, https:\/\/tewoo.sk\/wp-content\/uploads\/2023\/10\/dielna_prenajom-1-1536x731.jpg 1536w, https:\/\/tewoo.sk\/wp-content\/uploads\/2023\/10\/dielna_prenajom-1-2048x975.jpg 2048w, https:\/\/tewoo.sk\/wp-content\/uploads\/2023\/10\/dielna_prenajom-1-1320x629.jpg 1320w, https:\/\/tewoo.sk\/wp-content\/uploads\/2023\/10\/dielna_prenajom-1-416x198.jpg 416w\" sizes=\"auto, (max-width: 1024px) 100vw, 1024px\" \/><\/figure>\n<\/div>\n\n\n<p><\/p>\n\n\n\n<p><\/p>\n\n\n\n<p class=\"has-text-align-center has-medium-font-size\"><strong><mark style=\"background-color:rgba(0, 0, 0, 0);color:#dc2424\" class=\"has-inline-color\">POSLEDN\u00c9 UDALOSTI v dielni :<\/mark><\/strong><\/p>\n\n\n\n<p><\/p>\n\n\n<div class=\"wp-block-image\">\n<figure class=\"aligncenter size-large is-resized\"><img loading=\"lazy\" decoding=\"async\" width=\"1024\" height=\"1024\" src=\"https:\/\/www.tewoo.sk\/wp-content\/uploads\/2023\/12\/vybijany_privesok_20_01_2024-1024x1024.jpg\" alt=\"\" class=\"wp-image-1645\" style=\"width:400px\" srcset=\"https:\/\/tewoo.sk\/wp-content\/uploads\/2023\/12\/vybijany_privesok_20_01_2024-1024x1024.jpg 1024w, https:\/\/tewoo.sk\/wp-content\/uploads\/2023\/12\/vybijany_privesok_20_01_2024-300x300.jpg 300w, https:\/\/tewoo.sk\/wp-content\/uploads\/2023\/12\/vybijany_privesok_20_01_2024-150x150.jpg 150w, https:\/\/tewoo.sk\/wp-content\/uploads\/2023\/12\/vybijany_privesok_20_01_2024-768x768.jpg 768w, https:\/\/tewoo.sk\/wp-content\/uploads\/2023\/12\/vybijany_privesok_20_01_2024-1536x1536.jpg 1536w, https:\/\/tewoo.sk\/wp-content\/uploads\/2023\/12\/vybijany_privesok_20_01_2024-1320x1320.jpg 1320w, https:\/\/tewoo.sk\/wp-content\/uploads\/2023\/12\/vybijany_privesok_20_01_2024-324x324.jpg 324w, https:\/\/tewoo.sk\/wp-content\/uploads\/2023\/12\/vybijany_privesok_20_01_2024-416x416.jpg 416w, https:\/\/tewoo.sk\/wp-content\/uploads\/2023\/12\/vybijany_privesok_20_01_2024-100x100.jpg 100w, https:\/\/tewoo.sk\/wp-content\/uploads\/2023\/12\/vybijany_privesok_20_01_2024.jpg 2000w\" sizes=\"auto, (max-width: 1024px) 100vw, 1024px\" \/><\/figure>\n<\/div>\n\n\n<p><\/p>\n\n\n\n<p class=\"has-text-align-left\"><\/p>\n\n\n<div class=\"wp-block-image\">\n<figure class=\"aligncenter size-large is-resized\"><img loading=\"lazy\" decoding=\"async\" width=\"1024\" height=\"1024\" src=\"https:\/\/www.tewoo.sk\/wp-content\/uploads\/2023\/12\/Malovana-budka_27_01_2024_dospely-1024x1024.jpg\" alt=\"\" class=\"wp-image-1647\" style=\"width:400px;height:400px\" srcset=\"https:\/\/tewoo.sk\/wp-content\/uploads\/2023\/12\/Malovana-budka_27_01_2024_dospely-1024x1024.jpg 1024w, https:\/\/tewoo.sk\/wp-content\/uploads\/2023\/12\/Malovana-budka_27_01_2024_dospely-300x300.jpg 300w, https:\/\/tewoo.sk\/wp-content\/uploads\/2023\/12\/Malovana-budka_27_01_2024_dospely-150x150.jpg 150w, https:\/\/tewoo.sk\/wp-content\/uploads\/2023\/12\/Malovana-budka_27_01_2024_dospely-768x768.jpg 768w, https:\/\/tewoo.sk\/wp-content\/uploads\/2023\/12\/Malovana-budka_27_01_2024_dospely-1536x1536.jpg 1536w, https:\/\/tewoo.sk\/wp-content\/uploads\/2023\/12\/Malovana-budka_27_01_2024_dospely-1320x1320.jpg 1320w, https:\/\/tewoo.sk\/wp-content\/uploads\/2023\/12\/Malovana-budka_27_01_2024_dospely-324x324.jpg 324w, https:\/\/tewoo.sk\/wp-content\/uploads\/2023\/12\/Malovana-budka_27_01_2024_dospely-416x416.jpg 416w, https:\/\/tewoo.sk\/wp-content\/uploads\/2023\/12\/Malovana-budka_27_01_2024_dospely-100x100.jpg 100w, https:\/\/tewoo.sk\/wp-content\/uploads\/2023\/12\/Malovana-budka_27_01_2024_dospely.jpg 2000w\" sizes=\"auto, (max-width: 1024px) 100vw, 1024px\" \/><\/figure>\n<\/div>\n\n\n<p><\/p>\n\n\n<div class=\"wp-block-image\">\n<figure class=\"aligncenter size-large is-resized\"><img loading=\"lazy\" decoding=\"async\" width=\"1024\" height=\"1024\" src=\"https:\/\/www.tewoo.sk\/wp-content\/uploads\/2023\/12\/Malovana-budka_28_01_2024_rodicdieta-1024x1024.jpg\" alt=\"\" class=\"wp-image-1648\" style=\"width:400px\" srcset=\"https:\/\/tewoo.sk\/wp-content\/uploads\/2023\/12\/Malovana-budka_28_01_2024_rodicdieta-1024x1024.jpg 1024w, https:\/\/tewoo.sk\/wp-content\/uploads\/2023\/12\/Malovana-budka_28_01_2024_rodicdieta-300x300.jpg 300w, https:\/\/tewoo.sk\/wp-content\/uploads\/2023\/12\/Malovana-budka_28_01_2024_rodicdieta-150x150.jpg 150w, https:\/\/tewoo.sk\/wp-content\/uploads\/2023\/12\/Malovana-budka_28_01_2024_rodicdieta-768x768.jpg 768w, https:\/\/tewoo.sk\/wp-content\/uploads\/2023\/12\/Malovana-budka_28_01_2024_rodicdieta-1536x1536.jpg 1536w, https:\/\/tewoo.sk\/wp-content\/uploads\/2023\/12\/Malovana-budka_28_01_2024_rodicdieta-1320x1320.jpg 1320w, https:\/\/tewoo.sk\/wp-content\/uploads\/2023\/12\/Malovana-budka_28_01_2024_rodicdieta-324x324.jpg 324w, https:\/\/tewoo.sk\/wp-content\/uploads\/2023\/12\/Malovana-budka_28_01_2024_rodicdieta-416x416.jpg 416w, https:\/\/tewoo.sk\/wp-content\/uploads\/2023\/12\/Malovana-budka_28_01_2024_rodicdieta-100x100.jpg 100w, https:\/\/tewoo.sk\/wp-content\/uploads\/2023\/12\/Malovana-budka_28_01_2024_rodicdieta.jpg 2000w\" sizes=\"auto, (max-width: 1024px) 100vw, 1024px\" \/><\/figure>\n<\/div>\n\n\n<p><\/p>\n\n\n\n<p class=\"has-text-align-left\"><\/p>\n\n\n\n<div class=\"wp-block-columns is-layout-flex wp-container-core-columns-is-layout-28f84493 wp-block-columns-is-layout-flex\">\n<div class=\"wp-block-column is-layout-flow wp-block-column-is-layout-flow\" style=\"flex-basis:100%\"><\/div>\n<\/div>\n\n\n\n<p><\/p>\n\n\n\n<p><\/p>\n","protected":false},"excerpt":{"rendered":"<p>V pr\u00edpade ak m\u00e1te z\u00e1ujem dost\u00e1va\u0165 upozornenie na pripravovan\u00e9 tvoriv\u00e9 dielne a kurzy, m\u00f4\u017eete ma jednoducho kontaktova\u0165 prostredn\u00edctvom kontaktn\u00e9ho formul\u00e1ra alebo e-mailom. Sta\u010d\u00ed do predmetu uvies\u0165 = &#8222;Tvoriv\u00e1 diel\u0148a, kurzy &#8211; INFO&#8222;. V\u00e1\u0161 e-mail si zaevidujem a pri najbli\u017e\u0161ej pr\u00edle\u017eitosti obdr\u017e\u00edte dostato\u010dne vopred v\u0161etky inform\u00e1cie. Tom\u00e1\u0161 Bodn\u00e1r \/ bodnar@tewoo.sk\/ PRIPRAVOVAN\u00c9 UDALOSTI A TVORIV\u00c9 DIELNE: TVORIV\u00c9 [&hellip;]<\/p>\n","protected":false},"author":1,"featured_media":0,"parent":0,"menu_order":0,"comment_status":"closed","ping_status":"closed","template":"","meta":{"_monsterinsights_skip_tracking":false,"_monsterinsights_sitenote_active":false,"_monsterinsights_sitenote_note":"","_monsterinsights_sitenote_category":0,"ngg_post_thumbnail":0,"footnotes":""},"class_list":["post-1190","page","type-page","status-publish","hentry"],"yoast_head":"<!-- This site is optimized with the Yoast SEO plugin v27.4 - https:\/\/yoast.com\/product\/yoast-seo-wordpress\/ -->\n<title>Tvoriv\u00e1 diel\u0148a, kurzy - Tom\u00e1\u0161 Bodn\u00e1r TeWoo<\/title>\n<meta name=\"robots\" content=\"index, follow, max-snippet:-1, max-image-preview:large, max-video-preview:-1\" \/>\n<link rel=\"canonical\" href=\"https:\/\/tewoo.sk\/?page_id=1190\" \/>\n<meta property=\"og:locale\" content=\"sk_SK\" \/>\n<meta property=\"og:type\" content=\"article\" \/>\n<meta property=\"og:title\" content=\"Tvoriv\u00e1 diel\u0148a, kurzy - Tom\u00e1\u0161 Bodn\u00e1r TeWoo\" \/>\n<meta property=\"og:description\" content=\"V pr\u00edpade ak m\u00e1te z\u00e1ujem dost\u00e1va\u0165 upozornenie na pripravovan\u00e9 tvoriv\u00e9 dielne a kurzy, m\u00f4\u017eete ma jednoducho kontaktova\u0165 prostredn\u00edctvom kontaktn\u00e9ho formul\u00e1ra alebo e-mailom. Sta\u010d\u00ed do predmetu uvies\u0165 = &#8222;Tvoriv\u00e1 diel\u0148a, kurzy &#8211; INFO&#8222;. V\u00e1\u0161 e-mail si zaevidujem a pri najbli\u017e\u0161ej pr\u00edle\u017eitosti obdr\u017e\u00edte dostato\u010dne vopred v\u0161etky inform\u00e1cie. Tom\u00e1\u0161 Bodn\u00e1r \/ bodnar@tewoo.sk\/ PRIPRAVOVAN\u00c9 UDALOSTI A TVORIV\u00c9 DIELNE: TVORIV\u00c9 [&hellip;]\" \/>\n<meta property=\"og:url\" content=\"https:\/\/tewoo.sk\/?page_id=1190\" \/>\n<meta property=\"og:site_name\" content=\"Tom\u00e1\u0161 Bodn\u00e1r TeWoo\" \/>\n<meta property=\"article:publisher\" content=\"https:\/\/www.facebook.com\/tewoo.sk\" \/>\n<meta property=\"article:modified_time\" content=\"2024-08-07T08:42:36+00:00\" \/>\n<meta property=\"og:image\" content=\"https:\/\/www.tewoo.sk\/wp-content\/uploads\/2023\/10\/dielna_prenajom-1-1024x488.jpg\" \/>\n<meta name=\"twitter:card\" content=\"summary_large_image\" \/>\n<meta name=\"twitter:label1\" content=\"Predpokladan\u00fd \u010das \u010d\u00edtania\" \/>\n\t<meta name=\"twitter:data1\" content=\"2 min\u00faty\" \/>\n<script type=\"application\/ld+json\" class=\"yoast-schema-graph\">{\"@context\":\"https:\\\/\\\/schema.org\",\"@graph\":[{\"@type\":\"WebPage\",\"@id\":\"https:\\\/\\\/tewoo.sk\\\/?page_id=1190\",\"url\":\"https:\\\/\\\/tewoo.sk\\\/?page_id=1190\",\"name\":\"Tvoriv\u00e1 diel\u0148a, kurzy - Tom\u00e1\u0161 Bodn\u00e1r TeWoo\",\"isPartOf\":{\"@id\":\"https:\\\/\\\/tewoo.sk\\\/#website\"},\"primaryImageOfPage\":{\"@id\":\"https:\\\/\\\/tewoo.sk\\\/?page_id=1190#primaryimage\"},\"image\":{\"@id\":\"https:\\\/\\\/tewoo.sk\\\/?page_id=1190#primaryimage\"},\"thumbnailUrl\":\"https:\\\/\\\/www.tewoo.sk\\\/wp-content\\\/uploads\\\/2023\\\/10\\\/dielna_prenajom-1-1024x488.jpg\",\"datePublished\":\"2022-05-24T10:39:52+00:00\",\"dateModified\":\"2024-08-07T08:42:36+00:00\",\"breadcrumb\":{\"@id\":\"https:\\\/\\\/tewoo.sk\\\/?page_id=1190#breadcrumb\"},\"inLanguage\":\"sk-SK\",\"potentialAction\":[{\"@type\":\"ReadAction\",\"target\":[\"https:\\\/\\\/tewoo.sk\\\/?page_id=1190\"]}]},{\"@type\":\"ImageObject\",\"inLanguage\":\"sk-SK\",\"@id\":\"https:\\\/\\\/tewoo.sk\\\/?page_id=1190#primaryimage\",\"url\":\"https:\\\/\\\/www.tewoo.sk\\\/wp-content\\\/uploads\\\/2023\\\/10\\\/dielna_prenajom-1-1024x488.jpg\",\"contentUrl\":\"https:\\\/\\\/www.tewoo.sk\\\/wp-content\\\/uploads\\\/2023\\\/10\\\/dielna_prenajom-1-1024x488.jpg\"},{\"@type\":\"BreadcrumbList\",\"@id\":\"https:\\\/\\\/tewoo.sk\\\/?page_id=1190#breadcrumb\",\"itemListElement\":[{\"@type\":\"ListItem\",\"position\":1,\"name\":\"Home\",\"item\":\"https:\\\/\\\/tewoo.sk\\\/\"},{\"@type\":\"ListItem\",\"position\":2,\"name\":\"Tvoriv\u00e1 diel\u0148a, kurzy\"}]},{\"@type\":\"WebSite\",\"@id\":\"https:\\\/\\\/tewoo.sk\\\/#website\",\"url\":\"https:\\\/\\\/tewoo.sk\\\/\",\"name\":\"Drev\u00e1rska diel\u0148a TeWoo\",\"description\":\"V\u00fdrobky z dreva\",\"publisher\":{\"@id\":\"https:\\\/\\\/tewoo.sk\\\/#organization\"},\"potentialAction\":[{\"@type\":\"SearchAction\",\"target\":{\"@type\":\"EntryPoint\",\"urlTemplate\":\"https:\\\/\\\/tewoo.sk\\\/?s={search_term_string}\"},\"query-input\":{\"@type\":\"PropertyValueSpecification\",\"valueRequired\":true,\"valueName\":\"search_term_string\"}}],\"inLanguage\":\"sk-SK\"},{\"@type\":\"Organization\",\"@id\":\"https:\\\/\\\/tewoo.sk\\\/#organization\",\"name\":\"Drev\u00e1rska diel\u0148a TeWoo\",\"url\":\"https:\\\/\\\/tewoo.sk\\\/\",\"logo\":{\"@type\":\"ImageObject\",\"inLanguage\":\"sk-SK\",\"@id\":\"https:\\\/\\\/tewoo.sk\\\/#\\\/schema\\\/logo\\\/image\\\/\",\"url\":\"https:\\\/\\\/tewoo.sk\\\/wp-content\\\/uploads\\\/2021\\\/10\\\/logo-na-web3.png\",\"contentUrl\":\"https:\\\/\\\/tewoo.sk\\\/wp-content\\\/uploads\\\/2021\\\/10\\\/logo-na-web3.png\",\"width\":700,\"height\":700,\"caption\":\"Drev\u00e1rska diel\u0148a TeWoo\"},\"image\":{\"@id\":\"https:\\\/\\\/tewoo.sk\\\/#\\\/schema\\\/logo\\\/image\\\/\"},\"sameAs\":[\"https:\\\/\\\/www.facebook.com\\\/tewoo.sk\",\"https:\\\/\\\/www.instagram.com\\\/tewoo_sk\\\/\",\"https:\\\/\\\/sk.pinterest.com\\\/TewooSK\\\/\"]}]}<\/script>\n<!-- \/ Yoast SEO plugin. -->","yoast_head_json":{"title":"Tvoriv\u00e1 diel\u0148a, kurzy - Tom\u00e1\u0161 Bodn\u00e1r TeWoo","robots":{"index":"index","follow":"follow","max-snippet":"max-snippet:-1","max-image-preview":"max-image-preview:large","max-video-preview":"max-video-preview:-1"},"canonical":"https:\/\/tewoo.sk\/?page_id=1190","og_locale":"sk_SK","og_type":"article","og_title":"Tvoriv\u00e1 diel\u0148a, kurzy - Tom\u00e1\u0161 Bodn\u00e1r TeWoo","og_description":"V pr\u00edpade ak m\u00e1te z\u00e1ujem dost\u00e1va\u0165 upozornenie na pripravovan\u00e9 tvoriv\u00e9 dielne a kurzy, m\u00f4\u017eete ma jednoducho kontaktova\u0165 prostredn\u00edctvom kontaktn\u00e9ho formul\u00e1ra alebo e-mailom. Sta\u010d\u00ed do predmetu uvies\u0165 = &#8222;Tvoriv\u00e1 diel\u0148a, kurzy &#8211; INFO&#8222;. V\u00e1\u0161 e-mail si zaevidujem a pri najbli\u017e\u0161ej pr\u00edle\u017eitosti obdr\u017e\u00edte dostato\u010dne vopred v\u0161etky inform\u00e1cie. Tom\u00e1\u0161 Bodn\u00e1r \/ bodnar@tewoo.sk\/ PRIPRAVOVAN\u00c9 UDALOSTI A TVORIV\u00c9 DIELNE: TVORIV\u00c9 [&hellip;]","og_url":"https:\/\/tewoo.sk\/?page_id=1190","og_site_name":"Tom\u00e1\u0161 Bodn\u00e1r TeWoo","article_publisher":"https:\/\/www.facebook.com\/tewoo.sk","article_modified_time":"2024-08-07T08:42:36+00:00","og_image":[{"url":"https:\/\/www.tewoo.sk\/wp-content\/uploads\/2023\/10\/dielna_prenajom-1-1024x488.jpg","type":"","width":"","height":""}],"twitter_card":"summary_large_image","twitter_misc":{"Predpokladan\u00fd \u010das \u010d\u00edtania":"2 min\u00faty"},"schema":{"@context":"https:\/\/schema.org","@graph":[{"@type":"WebPage","@id":"https:\/\/tewoo.sk\/?page_id=1190","url":"https:\/\/tewoo.sk\/?page_id=1190","name":"Tvoriv\u00e1 diel\u0148a, kurzy - Tom\u00e1\u0161 Bodn\u00e1r TeWoo","isPartOf":{"@id":"https:\/\/tewoo.sk\/#website"},"primaryImageOfPage":{"@id":"https:\/\/tewoo.sk\/?page_id=1190#primaryimage"},"image":{"@id":"https:\/\/tewoo.sk\/?page_id=1190#primaryimage"},"thumbnailUrl":"https:\/\/www.tewoo.sk\/wp-content\/uploads\/2023\/10\/dielna_prenajom-1-1024x488.jpg","datePublished":"2022-05-24T10:39:52+00:00","dateModified":"2024-08-07T08:42:36+00:00","breadcrumb":{"@id":"https:\/\/tewoo.sk\/?page_id=1190#breadcrumb"},"inLanguage":"sk-SK","potentialAction":[{"@type":"ReadAction","target":["https:\/\/tewoo.sk\/?page_id=1190"]}]},{"@type":"ImageObject","inLanguage":"sk-SK","@id":"https:\/\/tewoo.sk\/?page_id=1190#primaryimage","url":"https:\/\/www.tewoo.sk\/wp-content\/uploads\/2023\/10\/dielna_prenajom-1-1024x488.jpg","contentUrl":"https:\/\/www.tewoo.sk\/wp-content\/uploads\/2023\/10\/dielna_prenajom-1-1024x488.jpg"},{"@type":"BreadcrumbList","@id":"https:\/\/tewoo.sk\/?page_id=1190#breadcrumb","itemListElement":[{"@type":"ListItem","position":1,"name":"Home","item":"https:\/\/tewoo.sk\/"},{"@type":"ListItem","position":2,"name":"Tvoriv\u00e1 diel\u0148a, kurzy"}]},{"@type":"WebSite","@id":"https:\/\/tewoo.sk\/#website","url":"https:\/\/tewoo.sk\/","name":"Drev\u00e1rska diel\u0148a TeWoo","description":"V\u00fdrobky z dreva","publisher":{"@id":"https:\/\/tewoo.sk\/#organization"},"potentialAction":[{"@type":"SearchAction","target":{"@type":"EntryPoint","urlTemplate":"https:\/\/tewoo.sk\/?s={search_term_string}"},"query-input":{"@type":"PropertyValueSpecification","valueRequired":true,"valueName":"search_term_string"}}],"inLanguage":"sk-SK"},{"@type":"Organization","@id":"https:\/\/tewoo.sk\/#organization","name":"Drev\u00e1rska diel\u0148a TeWoo","url":"https:\/\/tewoo.sk\/","logo":{"@type":"ImageObject","inLanguage":"sk-SK","@id":"https:\/\/tewoo.sk\/#\/schema\/logo\/image\/","url":"https:\/\/tewoo.sk\/wp-content\/uploads\/2021\/10\/logo-na-web3.png","contentUrl":"https:\/\/tewoo.sk\/wp-content\/uploads\/2021\/10\/logo-na-web3.png","width":700,"height":700,"caption":"Drev\u00e1rska diel\u0148a TeWoo"},"image":{"@id":"https:\/\/tewoo.sk\/#\/schema\/logo\/image\/"},"sameAs":["https:\/\/www.facebook.com\/tewoo.sk","https:\/\/www.instagram.com\/tewoo_sk\/","https:\/\/sk.pinterest.com\/TewooSK\/"]}]}},"jetpack_sharing_enabled":true,"_links":{"self":[{"href":"https:\/\/tewoo.sk\/index.php?rest_route=\/wp\/v2\/pages\/1190","targetHints":{"allow":["GET"]}}],"collection":[{"href":"https:\/\/tewoo.sk\/index.php?rest_route=\/wp\/v2\/pages"}],"about":[{"href":"https:\/\/tewoo.sk\/index.php?rest_route=\/wp\/v2\/types\/page"}],"author":[{"embeddable":true,"href":"https:\/\/tewoo.sk\/index.php?rest_route=\/wp\/v2\/users\/1"}],"replies":[{"embeddable":true,"href":"https:\/\/tewoo.sk\/index.php?rest_route=%2Fwp%2Fv2%2Fcomments&post=1190"}],"version-history":[{"count":5,"href":"https:\/\/tewoo.sk\/index.php?rest_route=\/wp\/v2\/pages\/1190\/revisions"}],"predecessor-version":[{"id":1783,"href":"https:\/\/tewoo.sk\/index.php?rest_route=\/wp\/v2\/pages\/1190\/revisions\/1783"}],"wp:attachment":[{"href":"https:\/\/tewoo.sk\/index.php?rest_route=%2Fwp%2Fv2%2Fmedia&parent=1190"}],"curies":[{"name":"wp","href":"https:\/\/api.w.org\/{rel}","templated":true}]}}