{"id":32,"date":"2014-10-21T15:34:12","date_gmt":"2014-10-21T15:34:12","guid":{"rendered":"http:\/\/demo.themegrill.com\/freedom\/?page_id=32"},"modified":"2024-02-04T01:01:42","modified_gmt":"2024-02-04T00:01:42","slug":"contact","status":"publish","type":"page","link":"https:\/\/tewoo.sk\/?page_id=32","title":{"rendered":"Kontakt"},"content":{"rendered":"\n<div class=\"wp-block-group\"><div class=\"wp-block-group__inner-container is-layout-constrained wp-block-group-is-layout-constrained\">\n<div class=\"wp-block-group is-vertical is-layout-flex wp-container-core-group-is-layout-fe9cc265 wp-block-group-is-layout-flex\">\n<div class=\"wp-block-group is-nowrap is-layout-flex wp-container-core-group-is-layout-6c531013 wp-block-group-is-layout-flex\">\n<p style=\"font-size:25px\"><strong>Tom\u00e1\u0161 Bodn\u00e1r &#8211; TeWoo    <\/strong><\/p>\n<\/div>\n\n\n\n<p class=\"has-normal-font-size\"><strong>bodnar@tewoo.sk <\/strong><\/p>\n\n\n\n<p><strong>+421 908 527 406<\/strong><\/p>\n<\/div>\n<\/div><\/div>\n\n\n\n<div class=\"wp-block-group is-nowrap is-layout-flex wp-container-core-group-is-layout-6c531013 wp-block-group-is-layout-flex\">\n<div class=\"wp-block-group is-nowrap is-layout-flex wp-container-core-group-is-layout-6c531013 wp-block-group-is-layout-flex\"><\/div>\n<\/div>\n\n\n\n<p><\/p>\n\n\n\n<p>&#8212;&#8212;&#8212;&#8212;&#8212;&#8212;&#8212;&#8212;&#8212;&#8212;&#8212;&#8212;&#8212;&#8212;<\/p>\n\n\n\n<p><\/p>\n\n\n\n<p><\/p>\n\n\n\n<p><\/p>\n\n\n\n<p><\/p>\n\n\n\n<p><\/p>\n\n\n\n<p><\/p>\n\n\n\n<p class=\"has-medium-font-size\"><strong>Faktura\u010dn\u00e9 \u00fadaje:<\/strong><\/p>\n\n\n\n<div class=\"wp-block-group is-vertical is-layout-flex wp-container-core-group-is-layout-fe9cc265 wp-block-group-is-layout-flex\">\n<p class=\"has-normal-font-size\"><em><strong>HOBBYBORG s.r.o. <\/strong><\/em><\/p>\n\n\n\n<p class=\"has-normal-font-size\"><em>Pekn\u00edkova 15\/2131<\/em><\/p>\n\n\n\n<p class=\"has-normal-font-size\"><em>84102 Bratislava &#8211; D\u00fabravka<\/em><\/p>\n\n\n\n<p class=\"has-normal-font-size\"><em> I\u010cO:47933241 <\/em><\/p>\n\n\n\n<p class=\"has-normal-font-size\"><em>DI\u010c:2024151261<\/em><\/p>\n<\/div>\n\n\n\n<p style=\"font-size:12px\"><em>Spolo\u010dnos\u0165 je zap\u00edsan\u00e1 v obchodnom registri<\/em> <em> Okresn\u00e9ho s\u00fadu Bratislava l, Vlo\u017eka \u010d\u00edslo: 101004\/B<\/em><\/p>\n","protected":false},"excerpt":{"rendered":"<p>Tom\u00e1\u0161 Bodn\u00e1r &#8211; TeWoo bodnar@tewoo.sk +421 908 527 406 &#8212;&#8212;&#8212;&#8212;&#8212;&#8212;&#8212;&#8212;&#8212;&#8212;&#8212;&#8212;&#8212;&#8212; Faktura\u010dn\u00e9 \u00fadaje: HOBBYBORG s.r.o. Pekn\u00edkova 15\/2131 84102 Bratislava &#8211; D\u00fabravka I\u010cO:47933241 DI\u010c:2024151261 Spolo\u010dnos\u0165 je zap\u00edsan\u00e1 v obchodnom registri Okresn\u00e9ho s\u00fadu Bratislava l, Vlo\u017eka \u010d\u00edslo: 101004\/B<\/p>\n","protected":false},"author":1,"featured_media":0,"parent":0,"menu_order":0,"comment_status":"closed","ping_status":"closed","template":"","meta":{"_monsterinsights_skip_tracking":false,"_monsterinsights_sitenote_active":false,"_monsterinsights_sitenote_note":"","_monsterinsights_sitenote_category":0,"ngg_post_thumbnail":0,"footnotes":""},"class_list":["post-32","page","type-page","status-publish","hentry"],"yoast_head":"<!-- This site is optimized with the Yoast SEO plugin v27.4 - https:\/\/yoast.com\/product\/yoast-seo-wordpress\/ -->\n<title>Kontakt - Tom\u00e1\u0161 Bodn\u00e1r TeWoo<\/title>\n<meta name=\"robots\" content=\"index, follow, max-snippet:-1, max-image-preview:large, max-video-preview:-1\" \/>\n<link rel=\"canonical\" href=\"https:\/\/tewoo.sk\/?page_id=32\" \/>\n<meta property=\"og:locale\" content=\"sk_SK\" \/>\n<meta property=\"og:type\" content=\"article\" \/>\n<meta property=\"og:title\" content=\"Kontakt - Tom\u00e1\u0161 Bodn\u00e1r TeWoo\" \/>\n<meta property=\"og:description\" content=\"Tom\u00e1\u0161 Bodn\u00e1r &#8211; TeWoo bodnar@tewoo.sk +421 908 527 406 &#8212;&#8212;&#8212;&#8212;&#8212;&#8212;&#8212;&#8212;&#8212;&#8212;&#8212;&#8212;&#8212;&#8212; Faktura\u010dn\u00e9 \u00fadaje: HOBBYBORG s.r.o. Pekn\u00edkova 15\/2131 84102 Bratislava &#8211; D\u00fabravka I\u010cO:47933241 DI\u010c:2024151261 Spolo\u010dnos\u0165 je zap\u00edsan\u00e1 v obchodnom registri Okresn\u00e9ho s\u00fadu Bratislava l, Vlo\u017eka \u010d\u00edslo: 101004\/B\" \/>\n<meta property=\"og:url\" content=\"https:\/\/tewoo.sk\/?page_id=32\" \/>\n<meta property=\"og:site_name\" content=\"Tom\u00e1\u0161 Bodn\u00e1r TeWoo\" \/>\n<meta property=\"article:publisher\" content=\"https:\/\/www.facebook.com\/tewoo.sk\" \/>\n<meta property=\"article:modified_time\" content=\"2024-02-04T00:01:42+00:00\" \/>\n<meta name=\"twitter:card\" content=\"summary_large_image\" \/>\n<meta name=\"twitter:label1\" content=\"Predpokladan\u00fd \u010das \u010d\u00edtania\" \/>\n\t<meta name=\"twitter:data1\" content=\"1 min\u00fata\" \/>\n<script type=\"application\/ld+json\" class=\"yoast-schema-graph\">{\"@context\":\"https:\\\/\\\/schema.org\",\"@graph\":[{\"@type\":\"WebPage\",\"@id\":\"https:\\\/\\\/tewoo.sk\\\/?page_id=32\",\"url\":\"https:\\\/\\\/tewoo.sk\\\/?page_id=32\",\"name\":\"Kontakt - Tom\u00e1\u0161 Bodn\u00e1r TeWoo\",\"isPartOf\":{\"@id\":\"https:\\\/\\\/tewoo.sk\\\/#website\"},\"datePublished\":\"2014-10-21T15:34:12+00:00\",\"dateModified\":\"2024-02-04T00:01:42+00:00\",\"breadcrumb\":{\"@id\":\"https:\\\/\\\/tewoo.sk\\\/?page_id=32#breadcrumb\"},\"inLanguage\":\"sk-SK\",\"potentialAction\":[{\"@type\":\"ReadAction\",\"target\":[\"https:\\\/\\\/tewoo.sk\\\/?page_id=32\"]}]},{\"@type\":\"BreadcrumbList\",\"@id\":\"https:\\\/\\\/tewoo.sk\\\/?page_id=32#breadcrumb\",\"itemListElement\":[{\"@type\":\"ListItem\",\"position\":1,\"name\":\"Home\",\"item\":\"https:\\\/\\\/tewoo.sk\\\/\"},{\"@type\":\"ListItem\",\"position\":2,\"name\":\"Kontakt\"}]},{\"@type\":\"WebSite\",\"@id\":\"https:\\\/\\\/tewoo.sk\\\/#website\",\"url\":\"https:\\\/\\\/tewoo.sk\\\/\",\"name\":\"Drev\u00e1rska diel\u0148a TeWoo\",\"description\":\"V\u00fdrobky z dreva\",\"publisher\":{\"@id\":\"https:\\\/\\\/tewoo.sk\\\/#organization\"},\"potentialAction\":[{\"@type\":\"SearchAction\",\"target\":{\"@type\":\"EntryPoint\",\"urlTemplate\":\"https:\\\/\\\/tewoo.sk\\\/?s={search_term_string}\"},\"query-input\":{\"@type\":\"PropertyValueSpecification\",\"valueRequired\":true,\"valueName\":\"search_term_string\"}}],\"inLanguage\":\"sk-SK\"},{\"@type\":\"Organization\",\"@id\":\"https:\\\/\\\/tewoo.sk\\\/#organization\",\"name\":\"Drev\u00e1rska diel\u0148a TeWoo\",\"url\":\"https:\\\/\\\/tewoo.sk\\\/\",\"logo\":{\"@type\":\"ImageObject\",\"inLanguage\":\"sk-SK\",\"@id\":\"https:\\\/\\\/tewoo.sk\\\/#\\\/schema\\\/logo\\\/image\\\/\",\"url\":\"https:\\\/\\\/tewoo.sk\\\/wp-content\\\/uploads\\\/2021\\\/10\\\/logo-na-web3.png\",\"contentUrl\":\"https:\\\/\\\/tewoo.sk\\\/wp-content\\\/uploads\\\/2021\\\/10\\\/logo-na-web3.png\",\"width\":700,\"height\":700,\"caption\":\"Drev\u00e1rska diel\u0148a TeWoo\"},\"image\":{\"@id\":\"https:\\\/\\\/tewoo.sk\\\/#\\\/schema\\\/logo\\\/image\\\/\"},\"sameAs\":[\"https:\\\/\\\/www.facebook.com\\\/tewoo.sk\",\"https:\\\/\\\/www.instagram.com\\\/tewoo_sk\\\/\",\"https:\\\/\\\/sk.pinterest.com\\\/TewooSK\\\/\"]}]}<\/script>\n<!-- \/ Yoast SEO plugin. -->","yoast_head_json":{"title":"Kontakt - Tom\u00e1\u0161 Bodn\u00e1r TeWoo","robots":{"index":"index","follow":"follow","max-snippet":"max-snippet:-1","max-image-preview":"max-image-preview:large","max-video-preview":"max-video-preview:-1"},"canonical":"https:\/\/tewoo.sk\/?page_id=32","og_locale":"sk_SK","og_type":"article","og_title":"Kontakt - Tom\u00e1\u0161 Bodn\u00e1r TeWoo","og_description":"Tom\u00e1\u0161 Bodn\u00e1r &#8211; TeWoo bodnar@tewoo.sk +421 908 527 406 &#8212;&#8212;&#8212;&#8212;&#8212;&#8212;&#8212;&#8212;&#8212;&#8212;&#8212;&#8212;&#8212;&#8212; Faktura\u010dn\u00e9 \u00fadaje: HOBBYBORG s.r.o. Pekn\u00edkova 15\/2131 84102 Bratislava &#8211; D\u00fabravka I\u010cO:47933241 DI\u010c:2024151261 Spolo\u010dnos\u0165 je zap\u00edsan\u00e1 v obchodnom registri Okresn\u00e9ho s\u00fadu Bratislava l, Vlo\u017eka \u010d\u00edslo: 101004\/B","og_url":"https:\/\/tewoo.sk\/?page_id=32","og_site_name":"Tom\u00e1\u0161 Bodn\u00e1r TeWoo","article_publisher":"https:\/\/www.facebook.com\/tewoo.sk","article_modified_time":"2024-02-04T00:01:42+00:00","twitter_card":"summary_large_image","twitter_misc":{"Predpokladan\u00fd \u010das \u010d\u00edtania":"1 min\u00fata"},"schema":{"@context":"https:\/\/schema.org","@graph":[{"@type":"WebPage","@id":"https:\/\/tewoo.sk\/?page_id=32","url":"https:\/\/tewoo.sk\/?page_id=32","name":"Kontakt - Tom\u00e1\u0161 Bodn\u00e1r TeWoo","isPartOf":{"@id":"https:\/\/tewoo.sk\/#website"},"datePublished":"2014-10-21T15:34:12+00:00","dateModified":"2024-02-04T00:01:42+00:00","breadcrumb":{"@id":"https:\/\/tewoo.sk\/?page_id=32#breadcrumb"},"inLanguage":"sk-SK","potentialAction":[{"@type":"ReadAction","target":["https:\/\/tewoo.sk\/?page_id=32"]}]},{"@type":"BreadcrumbList","@id":"https:\/\/tewoo.sk\/?page_id=32#breadcrumb","itemListElement":[{"@type":"ListItem","position":1,"name":"Home","item":"https:\/\/tewoo.sk\/"},{"@type":"ListItem","position":2,"name":"Kontakt"}]},{"@type":"WebSite","@id":"https:\/\/tewoo.sk\/#website","url":"https:\/\/tewoo.sk\/","name":"Drev\u00e1rska diel\u0148a TeWoo","description":"V\u00fdrobky z dreva","publisher":{"@id":"https:\/\/tewoo.sk\/#organization"},"potentialAction":[{"@type":"SearchAction","target":{"@type":"EntryPoint","urlTemplate":"https:\/\/tewoo.sk\/?s={search_term_string}"},"query-input":{"@type":"PropertyValueSpecification","valueRequired":true,"valueName":"search_term_string"}}],"inLanguage":"sk-SK"},{"@type":"Organization","@id":"https:\/\/tewoo.sk\/#organization","name":"Drev\u00e1rska diel\u0148a TeWoo","url":"https:\/\/tewoo.sk\/","logo":{"@type":"ImageObject","inLanguage":"sk-SK","@id":"https:\/\/tewoo.sk\/#\/schema\/logo\/image\/","url":"https:\/\/tewoo.sk\/wp-content\/uploads\/2021\/10\/logo-na-web3.png","contentUrl":"https:\/\/tewoo.sk\/wp-content\/uploads\/2021\/10\/logo-na-web3.png","width":700,"height":700,"caption":"Drev\u00e1rska diel\u0148a TeWoo"},"image":{"@id":"https:\/\/tewoo.sk\/#\/schema\/logo\/image\/"},"sameAs":["https:\/\/www.facebook.com\/tewoo.sk","https:\/\/www.instagram.com\/tewoo_sk\/","https:\/\/sk.pinterest.com\/TewooSK\/"]}]}},"jetpack_sharing_enabled":true,"_links":{"self":[{"href":"https:\/\/tewoo.sk\/index.php?rest_route=\/wp\/v2\/pages\/32","targetHints":{"allow":["GET"]}}],"collection":[{"href":"https:\/\/tewoo.sk\/index.php?rest_route=\/wp\/v2\/pages"}],"about":[{"href":"https:\/\/tewoo.sk\/index.php?rest_route=\/wp\/v2\/types\/page"}],"author":[{"embeddable":true,"href":"https:\/\/tewoo.sk\/index.php?rest_route=\/wp\/v2\/users\/1"}],"replies":[{"embeddable":true,"href":"https:\/\/tewoo.sk\/index.php?rest_route=%2Fwp%2Fv2%2Fcomments&post=32"}],"version-history":[{"count":6,"href":"https:\/\/tewoo.sk\/index.php?rest_route=\/wp\/v2\/pages\/32\/revisions"}],"predecessor-version":[{"id":1711,"href":"https:\/\/tewoo.sk\/index.php?rest_route=\/wp\/v2\/pages\/32\/revisions\/1711"}],"wp:attachment":[{"href":"https:\/\/tewoo.sk\/index.php?rest_route=%2Fwp%2Fv2%2Fmedia&parent=32"}],"curies":[{"name":"wp","href":"https:\/\/api.w.org\/{rel}","templated":true}]}}