{"id":1143,"date":"2022-05-12T10:12:41","date_gmt":"2022-05-12T08:12:41","guid":{"rendered":"https:\/\/www.tewoo.sk\/web\/?post_type=product&#038;p=1143"},"modified":"2025-11-09T13:31:00","modified_gmt":"2025-11-09T12:31:00","slug":"drevene-balancne-kamene-sada-12ks","status":"publish","type":"product","link":"https:\/\/tewoo.sk\/?product=drevene-balancne-kamene-sada-12ks","title":{"rendered":"Dreven\u00e9 balan\u010dn\u00e9 kamene, sada 12ks"},"content":{"rendered":"<p>Ru\u010dne vyr\u00e1ban\u00e9 dreven\u00e9 balan\u010dn\u00e9 kamene pre deti aj dospel\u00fdch. Rozv\u00edja kreativitu, trpezlivos\u0165, jemn\u00fa motoriku. Uk\u013eud\u0148uje myse\u013e a z\u00e1bavka s t\u00fdmito kame\u0148mi v\u00e1s zaru\u010dene zbav\u00ed stresu (aj vo\u013en\u00e9ho \u010dasu, ke\u010f si to neustr\u00e1\u017eite &#8211; pozor je to n\u00e1vykov\u00e9 \ud83d\ude42 )<\/p>\n<p>Sada obsahuje 12ks a je to zmes r\u00f4znych drev\u00edn.<\/p>\n<p>Ponuka drev\u00edn nie je v\u017edy rovnak\u00e1, z\u00e1vis\u00ed na dostupnosti r\u00f4znych druhov v dielni. Sna\u017e\u00edm sa do ka\u017edej sady da\u0165 \u010do najviac druhov drev\u00edn ale pri 12tich kusoch je mo\u017en\u00e9 \u017ee sa niektor\u00e9 dreviny ob\u010das aj opakuj\u00fa. Ani tvary nie s\u00fa rovnak\u00e9 a ka\u017ed\u00fd jeden vyroben\u00fd kus je jedine\u010dn\u00fd, nen\u00e1jde sa nikdy&nbsp; \u00faplne tak\u00fd ist\u00fd.<\/p>\n<p>Drevo o\u0161etrujem vlastn\u00fdm pr\u00edrodn\u00fdm &#8222;maslom na drevo&#8220; &#8211; zmes v\u010delieho vosku a kokosov\u00e9ho oleja.<\/p>\n<p>Dreviny ktor\u00e9 m\u00f4\u017eete v sade n\u00e1js\u0165 : Orech, Orech americk\u00fd, Jase\u0148, Buk, Dub, Jel\u0161a, Borovica, Smrek, Marhu\u013ea, Slivka, Hru\u0161ka, \u010cere\u0161\u0148a, Javor a in\u00e9<\/p>\n<p>Sady vyber\u00e1m a posielam n\u00e1hodne, fotky s\u00fa ilustra\u010dn\u00e9.<\/p>\n<p>Pokia\u013e m\u00e1te z\u00e1ujem o v\u00fdber konkr\u00e9tnej sady&nbsp; &#8211; pod\u013ea kresby dreva, druhov drev\u00edn&nbsp; at\u010f.&nbsp; , nev\u00e1hajte ma kontaktova\u0165. Je mo\u017en\u00fd aj osobn\u00fd odber alebo viem zasla\u0165 fotky.&nbsp;<\/p>\n","protected":false},"excerpt":{"rendered":"<p>Ru\u010dne vyr\u00e1ban\u00e9 dreven\u00e9 balan\u010dn\u00e9 kamene pre deti aj dospel\u00fdch. Rozv\u00edja kreativitu, trpezlivos\u0165, jemn\u00fa motoriku. Uk\u013eud\u0148uje myse\u013e a z\u00e1bavka s t\u00fdmito kame\u0148mi v\u00e1s zaru\u010dene zbav\u00ed stresu (aj vo\u013en\u00e9ho \u010dasu, ke\u010f si to neustr\u00e1\u017eite &#8211; pozor je to n\u00e1vykov\u00e9 \ud83d\ude42 ) Sada obsahuje 12ks a je to zmes r\u00f4znych drev\u00edn. Ponuka drev\u00edn nie je v\u017edy rovnak\u00e1, z\u00e1vis\u00ed [&hellip;]<\/p>\n","protected":false},"featured_media":1238,"comment_status":"open","ping_status":"closed","template":"","meta":{"_monsterinsights_skip_tracking":false,"_monsterinsights_sitenote_active":false,"_monsterinsights_sitenote_note":"","_monsterinsights_sitenote_category":0,"ngg_post_thumbnail":0},"product_brand":[],"product_cat":[45],"product_tag":[],"class_list":{"0":"post-1143","1":"product","2":"type-product","3":"status-publish","4":"has-post-thumbnail","6":"product_cat-drobnosti-darceky","8":"first","9":"instock","10":"shipping-taxable","11":"purchasable","12":"product-type-simple"},"yoast_head":"<!-- This site is optimized with the Yoast SEO plugin v27.4 - https:\/\/yoast.com\/product\/yoast-seo-wordpress\/ -->\n<title>Dreven\u00e9 balan\u010dn\u00e9 kamene, sada 12ks - Tom\u00e1\u0161 Bodn\u00e1r TeWoo<\/title>\n<meta name=\"robots\" content=\"index, follow, max-snippet:-1, max-image-preview:large, max-video-preview:-1\" \/>\n<link rel=\"canonical\" href=\"https:\/\/tewoo.sk\/?product=drevene-balancne-kamene-sada-12ks\" \/>\n<meta property=\"og:locale\" content=\"sk_SK\" \/>\n<meta property=\"og:type\" content=\"article\" \/>\n<meta property=\"og:title\" content=\"Dreven\u00e9 balan\u010dn\u00e9 kamene, sada 12ks - Tom\u00e1\u0161 Bodn\u00e1r TeWoo\" \/>\n<meta property=\"og:description\" content=\"Ru\u010dne vyr\u00e1ban\u00e9 dreven\u00e9 balan\u010dn\u00e9 kamene pre deti aj dospel\u00fdch. Rozv\u00edja kreativitu, trpezlivos\u0165, jemn\u00fa motoriku. Uk\u013eud\u0148uje myse\u013e a z\u00e1bavka s t\u00fdmito kame\u0148mi v\u00e1s zaru\u010dene zbav\u00ed stresu (aj vo\u013en\u00e9ho \u010dasu, ke\u010f si to neustr\u00e1\u017eite &#8211; pozor je to n\u00e1vykov\u00e9 \ud83d\ude42 ) Sada obsahuje 12ks a je to zmes r\u00f4znych drev\u00edn. Ponuka drev\u00edn nie je v\u017edy rovnak\u00e1, z\u00e1vis\u00ed [&hellip;]\" \/>\n<meta property=\"og:url\" content=\"https:\/\/tewoo.sk\/?product=drevene-balancne-kamene-sada-12ks\" \/>\n<meta property=\"og:site_name\" content=\"Tom\u00e1\u0161 Bodn\u00e1r TeWoo\" \/>\n<meta property=\"article:publisher\" content=\"https:\/\/www.facebook.com\/tewoo.sk\" \/>\n<meta property=\"article:modified_time\" content=\"2025-11-09T12:31:00+00:00\" \/>\n<meta property=\"og:image\" content=\"https:\/\/tewoo.sk\/wp-content\/uploads\/2022\/05\/balancing_stomes_05-1024x1024.jpg\" \/>\n\t<meta property=\"og:image:width\" content=\"1024\" \/>\n\t<meta property=\"og:image:height\" content=\"1024\" \/>\n\t<meta property=\"og:image:type\" content=\"image\/jpeg\" \/>\n<meta name=\"twitter:card\" content=\"summary_large_image\" \/>\n<meta name=\"twitter:label1\" content=\"Predpokladan\u00fd \u010das \u010d\u00edtania\" \/>\n\t<meta name=\"twitter:data1\" content=\"1 min\u00fata\" \/>\n<script type=\"application\/ld+json\" class=\"yoast-schema-graph\">{\"@context\":\"https:\\\/\\\/schema.org\",\"@graph\":[{\"@type\":\"WebPage\",\"@id\":\"https:\\\/\\\/tewoo.sk\\\/?product=drevene-balancne-kamene-sada-12ks\",\"url\":\"https:\\\/\\\/tewoo.sk\\\/?product=drevene-balancne-kamene-sada-12ks\",\"name\":\"Dreven\u00e9 balan\u010dn\u00e9 kamene, sada 12ks - Tom\u00e1\u0161 Bodn\u00e1r TeWoo\",\"isPartOf\":{\"@id\":\"https:\\\/\\\/tewoo.sk\\\/#website\"},\"primaryImageOfPage\":{\"@id\":\"https:\\\/\\\/tewoo.sk\\\/?product=drevene-balancne-kamene-sada-12ks#primaryimage\"},\"image\":{\"@id\":\"https:\\\/\\\/tewoo.sk\\\/?product=drevene-balancne-kamene-sada-12ks#primaryimage\"},\"thumbnailUrl\":\"https:\\\/\\\/tewoo.sk\\\/wp-content\\\/uploads\\\/2022\\\/05\\\/balancing_stomes_05.jpg\",\"datePublished\":\"2022-05-12T08:12:41+00:00\",\"dateModified\":\"2025-11-09T12:31:00+00:00\",\"breadcrumb\":{\"@id\":\"https:\\\/\\\/tewoo.sk\\\/?product=drevene-balancne-kamene-sada-12ks#breadcrumb\"},\"inLanguage\":\"sk-SK\",\"potentialAction\":[{\"@type\":\"ReadAction\",\"target\":[\"https:\\\/\\\/tewoo.sk\\\/?product=drevene-balancne-kamene-sada-12ks\"]}]},{\"@type\":\"ImageObject\",\"inLanguage\":\"sk-SK\",\"@id\":\"https:\\\/\\\/tewoo.sk\\\/?product=drevene-balancne-kamene-sada-12ks#primaryimage\",\"url\":\"https:\\\/\\\/tewoo.sk\\\/wp-content\\\/uploads\\\/2022\\\/05\\\/balancing_stomes_05.jpg\",\"contentUrl\":\"https:\\\/\\\/tewoo.sk\\\/wp-content\\\/uploads\\\/2022\\\/05\\\/balancing_stomes_05.jpg\",\"width\":2000,\"height\":2000},{\"@type\":\"BreadcrumbList\",\"@id\":\"https:\\\/\\\/tewoo.sk\\\/?product=drevene-balancne-kamene-sada-12ks#breadcrumb\",\"itemListElement\":[{\"@type\":\"ListItem\",\"position\":1,\"name\":\"Home\",\"item\":\"https:\\\/\\\/tewoo.sk\\\/\"},{\"@type\":\"ListItem\",\"position\":2,\"name\":\"Obchod\",\"item\":\"https:\\\/\\\/tewoo.sk\\\/?page_id=165\"},{\"@type\":\"ListItem\",\"position\":3,\"name\":\"Dreven\u00e9 balan\u010dn\u00e9 kamene, sada 12ks\"}]},{\"@type\":\"WebSite\",\"@id\":\"https:\\\/\\\/tewoo.sk\\\/#website\",\"url\":\"https:\\\/\\\/tewoo.sk\\\/\",\"name\":\"Drev\u00e1rska diel\u0148a TeWoo\",\"description\":\"V\u00fdrobky z dreva\",\"publisher\":{\"@id\":\"https:\\\/\\\/tewoo.sk\\\/#organization\"},\"potentialAction\":[{\"@type\":\"SearchAction\",\"target\":{\"@type\":\"EntryPoint\",\"urlTemplate\":\"https:\\\/\\\/tewoo.sk\\\/?s={search_term_string}\"},\"query-input\":{\"@type\":\"PropertyValueSpecification\",\"valueRequired\":true,\"valueName\":\"search_term_string\"}}],\"inLanguage\":\"sk-SK\"},{\"@type\":\"Organization\",\"@id\":\"https:\\\/\\\/tewoo.sk\\\/#organization\",\"name\":\"Drev\u00e1rska diel\u0148a TeWoo\",\"url\":\"https:\\\/\\\/tewoo.sk\\\/\",\"logo\":{\"@type\":\"ImageObject\",\"inLanguage\":\"sk-SK\",\"@id\":\"https:\\\/\\\/tewoo.sk\\\/#\\\/schema\\\/logo\\\/image\\\/\",\"url\":\"https:\\\/\\\/tewoo.sk\\\/wp-content\\\/uploads\\\/2021\\\/10\\\/logo-na-web3.png\",\"contentUrl\":\"https:\\\/\\\/tewoo.sk\\\/wp-content\\\/uploads\\\/2021\\\/10\\\/logo-na-web3.png\",\"width\":700,\"height\":700,\"caption\":\"Drev\u00e1rska diel\u0148a TeWoo\"},\"image\":{\"@id\":\"https:\\\/\\\/tewoo.sk\\\/#\\\/schema\\\/logo\\\/image\\\/\"},\"sameAs\":[\"https:\\\/\\\/www.facebook.com\\\/tewoo.sk\",\"https:\\\/\\\/www.instagram.com\\\/tewoo_sk\\\/\",\"https:\\\/\\\/sk.pinterest.com\\\/TewooSK\\\/\"]}]}<\/script>\n<!-- \/ Yoast SEO plugin. -->","yoast_head_json":{"title":"Dreven\u00e9 balan\u010dn\u00e9 kamene, sada 12ks - Tom\u00e1\u0161 Bodn\u00e1r TeWoo","robots":{"index":"index","follow":"follow","max-snippet":"max-snippet:-1","max-image-preview":"max-image-preview:large","max-video-preview":"max-video-preview:-1"},"canonical":"https:\/\/tewoo.sk\/?product=drevene-balancne-kamene-sada-12ks","og_locale":"sk_SK","og_type":"article","og_title":"Dreven\u00e9 balan\u010dn\u00e9 kamene, sada 12ks - Tom\u00e1\u0161 Bodn\u00e1r TeWoo","og_description":"Ru\u010dne vyr\u00e1ban\u00e9 dreven\u00e9 balan\u010dn\u00e9 kamene pre deti aj dospel\u00fdch. Rozv\u00edja kreativitu, trpezlivos\u0165, jemn\u00fa motoriku. Uk\u013eud\u0148uje myse\u013e a z\u00e1bavka s t\u00fdmito kame\u0148mi v\u00e1s zaru\u010dene zbav\u00ed stresu (aj vo\u013en\u00e9ho \u010dasu, ke\u010f si to neustr\u00e1\u017eite &#8211; pozor je to n\u00e1vykov\u00e9 \ud83d\ude42 ) Sada obsahuje 12ks a je to zmes r\u00f4znych drev\u00edn. Ponuka drev\u00edn nie je v\u017edy rovnak\u00e1, z\u00e1vis\u00ed [&hellip;]","og_url":"https:\/\/tewoo.sk\/?product=drevene-balancne-kamene-sada-12ks","og_site_name":"Tom\u00e1\u0161 Bodn\u00e1r TeWoo","article_publisher":"https:\/\/www.facebook.com\/tewoo.sk","article_modified_time":"2025-11-09T12:31:00+00:00","og_image":[{"width":1024,"height":1024,"url":"https:\/\/tewoo.sk\/wp-content\/uploads\/2022\/05\/balancing_stomes_05-1024x1024.jpg","type":"image\/jpeg"}],"twitter_card":"summary_large_image","twitter_misc":{"Predpokladan\u00fd \u010das \u010d\u00edtania":"1 min\u00fata"},"schema":{"@context":"https:\/\/schema.org","@graph":[{"@type":"WebPage","@id":"https:\/\/tewoo.sk\/?product=drevene-balancne-kamene-sada-12ks","url":"https:\/\/tewoo.sk\/?product=drevene-balancne-kamene-sada-12ks","name":"Dreven\u00e9 balan\u010dn\u00e9 kamene, sada 12ks - Tom\u00e1\u0161 Bodn\u00e1r TeWoo","isPartOf":{"@id":"https:\/\/tewoo.sk\/#website"},"primaryImageOfPage":{"@id":"https:\/\/tewoo.sk\/?product=drevene-balancne-kamene-sada-12ks#primaryimage"},"image":{"@id":"https:\/\/tewoo.sk\/?product=drevene-balancne-kamene-sada-12ks#primaryimage"},"thumbnailUrl":"https:\/\/tewoo.sk\/wp-content\/uploads\/2022\/05\/balancing_stomes_05.jpg","datePublished":"2022-05-12T08:12:41+00:00","dateModified":"2025-11-09T12:31:00+00:00","breadcrumb":{"@id":"https:\/\/tewoo.sk\/?product=drevene-balancne-kamene-sada-12ks#breadcrumb"},"inLanguage":"sk-SK","potentialAction":[{"@type":"ReadAction","target":["https:\/\/tewoo.sk\/?product=drevene-balancne-kamene-sada-12ks"]}]},{"@type":"ImageObject","inLanguage":"sk-SK","@id":"https:\/\/tewoo.sk\/?product=drevene-balancne-kamene-sada-12ks#primaryimage","url":"https:\/\/tewoo.sk\/wp-content\/uploads\/2022\/05\/balancing_stomes_05.jpg","contentUrl":"https:\/\/tewoo.sk\/wp-content\/uploads\/2022\/05\/balancing_stomes_05.jpg","width":2000,"height":2000},{"@type":"BreadcrumbList","@id":"https:\/\/tewoo.sk\/?product=drevene-balancne-kamene-sada-12ks#breadcrumb","itemListElement":[{"@type":"ListItem","position":1,"name":"Home","item":"https:\/\/tewoo.sk\/"},{"@type":"ListItem","position":2,"name":"Obchod","item":"https:\/\/tewoo.sk\/?page_id=165"},{"@type":"ListItem","position":3,"name":"Dreven\u00e9 balan\u010dn\u00e9 kamene, sada 12ks"}]},{"@type":"WebSite","@id":"https:\/\/tewoo.sk\/#website","url":"https:\/\/tewoo.sk\/","name":"Drev\u00e1rska diel\u0148a TeWoo","description":"V\u00fdrobky z dreva","publisher":{"@id":"https:\/\/tewoo.sk\/#organization"},"potentialAction":[{"@type":"SearchAction","target":{"@type":"EntryPoint","urlTemplate":"https:\/\/tewoo.sk\/?s={search_term_string}"},"query-input":{"@type":"PropertyValueSpecification","valueRequired":true,"valueName":"search_term_string"}}],"inLanguage":"sk-SK"},{"@type":"Organization","@id":"https:\/\/tewoo.sk\/#organization","name":"Drev\u00e1rska diel\u0148a TeWoo","url":"https:\/\/tewoo.sk\/","logo":{"@type":"ImageObject","inLanguage":"sk-SK","@id":"https:\/\/tewoo.sk\/#\/schema\/logo\/image\/","url":"https:\/\/tewoo.sk\/wp-content\/uploads\/2021\/10\/logo-na-web3.png","contentUrl":"https:\/\/tewoo.sk\/wp-content\/uploads\/2021\/10\/logo-na-web3.png","width":700,"height":700,"caption":"Drev\u00e1rska diel\u0148a TeWoo"},"image":{"@id":"https:\/\/tewoo.sk\/#\/schema\/logo\/image\/"},"sameAs":["https:\/\/www.facebook.com\/tewoo.sk","https:\/\/www.instagram.com\/tewoo_sk\/","https:\/\/sk.pinterest.com\/TewooSK\/"]}]}},"jetpack_sharing_enabled":true,"_links":{"self":[{"href":"https:\/\/tewoo.sk\/index.php?rest_route=\/wp\/v2\/product\/1143","targetHints":{"allow":["GET"]}}],"collection":[{"href":"https:\/\/tewoo.sk\/index.php?rest_route=\/wp\/v2\/product"}],"about":[{"href":"https:\/\/tewoo.sk\/index.php?rest_route=\/wp\/v2\/types\/product"}],"replies":[{"embeddable":true,"href":"https:\/\/tewoo.sk\/index.php?rest_route=%2Fwp%2Fv2%2Fcomments&post=1143"}],"wp:featuredmedia":[{"embeddable":true,"href":"https:\/\/tewoo.sk\/index.php?rest_route=\/wp\/v2\/media\/1238"}],"wp:attachment":[{"href":"https:\/\/tewoo.sk\/index.php?rest_route=%2Fwp%2Fv2%2Fmedia&parent=1143"}],"wp:term":[{"taxonomy":"product_brand","embeddable":true,"href":"https:\/\/tewoo.sk\/index.php?rest_route=%2Fwp%2Fv2%2Fproduct_brand&post=1143"},{"taxonomy":"product_cat","embeddable":true,"href":"https:\/\/tewoo.sk\/index.php?rest_route=%2Fwp%2Fv2%2Fproduct_cat&post=1143"},{"taxonomy":"product_tag","embeddable":true,"href":"https:\/\/tewoo.sk\/index.php?rest_route=%2Fwp%2Fv2%2Fproduct_tag&post=1143"}],"curies":[{"name":"wp","href":"https:\/\/api.w.org\/{rel}","templated":true}]}}