{"id":1257,"date":"2022-10-20T10:23:09","date_gmt":"2022-10-20T08:23:09","guid":{"rendered":"https:\/\/www.tewoo.sk\/?post_type=product&#038;p=1257"},"modified":"2025-12-24T20:15:32","modified_gmt":"2025-12-24T19:15:32","slug":"gagoriky-doska-na-vyrobu-cestovin","status":"publish","type":"product","link":"https:\/\/tewoo.sk\/?product=gagoriky-doska-na-vyrobu-cestovin","title":{"rendered":"G\u00c1GOR\u00cdKY &#8211; doska na v\u00fdrobu cestov\u00edn"},"content":{"rendered":"<p>G\u00c1GOR\u00cdKY &#8211; je \u013eudov\u00fd n\u00e1zov tradi\u010dn\u00fdch ru\u010dne vyr\u00e1ban\u00fdch cestov\u00edn. Sviato\u010dn\u00e9 cestoviny do polievky, kedysi vyr\u00e1ban\u00e9 a konzumovan\u00e9 po\u010das v\u00fdznamn\u00fdch udalost\u00ed v rodine alebo sviatkov. V mnoh\u00fdch rodin\u00e1ch, ako napr\u00edklad v tej na\u0161ej \ud83d\ude42 trad\u00edcia pre\u017eila dodnes.<\/p>\n<p>G\u00e1gor\u00edky, alebo aj &#8222;frkac\u00fale&#8220;, &#8222;brdovce&#8220;, &#8222;brdliky&#8220; \u010di z ma\u010far\u010diny &#8211; &#8222;\u010diga&#8220; s\u00fa konkr\u00e9tne cestoviny s p\u00e1sikav\u00fdm vzorom. Vyr\u00e1bali sa pomocou brda z tk\u00e1\u010d\u0161keho stavu a pali\u010dky (na doske je to vzor s n\u00e1pisom &#8222;GAGORIKY&#8220;)&nbsp;&nbsp;V\u0161etky ostatn\u00e9 vzory &#8211; spolu je ich na doske 6 &#8211;&nbsp; som doplnil pre \u010fal\u0161ie spestrenie taniera. Okrem cestov\u00edn do polievky na doske \u013eahko vyrob\u00edte aj tradi\u010dn\u00e9 talianske gnocchi, alebo zauj\u00edmav\u00e9 sl\u00ed\u017ee \u010di flia\u010dky s otla\u010den\u00fdm vzorom.<\/p>\n<p>&nbsp;Pali\u010dky s\u00fa prakticky ulo\u017een\u00e9 priamo v tele dosky, tak\u017ee sa nezakot\u00fa\u013eaj\u00fa a nezapadn\u00fa do nezn\u00e1ma.&nbsp;S cestovinami m\u00f4\u017eete experimentova\u0165 a tvori\u0165 ich r\u00f4zne farebn\u00e9, napr. \u017elt\u00e9 s kurkumou, \u010derven\u00e9 s&nbsp; cviklou, zelen\u00e9 so \u0161pen\u00e1tom at\u010f.&nbsp;<\/p>\n<p>Drevo pou\u017eit\u00e9 na v\u00fdrobu je buk &#8211; bukov\u00e1 \u0161k\u00e1rovka o\u0161etren\u00e1 jedl\u00fdm BIO \u013eanov\u00fdm olejom.&nbsp;<\/p>\n<p>Starostlivos\u0165 o dosku:<\/p>\n<p>Doska sa NESMIE um\u00fdva\u0165 vodou! Na \u010distenie dosky a vzorov od m\u00faky&nbsp; pou\u017e\u00edvajte such\u00fd a \u010dist\u00fd \u0161tetec\/kefku.<\/p>\n","protected":false},"excerpt":{"rendered":"<p>G\u00c1GOR\u00cdKY &#8211; je \u013eudov\u00fd n\u00e1zov tradi\u010dn\u00fdch ru\u010dne vyr\u00e1ban\u00fdch cestov\u00edn. Sviato\u010dn\u00e9 cestoviny do polievky, kedysi vyr\u00e1ban\u00e9 a konzumovan\u00e9 po\u010das v\u00fdznamn\u00fdch udalost\u00ed v rodine alebo sviatkov. V mnoh\u00fdch rodin\u00e1ch, ako napr\u00edklad v tej na\u0161ej \ud83d\ude42 trad\u00edcia pre\u017eila dodnes. G\u00e1gor\u00edky, alebo aj &#8222;frkac\u00fale&#8220;, &#8222;brdovce&#8220;, &#8222;brdliky&#8220; \u010di z ma\u010far\u010diny &#8211; &#8222;\u010diga&#8220; s\u00fa konkr\u00e9tne cestoviny s p\u00e1sikav\u00fdm vzorom. Vyr\u00e1bali sa [&hellip;]<\/p>\n","protected":false},"featured_media":1258,"comment_status":"open","ping_status":"closed","template":"","meta":{"_monsterinsights_skip_tracking":false,"_monsterinsights_sitenote_active":false,"_monsterinsights_sitenote_note":"","_monsterinsights_sitenote_category":0,"ngg_post_thumbnail":0},"product_brand":[],"product_cat":[65],"product_tag":[],"class_list":{"0":"post-1257","1":"product","2":"type-product","3":"status-publish","4":"has-post-thumbnail","6":"product_cat-do-kuchyne","8":"first","9":"outofstock","10":"shipping-taxable","11":"purchasable","12":"product-type-simple"},"yoast_head":"<!-- This site is optimized with the Yoast SEO plugin v27.4 - https:\/\/yoast.com\/product\/yoast-seo-wordpress\/ -->\n<title>G\u00c1GOR\u00cdKY - doska na v\u00fdrobu cestov\u00edn - Tom\u00e1\u0161 Bodn\u00e1r TeWoo<\/title>\n<meta name=\"robots\" content=\"index, follow, max-snippet:-1, max-image-preview:large, max-video-preview:-1\" \/>\n<link rel=\"canonical\" href=\"https:\/\/tewoo.sk\/?product=gagoriky-doska-na-vyrobu-cestovin\" \/>\n<meta property=\"og:locale\" content=\"sk_SK\" \/>\n<meta property=\"og:type\" content=\"article\" \/>\n<meta property=\"og:title\" content=\"G\u00c1GOR\u00cdKY - doska na v\u00fdrobu cestov\u00edn - Tom\u00e1\u0161 Bodn\u00e1r TeWoo\" \/>\n<meta property=\"og:description\" content=\"G\u00c1GOR\u00cdKY &#8211; je \u013eudov\u00fd n\u00e1zov tradi\u010dn\u00fdch ru\u010dne vyr\u00e1ban\u00fdch cestov\u00edn. Sviato\u010dn\u00e9 cestoviny do polievky, kedysi vyr\u00e1ban\u00e9 a konzumovan\u00e9 po\u010das v\u00fdznamn\u00fdch udalost\u00ed v rodine alebo sviatkov. V mnoh\u00fdch rodin\u00e1ch, ako napr\u00edklad v tej na\u0161ej \ud83d\ude42 trad\u00edcia pre\u017eila dodnes. G\u00e1gor\u00edky, alebo aj &#8222;frkac\u00fale&#8220;, &#8222;brdovce&#8220;, &#8222;brdliky&#8220; \u010di z ma\u010far\u010diny &#8211; &#8222;\u010diga&#8220; s\u00fa konkr\u00e9tne cestoviny s p\u00e1sikav\u00fdm vzorom. Vyr\u00e1bali sa [&hellip;]\" \/>\n<meta property=\"og:url\" content=\"https:\/\/tewoo.sk\/?product=gagoriky-doska-na-vyrobu-cestovin\" \/>\n<meta property=\"og:site_name\" content=\"Tom\u00e1\u0161 Bodn\u00e1r TeWoo\" \/>\n<meta property=\"article:publisher\" content=\"https:\/\/www.facebook.com\/tewoo.sk\" \/>\n<meta property=\"article:modified_time\" content=\"2025-12-24T19:15:32+00:00\" \/>\n<meta property=\"og:image\" content=\"https:\/\/tewoo.sk\/wp-content\/uploads\/2022\/10\/Gagoriky_1-1024x1024.jpg\" \/>\n\t<meta property=\"og:image:width\" content=\"1024\" \/>\n\t<meta property=\"og:image:height\" content=\"1024\" \/>\n\t<meta property=\"og:image:type\" content=\"image\/jpeg\" \/>\n<meta name=\"twitter:card\" content=\"summary_large_image\" \/>\n<meta name=\"twitter:label1\" content=\"Predpokladan\u00fd \u010das \u010d\u00edtania\" \/>\n\t<meta name=\"twitter:data1\" content=\"2 min\u00faty\" \/>\n<script type=\"application\/ld+json\" class=\"yoast-schema-graph\">{\"@context\":\"https:\\\/\\\/schema.org\",\"@graph\":[{\"@type\":\"WebPage\",\"@id\":\"https:\\\/\\\/tewoo.sk\\\/?product=gagoriky-doska-na-vyrobu-cestovin\",\"url\":\"https:\\\/\\\/tewoo.sk\\\/?product=gagoriky-doska-na-vyrobu-cestovin\",\"name\":\"G\u00c1GOR\u00cdKY - doska na v\u00fdrobu cestov\u00edn - Tom\u00e1\u0161 Bodn\u00e1r TeWoo\",\"isPartOf\":{\"@id\":\"https:\\\/\\\/tewoo.sk\\\/#website\"},\"primaryImageOfPage\":{\"@id\":\"https:\\\/\\\/tewoo.sk\\\/?product=gagoriky-doska-na-vyrobu-cestovin#primaryimage\"},\"image\":{\"@id\":\"https:\\\/\\\/tewoo.sk\\\/?product=gagoriky-doska-na-vyrobu-cestovin#primaryimage\"},\"thumbnailUrl\":\"https:\\\/\\\/tewoo.sk\\\/wp-content\\\/uploads\\\/2022\\\/10\\\/Gagoriky_1.jpg\",\"datePublished\":\"2022-10-20T08:23:09+00:00\",\"dateModified\":\"2025-12-24T19:15:32+00:00\",\"breadcrumb\":{\"@id\":\"https:\\\/\\\/tewoo.sk\\\/?product=gagoriky-doska-na-vyrobu-cestovin#breadcrumb\"},\"inLanguage\":\"sk-SK\",\"potentialAction\":[{\"@type\":\"ReadAction\",\"target\":[\"https:\\\/\\\/tewoo.sk\\\/?product=gagoriky-doska-na-vyrobu-cestovin\"]}]},{\"@type\":\"ImageObject\",\"inLanguage\":\"sk-SK\",\"@id\":\"https:\\\/\\\/tewoo.sk\\\/?product=gagoriky-doska-na-vyrobu-cestovin#primaryimage\",\"url\":\"https:\\\/\\\/tewoo.sk\\\/wp-content\\\/uploads\\\/2022\\\/10\\\/Gagoriky_1.jpg\",\"contentUrl\":\"https:\\\/\\\/tewoo.sk\\\/wp-content\\\/uploads\\\/2022\\\/10\\\/Gagoriky_1.jpg\",\"width\":2000,\"height\":2000},{\"@type\":\"BreadcrumbList\",\"@id\":\"https:\\\/\\\/tewoo.sk\\\/?product=gagoriky-doska-na-vyrobu-cestovin#breadcrumb\",\"itemListElement\":[{\"@type\":\"ListItem\",\"position\":1,\"name\":\"Home\",\"item\":\"https:\\\/\\\/tewoo.sk\\\/\"},{\"@type\":\"ListItem\",\"position\":2,\"name\":\"Obchod\",\"item\":\"https:\\\/\\\/tewoo.sk\\\/?page_id=165\"},{\"@type\":\"ListItem\",\"position\":3,\"name\":\"G\u00c1GOR\u00cdKY &#8211; doska na v\u00fdrobu cestov\u00edn\"}]},{\"@type\":\"WebSite\",\"@id\":\"https:\\\/\\\/tewoo.sk\\\/#website\",\"url\":\"https:\\\/\\\/tewoo.sk\\\/\",\"name\":\"Drev\u00e1rska diel\u0148a TeWoo\",\"description\":\"V\u00fdrobky z dreva\",\"publisher\":{\"@id\":\"https:\\\/\\\/tewoo.sk\\\/#organization\"},\"potentialAction\":[{\"@type\":\"SearchAction\",\"target\":{\"@type\":\"EntryPoint\",\"urlTemplate\":\"https:\\\/\\\/tewoo.sk\\\/?s={search_term_string}\"},\"query-input\":{\"@type\":\"PropertyValueSpecification\",\"valueRequired\":true,\"valueName\":\"search_term_string\"}}],\"inLanguage\":\"sk-SK\"},{\"@type\":\"Organization\",\"@id\":\"https:\\\/\\\/tewoo.sk\\\/#organization\",\"name\":\"Drev\u00e1rska diel\u0148a TeWoo\",\"url\":\"https:\\\/\\\/tewoo.sk\\\/\",\"logo\":{\"@type\":\"ImageObject\",\"inLanguage\":\"sk-SK\",\"@id\":\"https:\\\/\\\/tewoo.sk\\\/#\\\/schema\\\/logo\\\/image\\\/\",\"url\":\"https:\\\/\\\/tewoo.sk\\\/wp-content\\\/uploads\\\/2021\\\/10\\\/logo-na-web3.png\",\"contentUrl\":\"https:\\\/\\\/tewoo.sk\\\/wp-content\\\/uploads\\\/2021\\\/10\\\/logo-na-web3.png\",\"width\":700,\"height\":700,\"caption\":\"Drev\u00e1rska diel\u0148a TeWoo\"},\"image\":{\"@id\":\"https:\\\/\\\/tewoo.sk\\\/#\\\/schema\\\/logo\\\/image\\\/\"},\"sameAs\":[\"https:\\\/\\\/www.facebook.com\\\/tewoo.sk\",\"https:\\\/\\\/www.instagram.com\\\/tewoo_sk\\\/\",\"https:\\\/\\\/sk.pinterest.com\\\/TewooSK\\\/\"]}]}<\/script>\n<!-- \/ Yoast SEO plugin. -->","yoast_head_json":{"title":"G\u00c1GOR\u00cdKY - doska na v\u00fdrobu cestov\u00edn - Tom\u00e1\u0161 Bodn\u00e1r TeWoo","robots":{"index":"index","follow":"follow","max-snippet":"max-snippet:-1","max-image-preview":"max-image-preview:large","max-video-preview":"max-video-preview:-1"},"canonical":"https:\/\/tewoo.sk\/?product=gagoriky-doska-na-vyrobu-cestovin","og_locale":"sk_SK","og_type":"article","og_title":"G\u00c1GOR\u00cdKY - doska na v\u00fdrobu cestov\u00edn - Tom\u00e1\u0161 Bodn\u00e1r TeWoo","og_description":"G\u00c1GOR\u00cdKY &#8211; je \u013eudov\u00fd n\u00e1zov tradi\u010dn\u00fdch ru\u010dne vyr\u00e1ban\u00fdch cestov\u00edn. Sviato\u010dn\u00e9 cestoviny do polievky, kedysi vyr\u00e1ban\u00e9 a konzumovan\u00e9 po\u010das v\u00fdznamn\u00fdch udalost\u00ed v rodine alebo sviatkov. V mnoh\u00fdch rodin\u00e1ch, ako napr\u00edklad v tej na\u0161ej \ud83d\ude42 trad\u00edcia pre\u017eila dodnes. G\u00e1gor\u00edky, alebo aj &#8222;frkac\u00fale&#8220;, &#8222;brdovce&#8220;, &#8222;brdliky&#8220; \u010di z ma\u010far\u010diny &#8211; &#8222;\u010diga&#8220; s\u00fa konkr\u00e9tne cestoviny s p\u00e1sikav\u00fdm vzorom. Vyr\u00e1bali sa [&hellip;]","og_url":"https:\/\/tewoo.sk\/?product=gagoriky-doska-na-vyrobu-cestovin","og_site_name":"Tom\u00e1\u0161 Bodn\u00e1r TeWoo","article_publisher":"https:\/\/www.facebook.com\/tewoo.sk","article_modified_time":"2025-12-24T19:15:32+00:00","og_image":[{"width":1024,"height":1024,"url":"https:\/\/tewoo.sk\/wp-content\/uploads\/2022\/10\/Gagoriky_1-1024x1024.jpg","type":"image\/jpeg"}],"twitter_card":"summary_large_image","twitter_misc":{"Predpokladan\u00fd \u010das \u010d\u00edtania":"2 min\u00faty"},"schema":{"@context":"https:\/\/schema.org","@graph":[{"@type":"WebPage","@id":"https:\/\/tewoo.sk\/?product=gagoriky-doska-na-vyrobu-cestovin","url":"https:\/\/tewoo.sk\/?product=gagoriky-doska-na-vyrobu-cestovin","name":"G\u00c1GOR\u00cdKY - doska na v\u00fdrobu cestov\u00edn - Tom\u00e1\u0161 Bodn\u00e1r TeWoo","isPartOf":{"@id":"https:\/\/tewoo.sk\/#website"},"primaryImageOfPage":{"@id":"https:\/\/tewoo.sk\/?product=gagoriky-doska-na-vyrobu-cestovin#primaryimage"},"image":{"@id":"https:\/\/tewoo.sk\/?product=gagoriky-doska-na-vyrobu-cestovin#primaryimage"},"thumbnailUrl":"https:\/\/tewoo.sk\/wp-content\/uploads\/2022\/10\/Gagoriky_1.jpg","datePublished":"2022-10-20T08:23:09+00:00","dateModified":"2025-12-24T19:15:32+00:00","breadcrumb":{"@id":"https:\/\/tewoo.sk\/?product=gagoriky-doska-na-vyrobu-cestovin#breadcrumb"},"inLanguage":"sk-SK","potentialAction":[{"@type":"ReadAction","target":["https:\/\/tewoo.sk\/?product=gagoriky-doska-na-vyrobu-cestovin"]}]},{"@type":"ImageObject","inLanguage":"sk-SK","@id":"https:\/\/tewoo.sk\/?product=gagoriky-doska-na-vyrobu-cestovin#primaryimage","url":"https:\/\/tewoo.sk\/wp-content\/uploads\/2022\/10\/Gagoriky_1.jpg","contentUrl":"https:\/\/tewoo.sk\/wp-content\/uploads\/2022\/10\/Gagoriky_1.jpg","width":2000,"height":2000},{"@type":"BreadcrumbList","@id":"https:\/\/tewoo.sk\/?product=gagoriky-doska-na-vyrobu-cestovin#breadcrumb","itemListElement":[{"@type":"ListItem","position":1,"name":"Home","item":"https:\/\/tewoo.sk\/"},{"@type":"ListItem","position":2,"name":"Obchod","item":"https:\/\/tewoo.sk\/?page_id=165"},{"@type":"ListItem","position":3,"name":"G\u00c1GOR\u00cdKY &#8211; doska na v\u00fdrobu cestov\u00edn"}]},{"@type":"WebSite","@id":"https:\/\/tewoo.sk\/#website","url":"https:\/\/tewoo.sk\/","name":"Drev\u00e1rska diel\u0148a TeWoo","description":"V\u00fdrobky z dreva","publisher":{"@id":"https:\/\/tewoo.sk\/#organization"},"potentialAction":[{"@type":"SearchAction","target":{"@type":"EntryPoint","urlTemplate":"https:\/\/tewoo.sk\/?s={search_term_string}"},"query-input":{"@type":"PropertyValueSpecification","valueRequired":true,"valueName":"search_term_string"}}],"inLanguage":"sk-SK"},{"@type":"Organization","@id":"https:\/\/tewoo.sk\/#organization","name":"Drev\u00e1rska diel\u0148a TeWoo","url":"https:\/\/tewoo.sk\/","logo":{"@type":"ImageObject","inLanguage":"sk-SK","@id":"https:\/\/tewoo.sk\/#\/schema\/logo\/image\/","url":"https:\/\/tewoo.sk\/wp-content\/uploads\/2021\/10\/logo-na-web3.png","contentUrl":"https:\/\/tewoo.sk\/wp-content\/uploads\/2021\/10\/logo-na-web3.png","width":700,"height":700,"caption":"Drev\u00e1rska diel\u0148a TeWoo"},"image":{"@id":"https:\/\/tewoo.sk\/#\/schema\/logo\/image\/"},"sameAs":["https:\/\/www.facebook.com\/tewoo.sk","https:\/\/www.instagram.com\/tewoo_sk\/","https:\/\/sk.pinterest.com\/TewooSK\/"]}]}},"jetpack_sharing_enabled":true,"_links":{"self":[{"href":"https:\/\/tewoo.sk\/index.php?rest_route=\/wp\/v2\/product\/1257","targetHints":{"allow":["GET"]}}],"collection":[{"href":"https:\/\/tewoo.sk\/index.php?rest_route=\/wp\/v2\/product"}],"about":[{"href":"https:\/\/tewoo.sk\/index.php?rest_route=\/wp\/v2\/types\/product"}],"replies":[{"embeddable":true,"href":"https:\/\/tewoo.sk\/index.php?rest_route=%2Fwp%2Fv2%2Fcomments&post=1257"}],"wp:featuredmedia":[{"embeddable":true,"href":"https:\/\/tewoo.sk\/index.php?rest_route=\/wp\/v2\/media\/1258"}],"wp:attachment":[{"href":"https:\/\/tewoo.sk\/index.php?rest_route=%2Fwp%2Fv2%2Fmedia&parent=1257"}],"wp:term":[{"taxonomy":"product_brand","embeddable":true,"href":"https:\/\/tewoo.sk\/index.php?rest_route=%2Fwp%2Fv2%2Fproduct_brand&post=1257"},{"taxonomy":"product_cat","embeddable":true,"href":"https:\/\/tewoo.sk\/index.php?rest_route=%2Fwp%2Fv2%2Fproduct_cat&post=1257"},{"taxonomy":"product_tag","embeddable":true,"href":"https:\/\/tewoo.sk\/index.php?rest_route=%2Fwp%2Fv2%2Fproduct_tag&post=1257"}],"curies":[{"name":"wp","href":"https:\/\/api.w.org\/{rel}","templated":true}]}}