{"id":1334,"date":"2023-05-24T09:34:49","date_gmt":"2023-05-24T07:34:49","guid":{"rendered":"https:\/\/www.tewoo.sk\/?post_type=product&#038;p=1334"},"modified":"2026-01-23T15:26:07","modified_gmt":"2026-01-23T14:26:07","slug":"magneticke-narezavatko-na-cesto-mozaika-4","status":"publish","type":"product","link":"https:\/\/tewoo.sk\/?product=magneticke-narezavatko-na-cesto-mozaika-4","title":{"rendered":"Magnetick\u00e9 narez\u00e1vatko na cesto = MOZAIKA 4"},"content":{"rendered":"<p>Mal\u00e9 \u0161ikovn\u00e9 narez\u00e1vatko na cesto \/ chlieb. Vyr\u00e1bam ich z r\u00f4znych drev\u00edn, ktor\u00e9&nbsp; n\u00e1sledne o\u0161etrujem pr\u00edrodn\u00fdm olejo-voskom. Pou\u017eitie je jednoduch\u00e9 (vi\u010f prilo\u017een\u00e9 video) \u2013 sta\u010d\u00ed povoli\u0165 kr\u00fa\u017eky a \u017eiletku vysun\u00fa\u0165. Po pou\u017eit\u00ed zase skry\u0165. Narez\u00e1vatko je magnetick\u00e9 a m\u00f4\u017eete ho pou\u017ei\u0165 napr ako magnetku na chladni\u010dku alebo si ho odklada\u0165 na ak\u00fdko\u013evek kovov\u00fd povrch.<\/p>\n<ul>\n<li>T\u00e1to s\u00e9ria je vytvoren\u00e1 kombin\u00e1ciou drev\u00edn = buk, breza-preglejka<\/li>\n<li>Narez\u00e1vatka z tejto s\u00e9rie s\u00fa&nbsp; v\u017edy limitovan\u00e9 po\u010dtom. Vzory moza\u00edk vyr\u00e1bam n\u00e1hodne a nikdy sa neopakuj\u00fa &#8211; po vypredan\u00ed vznikaj\u00fa v\u017edy in\u00e9 vzory.<\/li>\n<li>Pon\u00fakam aj grav\u00edrovanie monogramu alebo jednoduch\u00fdch mot\u00edvov na \u017eelanie.<\/li>\n<\/ul>\n<p>Narez\u00e1vatka vyr\u00e1bam aj z jedn\u00e9ho typu dreviny \/nie mozaika\/ ktor\u00e9 s\u00fa bu\u010f zdoben\u00e9 grav\u00edrovan\u00edm alebo ako \u010dist\u00e9 drevo s pr\u00edrodnou kresbou. N\u00e1jdete ich v mojej ponuke<\/p>\n<h4 style=\"text-align: left;\"><strong>Narez\u00e1vatko &#8211; manu\u00e1l:&nbsp;<\/strong><\/h4>\n<p><iframe loading=\"lazy\" title=\"YouTube video player\" src=\"https:\/\/www.youtube.com\/embed\/gVI9ju6Mws8\" width=\"450\" height=\"253\" frameborder=\"0\" allowfullscreen=\"allowfullscreen\"><\/iframe><\/p>\n<h4 style=\"text-align: left;\"><strong>Narez\u00e1vatko &#8211; v\u00fdmena \u017eiletky:<\/strong><\/h4>\n<p><iframe loading=\"lazy\" title=\"YouTube video player\" src=\"https:\/\/www.youtube.com\/embed\/H2jKjM6QVK8\" width=\"450\" height=\"253\" frameborder=\"0\" allowfullscreen=\"allowfullscreen\"><\/iframe><\/p>\n","protected":false},"excerpt":{"rendered":"<p>Pomocn\u00edk pri pe\u010den\u00ed chleba<\/p>\n","protected":false},"featured_media":1335,"comment_status":"open","ping_status":"closed","template":"","meta":{"_monsterinsights_skip_tracking":false,"_monsterinsights_sitenote_active":false,"_monsterinsights_sitenote_note":"","_monsterinsights_sitenote_category":0,"ngg_post_thumbnail":0},"product_brand":[],"product_cat":[18],"product_tag":[],"class_list":{"0":"post-1334","1":"product","2":"type-product","3":"status-publish","4":"has-post-thumbnail","6":"product_cat-narezavatko-na-cesto","8":"first","9":"onbackorder","10":"shipping-taxable","11":"purchasable","12":"product-type-simple"},"yoast_head":"<!-- This site is optimized with the Yoast SEO plugin v27.4 - https:\/\/yoast.com\/product\/yoast-seo-wordpress\/ -->\n<title>Magnetick\u00e9 narez\u00e1vatko na cesto = MOZAIKA 4 - Tom\u00e1\u0161 Bodn\u00e1r TeWoo<\/title>\n<meta name=\"robots\" content=\"index, follow, max-snippet:-1, max-image-preview:large, max-video-preview:-1\" \/>\n<link rel=\"canonical\" href=\"https:\/\/tewoo.sk\/?product=magneticke-narezavatko-na-cesto-mozaika-4\" \/>\n<meta property=\"og:locale\" content=\"sk_SK\" \/>\n<meta property=\"og:type\" content=\"article\" \/>\n<meta property=\"og:title\" content=\"Magnetick\u00e9 narez\u00e1vatko na cesto = MOZAIKA 4 - Tom\u00e1\u0161 Bodn\u00e1r TeWoo\" \/>\n<meta property=\"og:description\" content=\"Pomocn\u00edk pri pe\u010den\u00ed chleba\" \/>\n<meta property=\"og:url\" content=\"https:\/\/tewoo.sk\/?product=magneticke-narezavatko-na-cesto-mozaika-4\" \/>\n<meta property=\"og:site_name\" content=\"Tom\u00e1\u0161 Bodn\u00e1r TeWoo\" \/>\n<meta property=\"article:publisher\" content=\"https:\/\/www.facebook.com\/tewoo.sk\" \/>\n<meta property=\"article:modified_time\" content=\"2026-01-23T14:26:07+00:00\" \/>\n<meta property=\"og:image\" content=\"https:\/\/tewoo.sk\/wp-content\/uploads\/2023\/05\/mosaic_0223_2-1024x1024.jpg\" \/>\n\t<meta property=\"og:image:width\" content=\"1024\" \/>\n\t<meta property=\"og:image:height\" content=\"1024\" \/>\n\t<meta property=\"og:image:type\" content=\"image\/jpeg\" \/>\n<meta name=\"twitter:card\" content=\"summary_large_image\" \/>\n<meta name=\"twitter:label1\" content=\"Predpokladan\u00fd \u010das \u010d\u00edtania\" \/>\n\t<meta name=\"twitter:data1\" content=\"1 min\u00fata\" \/>\n<script type=\"application\/ld+json\" class=\"yoast-schema-graph\">{\"@context\":\"https:\\\/\\\/schema.org\",\"@graph\":[{\"@type\":\"WebPage\",\"@id\":\"https:\\\/\\\/tewoo.sk\\\/?product=magneticke-narezavatko-na-cesto-mozaika-4\",\"url\":\"https:\\\/\\\/tewoo.sk\\\/?product=magneticke-narezavatko-na-cesto-mozaika-4\",\"name\":\"Magnetick\u00e9 narez\u00e1vatko na cesto = MOZAIKA 4 - Tom\u00e1\u0161 Bodn\u00e1r TeWoo\",\"isPartOf\":{\"@id\":\"https:\\\/\\\/tewoo.sk\\\/#website\"},\"primaryImageOfPage\":{\"@id\":\"https:\\\/\\\/tewoo.sk\\\/?product=magneticke-narezavatko-na-cesto-mozaika-4#primaryimage\"},\"image\":{\"@id\":\"https:\\\/\\\/tewoo.sk\\\/?product=magneticke-narezavatko-na-cesto-mozaika-4#primaryimage\"},\"thumbnailUrl\":\"https:\\\/\\\/tewoo.sk\\\/wp-content\\\/uploads\\\/2023\\\/05\\\/mosaic_0223_2.jpg\",\"datePublished\":\"2023-05-24T07:34:49+00:00\",\"dateModified\":\"2026-01-23T14:26:07+00:00\",\"breadcrumb\":{\"@id\":\"https:\\\/\\\/tewoo.sk\\\/?product=magneticke-narezavatko-na-cesto-mozaika-4#breadcrumb\"},\"inLanguage\":\"sk-SK\",\"potentialAction\":[{\"@type\":\"ReadAction\",\"target\":[\"https:\\\/\\\/tewoo.sk\\\/?product=magneticke-narezavatko-na-cesto-mozaika-4\"]}]},{\"@type\":\"ImageObject\",\"inLanguage\":\"sk-SK\",\"@id\":\"https:\\\/\\\/tewoo.sk\\\/?product=magneticke-narezavatko-na-cesto-mozaika-4#primaryimage\",\"url\":\"https:\\\/\\\/tewoo.sk\\\/wp-content\\\/uploads\\\/2023\\\/05\\\/mosaic_0223_2.jpg\",\"contentUrl\":\"https:\\\/\\\/tewoo.sk\\\/wp-content\\\/uploads\\\/2023\\\/05\\\/mosaic_0223_2.jpg\",\"width\":2000,\"height\":2000},{\"@type\":\"BreadcrumbList\",\"@id\":\"https:\\\/\\\/tewoo.sk\\\/?product=magneticke-narezavatko-na-cesto-mozaika-4#breadcrumb\",\"itemListElement\":[{\"@type\":\"ListItem\",\"position\":1,\"name\":\"Home\",\"item\":\"https:\\\/\\\/tewoo.sk\\\/\"},{\"@type\":\"ListItem\",\"position\":2,\"name\":\"Obchod\",\"item\":\"https:\\\/\\\/tewoo.sk\\\/?page_id=165\"},{\"@type\":\"ListItem\",\"position\":3,\"name\":\"Magnetick\u00e9 narez\u00e1vatko na cesto = MOZAIKA 4\"}]},{\"@type\":\"WebSite\",\"@id\":\"https:\\\/\\\/tewoo.sk\\\/#website\",\"url\":\"https:\\\/\\\/tewoo.sk\\\/\",\"name\":\"Drev\u00e1rska diel\u0148a TeWoo\",\"description\":\"V\u00fdrobky z dreva\",\"publisher\":{\"@id\":\"https:\\\/\\\/tewoo.sk\\\/#organization\"},\"potentialAction\":[{\"@type\":\"SearchAction\",\"target\":{\"@type\":\"EntryPoint\",\"urlTemplate\":\"https:\\\/\\\/tewoo.sk\\\/?s={search_term_string}\"},\"query-input\":{\"@type\":\"PropertyValueSpecification\",\"valueRequired\":true,\"valueName\":\"search_term_string\"}}],\"inLanguage\":\"sk-SK\"},{\"@type\":\"Organization\",\"@id\":\"https:\\\/\\\/tewoo.sk\\\/#organization\",\"name\":\"Drev\u00e1rska diel\u0148a TeWoo\",\"url\":\"https:\\\/\\\/tewoo.sk\\\/\",\"logo\":{\"@type\":\"ImageObject\",\"inLanguage\":\"sk-SK\",\"@id\":\"https:\\\/\\\/tewoo.sk\\\/#\\\/schema\\\/logo\\\/image\\\/\",\"url\":\"https:\\\/\\\/tewoo.sk\\\/wp-content\\\/uploads\\\/2021\\\/10\\\/logo-na-web3.png\",\"contentUrl\":\"https:\\\/\\\/tewoo.sk\\\/wp-content\\\/uploads\\\/2021\\\/10\\\/logo-na-web3.png\",\"width\":700,\"height\":700,\"caption\":\"Drev\u00e1rska diel\u0148a TeWoo\"},\"image\":{\"@id\":\"https:\\\/\\\/tewoo.sk\\\/#\\\/schema\\\/logo\\\/image\\\/\"},\"sameAs\":[\"https:\\\/\\\/www.facebook.com\\\/tewoo.sk\",\"https:\\\/\\\/www.instagram.com\\\/tewoo_sk\\\/\",\"https:\\\/\\\/sk.pinterest.com\\\/TewooSK\\\/\"]}]}<\/script>\n<!-- \/ Yoast SEO plugin. -->","yoast_head_json":{"title":"Magnetick\u00e9 narez\u00e1vatko na cesto = MOZAIKA 4 - Tom\u00e1\u0161 Bodn\u00e1r TeWoo","robots":{"index":"index","follow":"follow","max-snippet":"max-snippet:-1","max-image-preview":"max-image-preview:large","max-video-preview":"max-video-preview:-1"},"canonical":"https:\/\/tewoo.sk\/?product=magneticke-narezavatko-na-cesto-mozaika-4","og_locale":"sk_SK","og_type":"article","og_title":"Magnetick\u00e9 narez\u00e1vatko na cesto = MOZAIKA 4 - Tom\u00e1\u0161 Bodn\u00e1r TeWoo","og_description":"Pomocn\u00edk pri pe\u010den\u00ed chleba","og_url":"https:\/\/tewoo.sk\/?product=magneticke-narezavatko-na-cesto-mozaika-4","og_site_name":"Tom\u00e1\u0161 Bodn\u00e1r TeWoo","article_publisher":"https:\/\/www.facebook.com\/tewoo.sk","article_modified_time":"2026-01-23T14:26:07+00:00","og_image":[{"width":1024,"height":1024,"url":"https:\/\/tewoo.sk\/wp-content\/uploads\/2023\/05\/mosaic_0223_2-1024x1024.jpg","type":"image\/jpeg"}],"twitter_card":"summary_large_image","twitter_misc":{"Predpokladan\u00fd \u010das \u010d\u00edtania":"1 min\u00fata"},"schema":{"@context":"https:\/\/schema.org","@graph":[{"@type":"WebPage","@id":"https:\/\/tewoo.sk\/?product=magneticke-narezavatko-na-cesto-mozaika-4","url":"https:\/\/tewoo.sk\/?product=magneticke-narezavatko-na-cesto-mozaika-4","name":"Magnetick\u00e9 narez\u00e1vatko na cesto = MOZAIKA 4 - Tom\u00e1\u0161 Bodn\u00e1r TeWoo","isPartOf":{"@id":"https:\/\/tewoo.sk\/#website"},"primaryImageOfPage":{"@id":"https:\/\/tewoo.sk\/?product=magneticke-narezavatko-na-cesto-mozaika-4#primaryimage"},"image":{"@id":"https:\/\/tewoo.sk\/?product=magneticke-narezavatko-na-cesto-mozaika-4#primaryimage"},"thumbnailUrl":"https:\/\/tewoo.sk\/wp-content\/uploads\/2023\/05\/mosaic_0223_2.jpg","datePublished":"2023-05-24T07:34:49+00:00","dateModified":"2026-01-23T14:26:07+00:00","breadcrumb":{"@id":"https:\/\/tewoo.sk\/?product=magneticke-narezavatko-na-cesto-mozaika-4#breadcrumb"},"inLanguage":"sk-SK","potentialAction":[{"@type":"ReadAction","target":["https:\/\/tewoo.sk\/?product=magneticke-narezavatko-na-cesto-mozaika-4"]}]},{"@type":"ImageObject","inLanguage":"sk-SK","@id":"https:\/\/tewoo.sk\/?product=magneticke-narezavatko-na-cesto-mozaika-4#primaryimage","url":"https:\/\/tewoo.sk\/wp-content\/uploads\/2023\/05\/mosaic_0223_2.jpg","contentUrl":"https:\/\/tewoo.sk\/wp-content\/uploads\/2023\/05\/mosaic_0223_2.jpg","width":2000,"height":2000},{"@type":"BreadcrumbList","@id":"https:\/\/tewoo.sk\/?product=magneticke-narezavatko-na-cesto-mozaika-4#breadcrumb","itemListElement":[{"@type":"ListItem","position":1,"name":"Home","item":"https:\/\/tewoo.sk\/"},{"@type":"ListItem","position":2,"name":"Obchod","item":"https:\/\/tewoo.sk\/?page_id=165"},{"@type":"ListItem","position":3,"name":"Magnetick\u00e9 narez\u00e1vatko na cesto = MOZAIKA 4"}]},{"@type":"WebSite","@id":"https:\/\/tewoo.sk\/#website","url":"https:\/\/tewoo.sk\/","name":"Drev\u00e1rska diel\u0148a TeWoo","description":"V\u00fdrobky z dreva","publisher":{"@id":"https:\/\/tewoo.sk\/#organization"},"potentialAction":[{"@type":"SearchAction","target":{"@type":"EntryPoint","urlTemplate":"https:\/\/tewoo.sk\/?s={search_term_string}"},"query-input":{"@type":"PropertyValueSpecification","valueRequired":true,"valueName":"search_term_string"}}],"inLanguage":"sk-SK"},{"@type":"Organization","@id":"https:\/\/tewoo.sk\/#organization","name":"Drev\u00e1rska diel\u0148a TeWoo","url":"https:\/\/tewoo.sk\/","logo":{"@type":"ImageObject","inLanguage":"sk-SK","@id":"https:\/\/tewoo.sk\/#\/schema\/logo\/image\/","url":"https:\/\/tewoo.sk\/wp-content\/uploads\/2021\/10\/logo-na-web3.png","contentUrl":"https:\/\/tewoo.sk\/wp-content\/uploads\/2021\/10\/logo-na-web3.png","width":700,"height":700,"caption":"Drev\u00e1rska diel\u0148a TeWoo"},"image":{"@id":"https:\/\/tewoo.sk\/#\/schema\/logo\/image\/"},"sameAs":["https:\/\/www.facebook.com\/tewoo.sk","https:\/\/www.instagram.com\/tewoo_sk\/","https:\/\/sk.pinterest.com\/TewooSK\/"]}]}},"jetpack_sharing_enabled":true,"_links":{"self":[{"href":"https:\/\/tewoo.sk\/index.php?rest_route=\/wp\/v2\/product\/1334","targetHints":{"allow":["GET"]}}],"collection":[{"href":"https:\/\/tewoo.sk\/index.php?rest_route=\/wp\/v2\/product"}],"about":[{"href":"https:\/\/tewoo.sk\/index.php?rest_route=\/wp\/v2\/types\/product"}],"replies":[{"embeddable":true,"href":"https:\/\/tewoo.sk\/index.php?rest_route=%2Fwp%2Fv2%2Fcomments&post=1334"}],"wp:featuredmedia":[{"embeddable":true,"href":"https:\/\/tewoo.sk\/index.php?rest_route=\/wp\/v2\/media\/1335"}],"wp:attachment":[{"href":"https:\/\/tewoo.sk\/index.php?rest_route=%2Fwp%2Fv2%2Fmedia&parent=1334"}],"wp:term":[{"taxonomy":"product_brand","embeddable":true,"href":"https:\/\/tewoo.sk\/index.php?rest_route=%2Fwp%2Fv2%2Fproduct_brand&post=1334"},{"taxonomy":"product_cat","embeddable":true,"href":"https:\/\/tewoo.sk\/index.php?rest_route=%2Fwp%2Fv2%2Fproduct_cat&post=1334"},{"taxonomy":"product_tag","embeddable":true,"href":"https:\/\/tewoo.sk\/index.php?rest_route=%2Fwp%2Fv2%2Fproduct_tag&post=1334"}],"curies":[{"name":"wp","href":"https:\/\/api.w.org\/{rel}","templated":true}]}}