{"id":1350,"date":"2023-06-01T15:27:52","date_gmt":"2023-06-01T13:27:52","guid":{"rendered":"https:\/\/www.tewoo.sk\/?post_type=product&#038;p=1350"},"modified":"2024-08-15T08:50:34","modified_gmt":"2024-08-15T06:50:34","slug":"policka-dvojplosnik","status":"publish","type":"product","link":"https:\/\/tewoo.sk\/?product=policka-dvojplosnik","title":{"rendered":"Poli\u010dka &#8211; DVOJPLO\u0160N\u00cdK"},"content":{"rendered":"<p>Poli\u010dka v tvare lietadla pre mal\u00fdch aj ve\u013ek\u00fdch&nbsp; pilotov&#8230;<\/p>\n<p>Dvojplo\u0161n\u00edk pon\u00fakam v pr\u00edrodnej verzii (bezfarebn\u00fd n\u00e1ter olejom), alebo v \u013eubovo\u013enej farebnej kombin\u00e1cii pod\u013ea \u017eelania.<\/p>\n<p>Rozmery pol\u00edc:<\/p>\n<p>&#8211; vrchn\u00e1 polica 60cm x 20cm<\/p>\n<p>&#8211; spodn\u00e1 polica 60cm x 17cm<\/p>\n<p>V\u00fd\u0161ka medzi policami je 20cm<\/p>\n<p>Vrtu\u013eu na lietadielku je mo\u017en\u00e9 vo\u013ene ot\u00e1\u010da\u0165.<\/p>\n","protected":false},"excerpt":{"rendered":"<p>Poli\u010dka v tvare lietadla pre mal\u00fdch aj ve\u013ek\u00fdch&nbsp; pilotov&#8230; Dvojplo\u0161n\u00edk pon\u00fakam v pr\u00edrodnej verzii (bezfarebn\u00fd n\u00e1ter olejom), alebo v \u013eubovo\u013enej farebnej kombin\u00e1cii pod\u013ea \u017eelania. Rozmery pol\u00edc: &#8211; vrchn\u00e1 polica 60cm x 20cm &#8211; spodn\u00e1 polica 60cm x 17cm V\u00fd\u0161ka medzi policami je 20cm Vrtu\u013eu na lietadielku je mo\u017en\u00e9 vo\u013ene ot\u00e1\u010da\u0165.<\/p>\n","protected":false},"featured_media":1353,"comment_status":"open","ping_status":"closed","template":"","meta":{"_monsterinsights_skip_tracking":false,"_monsterinsights_sitenote_active":false,"_monsterinsights_sitenote_note":"","_monsterinsights_sitenote_category":0,"ngg_post_thumbnail":0},"product_brand":[],"product_cat":[43],"product_tag":[],"class_list":{"0":"post-1350","1":"product","2":"type-product","3":"status-publish","4":"has-post-thumbnail","6":"product_cat-policky-pre-deti","8":"first","9":"onbackorder","10":"shipping-taxable","11":"purchasable","12":"product-type-simple"},"yoast_head":"<!-- This site is optimized with the Yoast SEO plugin v27.4 - https:\/\/yoast.com\/product\/yoast-seo-wordpress\/ -->\n<title>Poli\u010dka - DVOJPLO\u0160N\u00cdK - Tom\u00e1\u0161 Bodn\u00e1r TeWoo<\/title>\n<meta name=\"robots\" content=\"index, follow, max-snippet:-1, max-image-preview:large, max-video-preview:-1\" \/>\n<link rel=\"canonical\" href=\"https:\/\/tewoo.sk\/?product=policka-dvojplosnik\" \/>\n<meta property=\"og:locale\" content=\"sk_SK\" \/>\n<meta property=\"og:type\" content=\"article\" \/>\n<meta property=\"og:title\" content=\"Poli\u010dka - DVOJPLO\u0160N\u00cdK - Tom\u00e1\u0161 Bodn\u00e1r TeWoo\" \/>\n<meta property=\"og:description\" content=\"Poli\u010dka v tvare lietadla pre mal\u00fdch aj ve\u013ek\u00fdch&nbsp; pilotov&#8230; Dvojplo\u0161n\u00edk pon\u00fakam v pr\u00edrodnej verzii (bezfarebn\u00fd n\u00e1ter olejom), alebo v \u013eubovo\u013enej farebnej kombin\u00e1cii pod\u013ea \u017eelania. Rozmery pol\u00edc: &#8211; vrchn\u00e1 polica 60cm x 20cm &#8211; spodn\u00e1 polica 60cm x 17cm V\u00fd\u0161ka medzi policami je 20cm Vrtu\u013eu na lietadielku je mo\u017en\u00e9 vo\u013ene ot\u00e1\u010da\u0165.\" \/>\n<meta property=\"og:url\" content=\"https:\/\/tewoo.sk\/?product=policka-dvojplosnik\" \/>\n<meta property=\"og:site_name\" content=\"Tom\u00e1\u0161 Bodn\u00e1r TeWoo\" \/>\n<meta property=\"article:publisher\" content=\"https:\/\/www.facebook.com\/tewoo.sk\" \/>\n<meta property=\"article:modified_time\" content=\"2024-08-15T06:50:34+00:00\" \/>\n<meta property=\"og:image\" content=\"https:\/\/tewoo.sk\/wp-content\/uploads\/2023\/06\/Lietadlo_04-1024x1024.jpg\" \/>\n\t<meta property=\"og:image:width\" content=\"1024\" \/>\n\t<meta property=\"og:image:height\" content=\"1024\" \/>\n\t<meta property=\"og:image:type\" content=\"image\/jpeg\" \/>\n<meta name=\"twitter:card\" content=\"summary_large_image\" \/>\n<meta name=\"twitter:label1\" content=\"Predpokladan\u00fd \u010das \u010d\u00edtania\" \/>\n\t<meta name=\"twitter:data1\" content=\"1 min\u00fata\" \/>\n<script type=\"application\/ld+json\" class=\"yoast-schema-graph\">{\"@context\":\"https:\\\/\\\/schema.org\",\"@graph\":[{\"@type\":\"WebPage\",\"@id\":\"https:\\\/\\\/tewoo.sk\\\/?product=policka-dvojplosnik\",\"url\":\"https:\\\/\\\/tewoo.sk\\\/?product=policka-dvojplosnik\",\"name\":\"Poli\u010dka - DVOJPLO\u0160N\u00cdK - Tom\u00e1\u0161 Bodn\u00e1r TeWoo\",\"isPartOf\":{\"@id\":\"https:\\\/\\\/tewoo.sk\\\/#website\"},\"primaryImageOfPage\":{\"@id\":\"https:\\\/\\\/tewoo.sk\\\/?product=policka-dvojplosnik#primaryimage\"},\"image\":{\"@id\":\"https:\\\/\\\/tewoo.sk\\\/?product=policka-dvojplosnik#primaryimage\"},\"thumbnailUrl\":\"https:\\\/\\\/tewoo.sk\\\/wp-content\\\/uploads\\\/2023\\\/06\\\/Lietadlo_04.jpg\",\"datePublished\":\"2023-06-01T13:27:52+00:00\",\"dateModified\":\"2024-08-15T06:50:34+00:00\",\"breadcrumb\":{\"@id\":\"https:\\\/\\\/tewoo.sk\\\/?product=policka-dvojplosnik#breadcrumb\"},\"inLanguage\":\"sk-SK\",\"potentialAction\":[{\"@type\":\"ReadAction\",\"target\":[\"https:\\\/\\\/tewoo.sk\\\/?product=policka-dvojplosnik\"]}]},{\"@type\":\"ImageObject\",\"inLanguage\":\"sk-SK\",\"@id\":\"https:\\\/\\\/tewoo.sk\\\/?product=policka-dvojplosnik#primaryimage\",\"url\":\"https:\\\/\\\/tewoo.sk\\\/wp-content\\\/uploads\\\/2023\\\/06\\\/Lietadlo_04.jpg\",\"contentUrl\":\"https:\\\/\\\/tewoo.sk\\\/wp-content\\\/uploads\\\/2023\\\/06\\\/Lietadlo_04.jpg\",\"width\":2000,\"height\":2000},{\"@type\":\"BreadcrumbList\",\"@id\":\"https:\\\/\\\/tewoo.sk\\\/?product=policka-dvojplosnik#breadcrumb\",\"itemListElement\":[{\"@type\":\"ListItem\",\"position\":1,\"name\":\"Home\",\"item\":\"https:\\\/\\\/tewoo.sk\\\/\"},{\"@type\":\"ListItem\",\"position\":2,\"name\":\"Obchod\",\"item\":\"https:\\\/\\\/tewoo.sk\\\/?page_id=165\"},{\"@type\":\"ListItem\",\"position\":3,\"name\":\"Poli\u010dka &#8211; DVOJPLO\u0160N\u00cdK\"}]},{\"@type\":\"WebSite\",\"@id\":\"https:\\\/\\\/tewoo.sk\\\/#website\",\"url\":\"https:\\\/\\\/tewoo.sk\\\/\",\"name\":\"Drev\u00e1rska diel\u0148a TeWoo\",\"description\":\"V\u00fdrobky z dreva\",\"publisher\":{\"@id\":\"https:\\\/\\\/tewoo.sk\\\/#organization\"},\"potentialAction\":[{\"@type\":\"SearchAction\",\"target\":{\"@type\":\"EntryPoint\",\"urlTemplate\":\"https:\\\/\\\/tewoo.sk\\\/?s={search_term_string}\"},\"query-input\":{\"@type\":\"PropertyValueSpecification\",\"valueRequired\":true,\"valueName\":\"search_term_string\"}}],\"inLanguage\":\"sk-SK\"},{\"@type\":\"Organization\",\"@id\":\"https:\\\/\\\/tewoo.sk\\\/#organization\",\"name\":\"Drev\u00e1rska diel\u0148a TeWoo\",\"url\":\"https:\\\/\\\/tewoo.sk\\\/\",\"logo\":{\"@type\":\"ImageObject\",\"inLanguage\":\"sk-SK\",\"@id\":\"https:\\\/\\\/tewoo.sk\\\/#\\\/schema\\\/logo\\\/image\\\/\",\"url\":\"https:\\\/\\\/tewoo.sk\\\/wp-content\\\/uploads\\\/2021\\\/10\\\/logo-na-web3.png\",\"contentUrl\":\"https:\\\/\\\/tewoo.sk\\\/wp-content\\\/uploads\\\/2021\\\/10\\\/logo-na-web3.png\",\"width\":700,\"height\":700,\"caption\":\"Drev\u00e1rska diel\u0148a TeWoo\"},\"image\":{\"@id\":\"https:\\\/\\\/tewoo.sk\\\/#\\\/schema\\\/logo\\\/image\\\/\"},\"sameAs\":[\"https:\\\/\\\/www.facebook.com\\\/tewoo.sk\",\"https:\\\/\\\/www.instagram.com\\\/tewoo_sk\\\/\",\"https:\\\/\\\/sk.pinterest.com\\\/TewooSK\\\/\"]}]}<\/script>\n<!-- \/ Yoast SEO plugin. -->","yoast_head_json":{"title":"Poli\u010dka - DVOJPLO\u0160N\u00cdK - Tom\u00e1\u0161 Bodn\u00e1r TeWoo","robots":{"index":"index","follow":"follow","max-snippet":"max-snippet:-1","max-image-preview":"max-image-preview:large","max-video-preview":"max-video-preview:-1"},"canonical":"https:\/\/tewoo.sk\/?product=policka-dvojplosnik","og_locale":"sk_SK","og_type":"article","og_title":"Poli\u010dka - DVOJPLO\u0160N\u00cdK - Tom\u00e1\u0161 Bodn\u00e1r TeWoo","og_description":"Poli\u010dka v tvare lietadla pre mal\u00fdch aj ve\u013ek\u00fdch&nbsp; pilotov&#8230; Dvojplo\u0161n\u00edk pon\u00fakam v pr\u00edrodnej verzii (bezfarebn\u00fd n\u00e1ter olejom), alebo v \u013eubovo\u013enej farebnej kombin\u00e1cii pod\u013ea \u017eelania. Rozmery pol\u00edc: &#8211; vrchn\u00e1 polica 60cm x 20cm &#8211; spodn\u00e1 polica 60cm x 17cm V\u00fd\u0161ka medzi policami je 20cm Vrtu\u013eu na lietadielku je mo\u017en\u00e9 vo\u013ene ot\u00e1\u010da\u0165.","og_url":"https:\/\/tewoo.sk\/?product=policka-dvojplosnik","og_site_name":"Tom\u00e1\u0161 Bodn\u00e1r TeWoo","article_publisher":"https:\/\/www.facebook.com\/tewoo.sk","article_modified_time":"2024-08-15T06:50:34+00:00","og_image":[{"width":1024,"height":1024,"url":"https:\/\/tewoo.sk\/wp-content\/uploads\/2023\/06\/Lietadlo_04-1024x1024.jpg","type":"image\/jpeg"}],"twitter_card":"summary_large_image","twitter_misc":{"Predpokladan\u00fd \u010das \u010d\u00edtania":"1 min\u00fata"},"schema":{"@context":"https:\/\/schema.org","@graph":[{"@type":"WebPage","@id":"https:\/\/tewoo.sk\/?product=policka-dvojplosnik","url":"https:\/\/tewoo.sk\/?product=policka-dvojplosnik","name":"Poli\u010dka - DVOJPLO\u0160N\u00cdK - Tom\u00e1\u0161 Bodn\u00e1r TeWoo","isPartOf":{"@id":"https:\/\/tewoo.sk\/#website"},"primaryImageOfPage":{"@id":"https:\/\/tewoo.sk\/?product=policka-dvojplosnik#primaryimage"},"image":{"@id":"https:\/\/tewoo.sk\/?product=policka-dvojplosnik#primaryimage"},"thumbnailUrl":"https:\/\/tewoo.sk\/wp-content\/uploads\/2023\/06\/Lietadlo_04.jpg","datePublished":"2023-06-01T13:27:52+00:00","dateModified":"2024-08-15T06:50:34+00:00","breadcrumb":{"@id":"https:\/\/tewoo.sk\/?product=policka-dvojplosnik#breadcrumb"},"inLanguage":"sk-SK","potentialAction":[{"@type":"ReadAction","target":["https:\/\/tewoo.sk\/?product=policka-dvojplosnik"]}]},{"@type":"ImageObject","inLanguage":"sk-SK","@id":"https:\/\/tewoo.sk\/?product=policka-dvojplosnik#primaryimage","url":"https:\/\/tewoo.sk\/wp-content\/uploads\/2023\/06\/Lietadlo_04.jpg","contentUrl":"https:\/\/tewoo.sk\/wp-content\/uploads\/2023\/06\/Lietadlo_04.jpg","width":2000,"height":2000},{"@type":"BreadcrumbList","@id":"https:\/\/tewoo.sk\/?product=policka-dvojplosnik#breadcrumb","itemListElement":[{"@type":"ListItem","position":1,"name":"Home","item":"https:\/\/tewoo.sk\/"},{"@type":"ListItem","position":2,"name":"Obchod","item":"https:\/\/tewoo.sk\/?page_id=165"},{"@type":"ListItem","position":3,"name":"Poli\u010dka &#8211; DVOJPLO\u0160N\u00cdK"}]},{"@type":"WebSite","@id":"https:\/\/tewoo.sk\/#website","url":"https:\/\/tewoo.sk\/","name":"Drev\u00e1rska diel\u0148a TeWoo","description":"V\u00fdrobky z dreva","publisher":{"@id":"https:\/\/tewoo.sk\/#organization"},"potentialAction":[{"@type":"SearchAction","target":{"@type":"EntryPoint","urlTemplate":"https:\/\/tewoo.sk\/?s={search_term_string}"},"query-input":{"@type":"PropertyValueSpecification","valueRequired":true,"valueName":"search_term_string"}}],"inLanguage":"sk-SK"},{"@type":"Organization","@id":"https:\/\/tewoo.sk\/#organization","name":"Drev\u00e1rska diel\u0148a TeWoo","url":"https:\/\/tewoo.sk\/","logo":{"@type":"ImageObject","inLanguage":"sk-SK","@id":"https:\/\/tewoo.sk\/#\/schema\/logo\/image\/","url":"https:\/\/tewoo.sk\/wp-content\/uploads\/2021\/10\/logo-na-web3.png","contentUrl":"https:\/\/tewoo.sk\/wp-content\/uploads\/2021\/10\/logo-na-web3.png","width":700,"height":700,"caption":"Drev\u00e1rska diel\u0148a TeWoo"},"image":{"@id":"https:\/\/tewoo.sk\/#\/schema\/logo\/image\/"},"sameAs":["https:\/\/www.facebook.com\/tewoo.sk","https:\/\/www.instagram.com\/tewoo_sk\/","https:\/\/sk.pinterest.com\/TewooSK\/"]}]}},"jetpack_sharing_enabled":true,"_links":{"self":[{"href":"https:\/\/tewoo.sk\/index.php?rest_route=\/wp\/v2\/product\/1350","targetHints":{"allow":["GET"]}}],"collection":[{"href":"https:\/\/tewoo.sk\/index.php?rest_route=\/wp\/v2\/product"}],"about":[{"href":"https:\/\/tewoo.sk\/index.php?rest_route=\/wp\/v2\/types\/product"}],"replies":[{"embeddable":true,"href":"https:\/\/tewoo.sk\/index.php?rest_route=%2Fwp%2Fv2%2Fcomments&post=1350"}],"wp:featuredmedia":[{"embeddable":true,"href":"https:\/\/tewoo.sk\/index.php?rest_route=\/wp\/v2\/media\/1353"}],"wp:attachment":[{"href":"https:\/\/tewoo.sk\/index.php?rest_route=%2Fwp%2Fv2%2Fmedia&parent=1350"}],"wp:term":[{"taxonomy":"product_brand","embeddable":true,"href":"https:\/\/tewoo.sk\/index.php?rest_route=%2Fwp%2Fv2%2Fproduct_brand&post=1350"},{"taxonomy":"product_cat","embeddable":true,"href":"https:\/\/tewoo.sk\/index.php?rest_route=%2Fwp%2Fv2%2Fproduct_cat&post=1350"},{"taxonomy":"product_tag","embeddable":true,"href":"https:\/\/tewoo.sk\/index.php?rest_route=%2Fwp%2Fv2%2Fproduct_tag&post=1350"}],"curies":[{"name":"wp","href":"https:\/\/api.w.org\/{rel}","templated":true}]}}