{"id":1376,"date":"2023-06-26T00:29:50","date_gmt":"2023-06-25T22:29:50","guid":{"rendered":"https:\/\/www.tewoo.sk\/?post_type=product&#038;p=1376"},"modified":"2023-11-10T20:53:42","modified_gmt":"2023-11-10T19:53:42","slug":"stojan-na-3-misky-pre-macky","status":"publish","type":"product","link":"https:\/\/tewoo.sk\/?product=stojan-na-3-misky-pre-macky","title":{"rendered":"Stojan na 3 misky, pre ma\u010dky"},"content":{"rendered":"<p>Dreven\u00fd stojan na nerezov\u00e9 misky (misky s\u00fa s\u00fa\u010das\u0165ou balenia) pre ma\u010dky.<\/p>\n<p>Naklonenie misiek cca 10\u00b0. V\u00fd\u0161ka prednej hrany stojanu od zeme je 10cm, \u010fal\u0161ie rozmery = \u0161. 48cm, hl. 17,5cm<\/p>\n<p>Objem dod\u00e1van\u00fdch misiek 330ml<\/p>\n<p>Stojany pon\u00fakam v 3 vyhotoveniach (vi\u010f foto)<\/p>\n<ul>\n<li>Drevo v surovom stave bez n\u00e1teru<\/li>\n<li>Drevo o\u0161etren\u00e9 bezfarebn\u00fdm olejovoskom<\/li>\n<li>Drevo o\u0161etren\u00e9 laz\u00farou v tmavom odtieni orecha<\/li>\n<\/ul>\n<p>Po\u017eadovan\u00fd n\u00e1ter mi pros\u00edm uve\u010fte do pozn\u00e1mky pri objedn\u00e1vke.<\/p>\n<p>V\u0161etky n\u00e1tery s\u00fa vhodn\u00e9 pre styk s potravinami!<\/p>\n<p>V \u0161tandardnej ponuke m\u00e1m dvoj, troj a \u0161tvor miskov\u00fa verziu, ale viem vyrobi\u0165 a doda\u0165 aj viacmiskov\u00e9 verzie (max 8-miskov\u00e9)<\/p>\n<p>Materi\u00e1l pou\u017eit\u00fd pri v\u00fdrobe je kvalitn\u00e1 stol\u00e1rska bukov\u00e1 preglejka.<\/p>\n","protected":false},"excerpt":{"rendered":"<p>Dreven\u00fd stojan na nerezov\u00e9 misky (misky s\u00fa s\u00fa\u010das\u0165ou balenia) pre ma\u010dky. Naklonenie misiek cca 10\u00b0. V\u00fd\u0161ka prednej hrany stojanu od zeme je 10cm, \u010fal\u0161ie rozmery = \u0161. 48cm, hl. 17,5cm Objem dod\u00e1van\u00fdch misiek 330ml Stojany pon\u00fakam v 3 vyhotoveniach (vi\u010f foto) Drevo v surovom stave bez n\u00e1teru Drevo o\u0161etren\u00e9 bezfarebn\u00fdm olejovoskom Drevo o\u0161etren\u00e9 laz\u00farou v [&hellip;]<\/p>\n","protected":false},"featured_media":1377,"comment_status":"open","ping_status":"closed","template":"","meta":{"_monsterinsights_skip_tracking":false,"_monsterinsights_sitenote_active":false,"_monsterinsights_sitenote_note":"","_monsterinsights_sitenote_category":0,"ngg_post_thumbnail":0},"product_brand":[],"product_cat":[63],"product_tag":[],"class_list":{"0":"post-1376","1":"product","2":"type-product","3":"status-publish","4":"has-post-thumbnail","6":"product_cat-pre-domacich-milacikov","8":"first","9":"instock","10":"shipping-taxable","11":"purchasable","12":"product-type-simple"},"yoast_head":"<!-- This site is optimized with the Yoast SEO plugin v27.4 - https:\/\/yoast.com\/product\/yoast-seo-wordpress\/ -->\n<title>Stojan na 3 misky, pre ma\u010dky - Tom\u00e1\u0161 Bodn\u00e1r TeWoo<\/title>\n<meta name=\"robots\" content=\"index, follow, max-snippet:-1, max-image-preview:large, max-video-preview:-1\" \/>\n<link rel=\"canonical\" href=\"https:\/\/tewoo.sk\/?product=stojan-na-3-misky-pre-macky\" \/>\n<meta property=\"og:locale\" content=\"sk_SK\" \/>\n<meta property=\"og:type\" content=\"article\" \/>\n<meta property=\"og:title\" content=\"Stojan na 3 misky, pre ma\u010dky - Tom\u00e1\u0161 Bodn\u00e1r TeWoo\" \/>\n<meta property=\"og:description\" content=\"Dreven\u00fd stojan na nerezov\u00e9 misky (misky s\u00fa s\u00fa\u010das\u0165ou balenia) pre ma\u010dky. Naklonenie misiek cca 10\u00b0. V\u00fd\u0161ka prednej hrany stojanu od zeme je 10cm, \u010fal\u0161ie rozmery = \u0161. 48cm, hl. 17,5cm Objem dod\u00e1van\u00fdch misiek 330ml Stojany pon\u00fakam v 3 vyhotoveniach (vi\u010f foto) Drevo v surovom stave bez n\u00e1teru Drevo o\u0161etren\u00e9 bezfarebn\u00fdm olejovoskom Drevo o\u0161etren\u00e9 laz\u00farou v [&hellip;]\" \/>\n<meta property=\"og:url\" content=\"https:\/\/tewoo.sk\/?product=stojan-na-3-misky-pre-macky\" \/>\n<meta property=\"og:site_name\" content=\"Tom\u00e1\u0161 Bodn\u00e1r TeWoo\" \/>\n<meta property=\"article:publisher\" content=\"https:\/\/www.facebook.com\/tewoo.sk\" \/>\n<meta property=\"article:modified_time\" content=\"2023-11-10T19:53:42+00:00\" \/>\n<meta property=\"og:image\" content=\"https:\/\/tewoo.sk\/wp-content\/uploads\/2023\/06\/3_stojan_lazura_orech_01.jpg\" \/>\n\t<meta property=\"og:image:width\" content=\"2000\" \/>\n\t<meta property=\"og:image:height\" content=\"2000\" \/>\n\t<meta property=\"og:image:type\" content=\"image\/jpeg\" \/>\n<meta name=\"twitter:card\" content=\"summary_large_image\" \/>\n<meta name=\"twitter:label1\" content=\"Predpokladan\u00fd \u010das \u010d\u00edtania\" \/>\n\t<meta name=\"twitter:data1\" content=\"1 min\u00fata\" \/>\n<script type=\"application\/ld+json\" class=\"yoast-schema-graph\">{\"@context\":\"https:\\\/\\\/schema.org\",\"@graph\":[{\"@type\":\"WebPage\",\"@id\":\"https:\\\/\\\/tewoo.sk\\\/?product=stojan-na-3-misky-pre-macky\",\"url\":\"https:\\\/\\\/tewoo.sk\\\/?product=stojan-na-3-misky-pre-macky\",\"name\":\"Stojan na 3 misky, pre ma\u010dky - Tom\u00e1\u0161 Bodn\u00e1r TeWoo\",\"isPartOf\":{\"@id\":\"https:\\\/\\\/tewoo.sk\\\/#website\"},\"primaryImageOfPage\":{\"@id\":\"https:\\\/\\\/tewoo.sk\\\/?product=stojan-na-3-misky-pre-macky#primaryimage\"},\"image\":{\"@id\":\"https:\\\/\\\/tewoo.sk\\\/?product=stojan-na-3-misky-pre-macky#primaryimage\"},\"thumbnailUrl\":\"https:\\\/\\\/tewoo.sk\\\/wp-content\\\/uploads\\\/2023\\\/06\\\/3_stojan_lazura_orech_01.jpg\",\"datePublished\":\"2023-06-25T22:29:50+00:00\",\"dateModified\":\"2023-11-10T19:53:42+00:00\",\"breadcrumb\":{\"@id\":\"https:\\\/\\\/tewoo.sk\\\/?product=stojan-na-3-misky-pre-macky#breadcrumb\"},\"inLanguage\":\"sk-SK\",\"potentialAction\":[{\"@type\":\"ReadAction\",\"target\":[\"https:\\\/\\\/tewoo.sk\\\/?product=stojan-na-3-misky-pre-macky\"]}]},{\"@type\":\"ImageObject\",\"inLanguage\":\"sk-SK\",\"@id\":\"https:\\\/\\\/tewoo.sk\\\/?product=stojan-na-3-misky-pre-macky#primaryimage\",\"url\":\"https:\\\/\\\/tewoo.sk\\\/wp-content\\\/uploads\\\/2023\\\/06\\\/3_stojan_lazura_orech_01.jpg\",\"contentUrl\":\"https:\\\/\\\/tewoo.sk\\\/wp-content\\\/uploads\\\/2023\\\/06\\\/3_stojan_lazura_orech_01.jpg\",\"width\":2000,\"height\":2000},{\"@type\":\"BreadcrumbList\",\"@id\":\"https:\\\/\\\/tewoo.sk\\\/?product=stojan-na-3-misky-pre-macky#breadcrumb\",\"itemListElement\":[{\"@type\":\"ListItem\",\"position\":1,\"name\":\"Home\",\"item\":\"https:\\\/\\\/tewoo.sk\\\/\"},{\"@type\":\"ListItem\",\"position\":2,\"name\":\"Obchod\",\"item\":\"https:\\\/\\\/tewoo.sk\\\/?page_id=165\"},{\"@type\":\"ListItem\",\"position\":3,\"name\":\"Stojan na 3 misky, pre ma\u010dky\"}]},{\"@type\":\"WebSite\",\"@id\":\"https:\\\/\\\/tewoo.sk\\\/#website\",\"url\":\"https:\\\/\\\/tewoo.sk\\\/\",\"name\":\"Drev\u00e1rska diel\u0148a TeWoo\",\"description\":\"V\u00fdrobky z dreva\",\"publisher\":{\"@id\":\"https:\\\/\\\/tewoo.sk\\\/#organization\"},\"potentialAction\":[{\"@type\":\"SearchAction\",\"target\":{\"@type\":\"EntryPoint\",\"urlTemplate\":\"https:\\\/\\\/tewoo.sk\\\/?s={search_term_string}\"},\"query-input\":{\"@type\":\"PropertyValueSpecification\",\"valueRequired\":true,\"valueName\":\"search_term_string\"}}],\"inLanguage\":\"sk-SK\"},{\"@type\":\"Organization\",\"@id\":\"https:\\\/\\\/tewoo.sk\\\/#organization\",\"name\":\"Drev\u00e1rska diel\u0148a TeWoo\",\"url\":\"https:\\\/\\\/tewoo.sk\\\/\",\"logo\":{\"@type\":\"ImageObject\",\"inLanguage\":\"sk-SK\",\"@id\":\"https:\\\/\\\/tewoo.sk\\\/#\\\/schema\\\/logo\\\/image\\\/\",\"url\":\"https:\\\/\\\/tewoo.sk\\\/wp-content\\\/uploads\\\/2021\\\/10\\\/logo-na-web3.png\",\"contentUrl\":\"https:\\\/\\\/tewoo.sk\\\/wp-content\\\/uploads\\\/2021\\\/10\\\/logo-na-web3.png\",\"width\":700,\"height\":700,\"caption\":\"Drev\u00e1rska diel\u0148a TeWoo\"},\"image\":{\"@id\":\"https:\\\/\\\/tewoo.sk\\\/#\\\/schema\\\/logo\\\/image\\\/\"},\"sameAs\":[\"https:\\\/\\\/www.facebook.com\\\/tewoo.sk\",\"https:\\\/\\\/www.instagram.com\\\/tewoo_sk\\\/\",\"https:\\\/\\\/sk.pinterest.com\\\/TewooSK\\\/\"]}]}<\/script>\n<!-- \/ Yoast SEO plugin. -->","yoast_head_json":{"title":"Stojan na 3 misky, pre ma\u010dky - Tom\u00e1\u0161 Bodn\u00e1r TeWoo","robots":{"index":"index","follow":"follow","max-snippet":"max-snippet:-1","max-image-preview":"max-image-preview:large","max-video-preview":"max-video-preview:-1"},"canonical":"https:\/\/tewoo.sk\/?product=stojan-na-3-misky-pre-macky","og_locale":"sk_SK","og_type":"article","og_title":"Stojan na 3 misky, pre ma\u010dky - Tom\u00e1\u0161 Bodn\u00e1r TeWoo","og_description":"Dreven\u00fd stojan na nerezov\u00e9 misky (misky s\u00fa s\u00fa\u010das\u0165ou balenia) pre ma\u010dky. Naklonenie misiek cca 10\u00b0. V\u00fd\u0161ka prednej hrany stojanu od zeme je 10cm, \u010fal\u0161ie rozmery = \u0161. 48cm, hl. 17,5cm Objem dod\u00e1van\u00fdch misiek 330ml Stojany pon\u00fakam v 3 vyhotoveniach (vi\u010f foto) Drevo v surovom stave bez n\u00e1teru Drevo o\u0161etren\u00e9 bezfarebn\u00fdm olejovoskom Drevo o\u0161etren\u00e9 laz\u00farou v [&hellip;]","og_url":"https:\/\/tewoo.sk\/?product=stojan-na-3-misky-pre-macky","og_site_name":"Tom\u00e1\u0161 Bodn\u00e1r TeWoo","article_publisher":"https:\/\/www.facebook.com\/tewoo.sk","article_modified_time":"2023-11-10T19:53:42+00:00","og_image":[{"width":2000,"height":2000,"url":"https:\/\/tewoo.sk\/wp-content\/uploads\/2023\/06\/3_stojan_lazura_orech_01.jpg","type":"image\/jpeg"}],"twitter_card":"summary_large_image","twitter_misc":{"Predpokladan\u00fd \u010das \u010d\u00edtania":"1 min\u00fata"},"schema":{"@context":"https:\/\/schema.org","@graph":[{"@type":"WebPage","@id":"https:\/\/tewoo.sk\/?product=stojan-na-3-misky-pre-macky","url":"https:\/\/tewoo.sk\/?product=stojan-na-3-misky-pre-macky","name":"Stojan na 3 misky, pre ma\u010dky - Tom\u00e1\u0161 Bodn\u00e1r TeWoo","isPartOf":{"@id":"https:\/\/tewoo.sk\/#website"},"primaryImageOfPage":{"@id":"https:\/\/tewoo.sk\/?product=stojan-na-3-misky-pre-macky#primaryimage"},"image":{"@id":"https:\/\/tewoo.sk\/?product=stojan-na-3-misky-pre-macky#primaryimage"},"thumbnailUrl":"https:\/\/tewoo.sk\/wp-content\/uploads\/2023\/06\/3_stojan_lazura_orech_01.jpg","datePublished":"2023-06-25T22:29:50+00:00","dateModified":"2023-11-10T19:53:42+00:00","breadcrumb":{"@id":"https:\/\/tewoo.sk\/?product=stojan-na-3-misky-pre-macky#breadcrumb"},"inLanguage":"sk-SK","potentialAction":[{"@type":"ReadAction","target":["https:\/\/tewoo.sk\/?product=stojan-na-3-misky-pre-macky"]}]},{"@type":"ImageObject","inLanguage":"sk-SK","@id":"https:\/\/tewoo.sk\/?product=stojan-na-3-misky-pre-macky#primaryimage","url":"https:\/\/tewoo.sk\/wp-content\/uploads\/2023\/06\/3_stojan_lazura_orech_01.jpg","contentUrl":"https:\/\/tewoo.sk\/wp-content\/uploads\/2023\/06\/3_stojan_lazura_orech_01.jpg","width":2000,"height":2000},{"@type":"BreadcrumbList","@id":"https:\/\/tewoo.sk\/?product=stojan-na-3-misky-pre-macky#breadcrumb","itemListElement":[{"@type":"ListItem","position":1,"name":"Home","item":"https:\/\/tewoo.sk\/"},{"@type":"ListItem","position":2,"name":"Obchod","item":"https:\/\/tewoo.sk\/?page_id=165"},{"@type":"ListItem","position":3,"name":"Stojan na 3 misky, pre ma\u010dky"}]},{"@type":"WebSite","@id":"https:\/\/tewoo.sk\/#website","url":"https:\/\/tewoo.sk\/","name":"Drev\u00e1rska diel\u0148a TeWoo","description":"V\u00fdrobky z dreva","publisher":{"@id":"https:\/\/tewoo.sk\/#organization"},"potentialAction":[{"@type":"SearchAction","target":{"@type":"EntryPoint","urlTemplate":"https:\/\/tewoo.sk\/?s={search_term_string}"},"query-input":{"@type":"PropertyValueSpecification","valueRequired":true,"valueName":"search_term_string"}}],"inLanguage":"sk-SK"},{"@type":"Organization","@id":"https:\/\/tewoo.sk\/#organization","name":"Drev\u00e1rska diel\u0148a TeWoo","url":"https:\/\/tewoo.sk\/","logo":{"@type":"ImageObject","inLanguage":"sk-SK","@id":"https:\/\/tewoo.sk\/#\/schema\/logo\/image\/","url":"https:\/\/tewoo.sk\/wp-content\/uploads\/2021\/10\/logo-na-web3.png","contentUrl":"https:\/\/tewoo.sk\/wp-content\/uploads\/2021\/10\/logo-na-web3.png","width":700,"height":700,"caption":"Drev\u00e1rska diel\u0148a TeWoo"},"image":{"@id":"https:\/\/tewoo.sk\/#\/schema\/logo\/image\/"},"sameAs":["https:\/\/www.facebook.com\/tewoo.sk","https:\/\/www.instagram.com\/tewoo_sk\/","https:\/\/sk.pinterest.com\/TewooSK\/"]}]}},"jetpack_sharing_enabled":true,"_links":{"self":[{"href":"https:\/\/tewoo.sk\/index.php?rest_route=\/wp\/v2\/product\/1376","targetHints":{"allow":["GET"]}}],"collection":[{"href":"https:\/\/tewoo.sk\/index.php?rest_route=\/wp\/v2\/product"}],"about":[{"href":"https:\/\/tewoo.sk\/index.php?rest_route=\/wp\/v2\/types\/product"}],"replies":[{"embeddable":true,"href":"https:\/\/tewoo.sk\/index.php?rest_route=%2Fwp%2Fv2%2Fcomments&post=1376"}],"wp:featuredmedia":[{"embeddable":true,"href":"https:\/\/tewoo.sk\/index.php?rest_route=\/wp\/v2\/media\/1377"}],"wp:attachment":[{"href":"https:\/\/tewoo.sk\/index.php?rest_route=%2Fwp%2Fv2%2Fmedia&parent=1376"}],"wp:term":[{"taxonomy":"product_brand","embeddable":true,"href":"https:\/\/tewoo.sk\/index.php?rest_route=%2Fwp%2Fv2%2Fproduct_brand&post=1376"},{"taxonomy":"product_cat","embeddable":true,"href":"https:\/\/tewoo.sk\/index.php?rest_route=%2Fwp%2Fv2%2Fproduct_cat&post=1376"},{"taxonomy":"product_tag","embeddable":true,"href":"https:\/\/tewoo.sk\/index.php?rest_route=%2Fwp%2Fv2%2Fproduct_tag&post=1376"}],"curies":[{"name":"wp","href":"https:\/\/api.w.org\/{rel}","templated":true}]}}