{"id":1546,"date":"2023-10-12T00:06:19","date_gmt":"2023-10-11T22:06:19","guid":{"rendered":"https:\/\/www.tewoo.sk\/?post_type=product&#038;p=1546"},"modified":"2024-08-15T09:09:14","modified_gmt":"2024-08-15T07:09:14","slug":"vtacia-budka-sykornik-ornament","status":"publish","type":"product","link":"https:\/\/tewoo.sk\/?product=vtacia-budka-sykornik-ornament","title":{"rendered":"Vt\u00e1\u010dia b\u00fadka, s\u00fdkorn\u00edk &#8211; ORNAMENT"},"content":{"rendered":"<p>Hniezdiaca b\u00fadka pre s\u00fdkorky (odpor\u00fa\u010dan\u00e9 parametre pod\u013ea ornitologick\u00fdch tabuliek), alebo aj in\u00e9 ve\u013ekos\u0165ou rovnak\u00e9 operence.<\/p>\n<p>B\u00fadka s fin\u00e1lnym n\u00e1terom a zdoben\u00edm. Ornamenty ma\u013eujem r\u00f4zne &#8211; pod\u013ea n\u00e1lady, in\u0161pir\u00e1cie at\u010f.<\/p>\n<p>Obr\u00e1zky s\u00fa ilustra\u010dn\u00e9, oh\u013eadne aktu\u00e1lnej ponuky ma pros\u00edm kontaktujte.<\/p>\n<p>Ornamenty ma\u013eujem aj na \u017eelanie (pri n\u00e1ro\u010dnej\u0161\u00edch a komplikovan\u00fdch ornamentoch sa cena prepo\u010d\u00edtava \ud83d\ude42 )<\/p>\n","protected":false},"excerpt":{"rendered":"<p>Hniezdiaca b\u00fadka pre s\u00fdkorky (odpor\u00fa\u010dan\u00e9 parametre pod\u013ea ornitologick\u00fdch tabuliek), alebo aj in\u00e9 ve\u013ekos\u0165ou rovnak\u00e9 operence. B\u00fadka s fin\u00e1lnym n\u00e1terom a zdoben\u00edm. Ornamenty ma\u013eujem r\u00f4zne &#8211; pod\u013ea n\u00e1lady, in\u0161pir\u00e1cie at\u010f. Obr\u00e1zky s\u00fa ilustra\u010dn\u00e9, oh\u013eadne aktu\u00e1lnej ponuky ma pros\u00edm kontaktujte. Ornamenty ma\u013eujem aj na \u017eelanie (pri n\u00e1ro\u010dnej\u0161\u00edch a komplikovan\u00fdch ornamentoch sa cena prepo\u010d\u00edtava \ud83d\ude42 )<\/p>\n","protected":false},"featured_media":1547,"comment_status":"open","ping_status":"closed","template":"","meta":{"_monsterinsights_skip_tracking":false,"_monsterinsights_sitenote_active":false,"_monsterinsights_sitenote_note":"","_monsterinsights_sitenote_category":0,"ngg_post_thumbnail":0},"product_brand":[],"product_cat":[57],"product_tag":[],"class_list":{"0":"post-1546","1":"product","2":"type-product","3":"status-publish","4":"has-post-thumbnail","6":"product_cat-zahrada","8":"first","9":"instock","10":"shipping-taxable","11":"purchasable","12":"product-type-simple"},"yoast_head":"<!-- This site is optimized with the Yoast SEO plugin v27.4 - https:\/\/yoast.com\/product\/yoast-seo-wordpress\/ -->\n<title>Vt\u00e1\u010dia b\u00fadka, s\u00fdkorn\u00edk - ORNAMENT - Tom\u00e1\u0161 Bodn\u00e1r TeWoo<\/title>\n<meta name=\"robots\" content=\"index, follow, max-snippet:-1, max-image-preview:large, max-video-preview:-1\" \/>\n<link rel=\"canonical\" href=\"https:\/\/tewoo.sk\/?product=vtacia-budka-sykornik-ornament\" \/>\n<meta property=\"og:locale\" content=\"sk_SK\" \/>\n<meta property=\"og:type\" content=\"article\" \/>\n<meta property=\"og:title\" content=\"Vt\u00e1\u010dia b\u00fadka, s\u00fdkorn\u00edk - ORNAMENT - Tom\u00e1\u0161 Bodn\u00e1r TeWoo\" \/>\n<meta property=\"og:description\" content=\"Hniezdiaca b\u00fadka pre s\u00fdkorky (odpor\u00fa\u010dan\u00e9 parametre pod\u013ea ornitologick\u00fdch tabuliek), alebo aj in\u00e9 ve\u013ekos\u0165ou rovnak\u00e9 operence. B\u00fadka s fin\u00e1lnym n\u00e1terom a zdoben\u00edm. Ornamenty ma\u013eujem r\u00f4zne &#8211; pod\u013ea n\u00e1lady, in\u0161pir\u00e1cie at\u010f. Obr\u00e1zky s\u00fa ilustra\u010dn\u00e9, oh\u013eadne aktu\u00e1lnej ponuky ma pros\u00edm kontaktujte. Ornamenty ma\u013eujem aj na \u017eelanie (pri n\u00e1ro\u010dnej\u0161\u00edch a komplikovan\u00fdch ornamentoch sa cena prepo\u010d\u00edtava \ud83d\ude42 )\" \/>\n<meta property=\"og:url\" content=\"https:\/\/tewoo.sk\/?product=vtacia-budka-sykornik-ornament\" \/>\n<meta property=\"og:site_name\" content=\"Tom\u00e1\u0161 Bodn\u00e1r TeWoo\" \/>\n<meta property=\"article:publisher\" content=\"https:\/\/www.facebook.com\/tewoo.sk\" \/>\n<meta property=\"article:modified_time\" content=\"2024-08-15T07:09:14+00:00\" \/>\n<meta property=\"og:image\" content=\"https:\/\/tewoo.sk\/wp-content\/uploads\/2023\/10\/385881727_1455651771674526_2885217643141632818_n.jpg\" \/>\n\t<meta property=\"og:image:width\" content=\"1671\" \/>\n\t<meta property=\"og:image:height\" content=\"1669\" \/>\n\t<meta property=\"og:image:type\" content=\"image\/jpeg\" \/>\n<meta name=\"twitter:card\" content=\"summary_large_image\" \/>\n<meta name=\"twitter:label1\" content=\"Predpokladan\u00fd \u010das \u010d\u00edtania\" \/>\n\t<meta name=\"twitter:data1\" content=\"1 min\u00fata\" \/>\n<script type=\"application\/ld+json\" class=\"yoast-schema-graph\">{\"@context\":\"https:\\\/\\\/schema.org\",\"@graph\":[{\"@type\":\"WebPage\",\"@id\":\"https:\\\/\\\/tewoo.sk\\\/?product=vtacia-budka-sykornik-ornament\",\"url\":\"https:\\\/\\\/tewoo.sk\\\/?product=vtacia-budka-sykornik-ornament\",\"name\":\"Vt\u00e1\u010dia b\u00fadka, s\u00fdkorn\u00edk - ORNAMENT - Tom\u00e1\u0161 Bodn\u00e1r TeWoo\",\"isPartOf\":{\"@id\":\"https:\\\/\\\/tewoo.sk\\\/#website\"},\"primaryImageOfPage\":{\"@id\":\"https:\\\/\\\/tewoo.sk\\\/?product=vtacia-budka-sykornik-ornament#primaryimage\"},\"image\":{\"@id\":\"https:\\\/\\\/tewoo.sk\\\/?product=vtacia-budka-sykornik-ornament#primaryimage\"},\"thumbnailUrl\":\"https:\\\/\\\/tewoo.sk\\\/wp-content\\\/uploads\\\/2023\\\/10\\\/385881727_1455651771674526_2885217643141632818_n.jpg\",\"datePublished\":\"2023-10-11T22:06:19+00:00\",\"dateModified\":\"2024-08-15T07:09:14+00:00\",\"breadcrumb\":{\"@id\":\"https:\\\/\\\/tewoo.sk\\\/?product=vtacia-budka-sykornik-ornament#breadcrumb\"},\"inLanguage\":\"sk-SK\",\"potentialAction\":[{\"@type\":\"ReadAction\",\"target\":[\"https:\\\/\\\/tewoo.sk\\\/?product=vtacia-budka-sykornik-ornament\"]}]},{\"@type\":\"ImageObject\",\"inLanguage\":\"sk-SK\",\"@id\":\"https:\\\/\\\/tewoo.sk\\\/?product=vtacia-budka-sykornik-ornament#primaryimage\",\"url\":\"https:\\\/\\\/tewoo.sk\\\/wp-content\\\/uploads\\\/2023\\\/10\\\/385881727_1455651771674526_2885217643141632818_n.jpg\",\"contentUrl\":\"https:\\\/\\\/tewoo.sk\\\/wp-content\\\/uploads\\\/2023\\\/10\\\/385881727_1455651771674526_2885217643141632818_n.jpg\",\"width\":1671,\"height\":1669,\"caption\":\"dav\"},{\"@type\":\"BreadcrumbList\",\"@id\":\"https:\\\/\\\/tewoo.sk\\\/?product=vtacia-budka-sykornik-ornament#breadcrumb\",\"itemListElement\":[{\"@type\":\"ListItem\",\"position\":1,\"name\":\"Home\",\"item\":\"https:\\\/\\\/tewoo.sk\\\/\"},{\"@type\":\"ListItem\",\"position\":2,\"name\":\"Obchod\",\"item\":\"https:\\\/\\\/tewoo.sk\\\/?page_id=165\"},{\"@type\":\"ListItem\",\"position\":3,\"name\":\"Vt\u00e1\u010dia b\u00fadka, s\u00fdkorn\u00edk &#8211; ORNAMENT\"}]},{\"@type\":\"WebSite\",\"@id\":\"https:\\\/\\\/tewoo.sk\\\/#website\",\"url\":\"https:\\\/\\\/tewoo.sk\\\/\",\"name\":\"Drev\u00e1rska diel\u0148a TeWoo\",\"description\":\"V\u00fdrobky z dreva\",\"publisher\":{\"@id\":\"https:\\\/\\\/tewoo.sk\\\/#organization\"},\"potentialAction\":[{\"@type\":\"SearchAction\",\"target\":{\"@type\":\"EntryPoint\",\"urlTemplate\":\"https:\\\/\\\/tewoo.sk\\\/?s={search_term_string}\"},\"query-input\":{\"@type\":\"PropertyValueSpecification\",\"valueRequired\":true,\"valueName\":\"search_term_string\"}}],\"inLanguage\":\"sk-SK\"},{\"@type\":\"Organization\",\"@id\":\"https:\\\/\\\/tewoo.sk\\\/#organization\",\"name\":\"Drev\u00e1rska diel\u0148a TeWoo\",\"url\":\"https:\\\/\\\/tewoo.sk\\\/\",\"logo\":{\"@type\":\"ImageObject\",\"inLanguage\":\"sk-SK\",\"@id\":\"https:\\\/\\\/tewoo.sk\\\/#\\\/schema\\\/logo\\\/image\\\/\",\"url\":\"https:\\\/\\\/tewoo.sk\\\/wp-content\\\/uploads\\\/2021\\\/10\\\/logo-na-web3.png\",\"contentUrl\":\"https:\\\/\\\/tewoo.sk\\\/wp-content\\\/uploads\\\/2021\\\/10\\\/logo-na-web3.png\",\"width\":700,\"height\":700,\"caption\":\"Drev\u00e1rska diel\u0148a TeWoo\"},\"image\":{\"@id\":\"https:\\\/\\\/tewoo.sk\\\/#\\\/schema\\\/logo\\\/image\\\/\"},\"sameAs\":[\"https:\\\/\\\/www.facebook.com\\\/tewoo.sk\",\"https:\\\/\\\/www.instagram.com\\\/tewoo_sk\\\/\",\"https:\\\/\\\/sk.pinterest.com\\\/TewooSK\\\/\"]}]}<\/script>\n<!-- \/ Yoast SEO plugin. -->","yoast_head_json":{"title":"Vt\u00e1\u010dia b\u00fadka, s\u00fdkorn\u00edk - ORNAMENT - Tom\u00e1\u0161 Bodn\u00e1r TeWoo","robots":{"index":"index","follow":"follow","max-snippet":"max-snippet:-1","max-image-preview":"max-image-preview:large","max-video-preview":"max-video-preview:-1"},"canonical":"https:\/\/tewoo.sk\/?product=vtacia-budka-sykornik-ornament","og_locale":"sk_SK","og_type":"article","og_title":"Vt\u00e1\u010dia b\u00fadka, s\u00fdkorn\u00edk - ORNAMENT - Tom\u00e1\u0161 Bodn\u00e1r TeWoo","og_description":"Hniezdiaca b\u00fadka pre s\u00fdkorky (odpor\u00fa\u010dan\u00e9 parametre pod\u013ea ornitologick\u00fdch tabuliek), alebo aj in\u00e9 ve\u013ekos\u0165ou rovnak\u00e9 operence. B\u00fadka s fin\u00e1lnym n\u00e1terom a zdoben\u00edm. Ornamenty ma\u013eujem r\u00f4zne &#8211; pod\u013ea n\u00e1lady, in\u0161pir\u00e1cie at\u010f. Obr\u00e1zky s\u00fa ilustra\u010dn\u00e9, oh\u013eadne aktu\u00e1lnej ponuky ma pros\u00edm kontaktujte. Ornamenty ma\u013eujem aj na \u017eelanie (pri n\u00e1ro\u010dnej\u0161\u00edch a komplikovan\u00fdch ornamentoch sa cena prepo\u010d\u00edtava \ud83d\ude42 )","og_url":"https:\/\/tewoo.sk\/?product=vtacia-budka-sykornik-ornament","og_site_name":"Tom\u00e1\u0161 Bodn\u00e1r TeWoo","article_publisher":"https:\/\/www.facebook.com\/tewoo.sk","article_modified_time":"2024-08-15T07:09:14+00:00","og_image":[{"width":1671,"height":1669,"url":"https:\/\/tewoo.sk\/wp-content\/uploads\/2023\/10\/385881727_1455651771674526_2885217643141632818_n.jpg","type":"image\/jpeg"}],"twitter_card":"summary_large_image","twitter_misc":{"Predpokladan\u00fd \u010das \u010d\u00edtania":"1 min\u00fata"},"schema":{"@context":"https:\/\/schema.org","@graph":[{"@type":"WebPage","@id":"https:\/\/tewoo.sk\/?product=vtacia-budka-sykornik-ornament","url":"https:\/\/tewoo.sk\/?product=vtacia-budka-sykornik-ornament","name":"Vt\u00e1\u010dia b\u00fadka, s\u00fdkorn\u00edk - ORNAMENT - Tom\u00e1\u0161 Bodn\u00e1r TeWoo","isPartOf":{"@id":"https:\/\/tewoo.sk\/#website"},"primaryImageOfPage":{"@id":"https:\/\/tewoo.sk\/?product=vtacia-budka-sykornik-ornament#primaryimage"},"image":{"@id":"https:\/\/tewoo.sk\/?product=vtacia-budka-sykornik-ornament#primaryimage"},"thumbnailUrl":"https:\/\/tewoo.sk\/wp-content\/uploads\/2023\/10\/385881727_1455651771674526_2885217643141632818_n.jpg","datePublished":"2023-10-11T22:06:19+00:00","dateModified":"2024-08-15T07:09:14+00:00","breadcrumb":{"@id":"https:\/\/tewoo.sk\/?product=vtacia-budka-sykornik-ornament#breadcrumb"},"inLanguage":"sk-SK","potentialAction":[{"@type":"ReadAction","target":["https:\/\/tewoo.sk\/?product=vtacia-budka-sykornik-ornament"]}]},{"@type":"ImageObject","inLanguage":"sk-SK","@id":"https:\/\/tewoo.sk\/?product=vtacia-budka-sykornik-ornament#primaryimage","url":"https:\/\/tewoo.sk\/wp-content\/uploads\/2023\/10\/385881727_1455651771674526_2885217643141632818_n.jpg","contentUrl":"https:\/\/tewoo.sk\/wp-content\/uploads\/2023\/10\/385881727_1455651771674526_2885217643141632818_n.jpg","width":1671,"height":1669,"caption":"dav"},{"@type":"BreadcrumbList","@id":"https:\/\/tewoo.sk\/?product=vtacia-budka-sykornik-ornament#breadcrumb","itemListElement":[{"@type":"ListItem","position":1,"name":"Home","item":"https:\/\/tewoo.sk\/"},{"@type":"ListItem","position":2,"name":"Obchod","item":"https:\/\/tewoo.sk\/?page_id=165"},{"@type":"ListItem","position":3,"name":"Vt\u00e1\u010dia b\u00fadka, s\u00fdkorn\u00edk &#8211; ORNAMENT"}]},{"@type":"WebSite","@id":"https:\/\/tewoo.sk\/#website","url":"https:\/\/tewoo.sk\/","name":"Drev\u00e1rska diel\u0148a TeWoo","description":"V\u00fdrobky z dreva","publisher":{"@id":"https:\/\/tewoo.sk\/#organization"},"potentialAction":[{"@type":"SearchAction","target":{"@type":"EntryPoint","urlTemplate":"https:\/\/tewoo.sk\/?s={search_term_string}"},"query-input":{"@type":"PropertyValueSpecification","valueRequired":true,"valueName":"search_term_string"}}],"inLanguage":"sk-SK"},{"@type":"Organization","@id":"https:\/\/tewoo.sk\/#organization","name":"Drev\u00e1rska diel\u0148a TeWoo","url":"https:\/\/tewoo.sk\/","logo":{"@type":"ImageObject","inLanguage":"sk-SK","@id":"https:\/\/tewoo.sk\/#\/schema\/logo\/image\/","url":"https:\/\/tewoo.sk\/wp-content\/uploads\/2021\/10\/logo-na-web3.png","contentUrl":"https:\/\/tewoo.sk\/wp-content\/uploads\/2021\/10\/logo-na-web3.png","width":700,"height":700,"caption":"Drev\u00e1rska diel\u0148a TeWoo"},"image":{"@id":"https:\/\/tewoo.sk\/#\/schema\/logo\/image\/"},"sameAs":["https:\/\/www.facebook.com\/tewoo.sk","https:\/\/www.instagram.com\/tewoo_sk\/","https:\/\/sk.pinterest.com\/TewooSK\/"]}]}},"jetpack_sharing_enabled":true,"_links":{"self":[{"href":"https:\/\/tewoo.sk\/index.php?rest_route=\/wp\/v2\/product\/1546","targetHints":{"allow":["GET"]}}],"collection":[{"href":"https:\/\/tewoo.sk\/index.php?rest_route=\/wp\/v2\/product"}],"about":[{"href":"https:\/\/tewoo.sk\/index.php?rest_route=\/wp\/v2\/types\/product"}],"replies":[{"embeddable":true,"href":"https:\/\/tewoo.sk\/index.php?rest_route=%2Fwp%2Fv2%2Fcomments&post=1546"}],"wp:featuredmedia":[{"embeddable":true,"href":"https:\/\/tewoo.sk\/index.php?rest_route=\/wp\/v2\/media\/1547"}],"wp:attachment":[{"href":"https:\/\/tewoo.sk\/index.php?rest_route=%2Fwp%2Fv2%2Fmedia&parent=1546"}],"wp:term":[{"taxonomy":"product_brand","embeddable":true,"href":"https:\/\/tewoo.sk\/index.php?rest_route=%2Fwp%2Fv2%2Fproduct_brand&post=1546"},{"taxonomy":"product_cat","embeddable":true,"href":"https:\/\/tewoo.sk\/index.php?rest_route=%2Fwp%2Fv2%2Fproduct_cat&post=1546"},{"taxonomy":"product_tag","embeddable":true,"href":"https:\/\/tewoo.sk\/index.php?rest_route=%2Fwp%2Fv2%2Fproduct_tag&post=1546"}],"curies":[{"name":"wp","href":"https:\/\/api.w.org\/{rel}","templated":true}]}}