{"id":1618,"date":"2023-11-10T18:53:28","date_gmt":"2023-11-10T17:53:28","guid":{"rendered":"https:\/\/www.tewoo.sk\/?post_type=product&#038;p=1618"},"modified":"2023-11-10T20:49:30","modified_gmt":"2023-11-10T19:49:30","slug":"krosienka-na-tkanie-4-17n","status":"publish","type":"product","link":"https:\/\/tewoo.sk\/?product=krosienka-na-tkanie-4-17n","title":{"rendered":"Krosienka na tkanie 4 (17n)"},"content":{"rendered":"<p>Mo\u017eno na\u0161e babky \u010di prababky by e\u0161te vedeli pospom\u00edna\u0165 na&nbsp; tkanie pomocou tak\u00fdchto do\u0161ti\u010diek. Vyr\u00e1bali si takto r\u00f4zne tkanice, opasky, \u0161n\u00farky at\u010f. T\u00e1to jednoduch\u00e1 technika ru\u010dn\u00e9ho tkania v\u0161ak bola zn\u00e1ma u\u017e od prad\u00e1vna \u010do dokazuj\u00fa aj n\u00e1lezy v r\u00f4znych k\u00fatoch sveta. U n\u00e1s je jedn\u00fdm z pou\u017e\u00edvan\u00fdch n\u00e1zvov aj &#8222;krosienka&#8220;.<\/p>\n<p>Doska je vyroben\u00e1 z bukovej preglejky v kombin\u00e1cii s jase\u0148om. Ihla\/\u010dlnok je vyroben\u00fd z bukovej preglejky.<\/p>\n<p>Z tohto modelu m\u00e1m v ponuke 3 r\u00f4zne ve\u013ekosti = na 17, 33 a 51 nit\u00ed.<\/p>\n<p>Drevo som o\u0161etril \u013eanov\u00fdm olejom.<\/p>\n","protected":false},"excerpt":{"rendered":"<p>Mo\u017eno na\u0161e babky \u010di prababky by e\u0161te vedeli pospom\u00edna\u0165 na&nbsp; tkanie pomocou tak\u00fdchto do\u0161ti\u010diek. Vyr\u00e1bali si takto r\u00f4zne tkanice, opasky, \u0161n\u00farky at\u010f. T\u00e1to jednoduch\u00e1 technika ru\u010dn\u00e9ho tkania v\u0161ak bola zn\u00e1ma u\u017e od prad\u00e1vna \u010do dokazuj\u00fa aj n\u00e1lezy v r\u00f4znych k\u00fatoch sveta. U n\u00e1s je jedn\u00fdm z pou\u017e\u00edvan\u00fdch n\u00e1zvov aj &#8222;krosienka&#8220;. Doska je vyroben\u00e1 z bukovej [&hellip;]<\/p>\n","protected":false},"featured_media":1622,"comment_status":"open","ping_status":"closed","template":"","meta":{"_monsterinsights_skip_tracking":false,"_monsterinsights_sitenote_active":false,"_monsterinsights_sitenote_note":"","_monsterinsights_sitenote_category":0,"ngg_post_thumbnail":0},"product_brand":[],"product_cat":[64],"product_tag":[],"class_list":{"0":"post-1618","1":"product","2":"type-product","3":"status-publish","4":"has-post-thumbnail","6":"product_cat-rucne-prace-nastroje","8":"first","9":"onbackorder","10":"shipping-taxable","11":"purchasable","12":"product-type-simple"},"yoast_head":"<!-- This site is optimized with the Yoast SEO plugin v27.4 - https:\/\/yoast.com\/product\/yoast-seo-wordpress\/ -->\n<title>Krosienka na tkanie 4 (17n) - Tom\u00e1\u0161 Bodn\u00e1r TeWoo<\/title>\n<meta name=\"robots\" content=\"index, follow, max-snippet:-1, max-image-preview:large, max-video-preview:-1\" \/>\n<link rel=\"canonical\" href=\"https:\/\/tewoo.sk\/?product=krosienka-na-tkanie-4-17n\" \/>\n<meta property=\"og:locale\" content=\"sk_SK\" \/>\n<meta property=\"og:type\" content=\"article\" \/>\n<meta property=\"og:title\" content=\"Krosienka na tkanie 4 (17n) - Tom\u00e1\u0161 Bodn\u00e1r TeWoo\" \/>\n<meta property=\"og:description\" content=\"Mo\u017eno na\u0161e babky \u010di prababky by e\u0161te vedeli pospom\u00edna\u0165 na&nbsp; tkanie pomocou tak\u00fdchto do\u0161ti\u010diek. Vyr\u00e1bali si takto r\u00f4zne tkanice, opasky, \u0161n\u00farky at\u010f. T\u00e1to jednoduch\u00e1 technika ru\u010dn\u00e9ho tkania v\u0161ak bola zn\u00e1ma u\u017e od prad\u00e1vna \u010do dokazuj\u00fa aj n\u00e1lezy v r\u00f4znych k\u00fatoch sveta. U n\u00e1s je jedn\u00fdm z pou\u017e\u00edvan\u00fdch n\u00e1zvov aj &#8222;krosienka&#8220;. Doska je vyroben\u00e1 z bukovej [&hellip;]\" \/>\n<meta property=\"og:url\" content=\"https:\/\/tewoo.sk\/?product=krosienka-na-tkanie-4-17n\" \/>\n<meta property=\"og:site_name\" content=\"Tom\u00e1\u0161 Bodn\u00e1r TeWoo\" \/>\n<meta property=\"article:publisher\" content=\"https:\/\/www.facebook.com\/tewoo.sk\" \/>\n<meta property=\"article:modified_time\" content=\"2023-11-10T19:49:30+00:00\" \/>\n<meta property=\"og:image\" content=\"https:\/\/tewoo.sk\/wp-content\/uploads\/2023\/11\/krosienka_04.jpg\" \/>\n\t<meta property=\"og:image:width\" content=\"2000\" \/>\n\t<meta property=\"og:image:height\" content=\"2000\" \/>\n\t<meta property=\"og:image:type\" content=\"image\/jpeg\" \/>\n<meta name=\"twitter:card\" content=\"summary_large_image\" \/>\n<meta name=\"twitter:label1\" content=\"Predpokladan\u00fd \u010das \u010d\u00edtania\" \/>\n\t<meta name=\"twitter:data1\" content=\"1 min\u00fata\" \/>\n<script type=\"application\/ld+json\" class=\"yoast-schema-graph\">{\"@context\":\"https:\\\/\\\/schema.org\",\"@graph\":[{\"@type\":\"WebPage\",\"@id\":\"https:\\\/\\\/tewoo.sk\\\/?product=krosienka-na-tkanie-4-17n\",\"url\":\"https:\\\/\\\/tewoo.sk\\\/?product=krosienka-na-tkanie-4-17n\",\"name\":\"Krosienka na tkanie 4 (17n) - Tom\u00e1\u0161 Bodn\u00e1r TeWoo\",\"isPartOf\":{\"@id\":\"https:\\\/\\\/tewoo.sk\\\/#website\"},\"primaryImageOfPage\":{\"@id\":\"https:\\\/\\\/tewoo.sk\\\/?product=krosienka-na-tkanie-4-17n#primaryimage\"},\"image\":{\"@id\":\"https:\\\/\\\/tewoo.sk\\\/?product=krosienka-na-tkanie-4-17n#primaryimage\"},\"thumbnailUrl\":\"https:\\\/\\\/tewoo.sk\\\/wp-content\\\/uploads\\\/2023\\\/11\\\/krosienka_04.jpg\",\"datePublished\":\"2023-11-10T17:53:28+00:00\",\"dateModified\":\"2023-11-10T19:49:30+00:00\",\"breadcrumb\":{\"@id\":\"https:\\\/\\\/tewoo.sk\\\/?product=krosienka-na-tkanie-4-17n#breadcrumb\"},\"inLanguage\":\"sk-SK\",\"potentialAction\":[{\"@type\":\"ReadAction\",\"target\":[\"https:\\\/\\\/tewoo.sk\\\/?product=krosienka-na-tkanie-4-17n\"]}]},{\"@type\":\"ImageObject\",\"inLanguage\":\"sk-SK\",\"@id\":\"https:\\\/\\\/tewoo.sk\\\/?product=krosienka-na-tkanie-4-17n#primaryimage\",\"url\":\"https:\\\/\\\/tewoo.sk\\\/wp-content\\\/uploads\\\/2023\\\/11\\\/krosienka_04.jpg\",\"contentUrl\":\"https:\\\/\\\/tewoo.sk\\\/wp-content\\\/uploads\\\/2023\\\/11\\\/krosienka_04.jpg\",\"width\":2000,\"height\":2000},{\"@type\":\"BreadcrumbList\",\"@id\":\"https:\\\/\\\/tewoo.sk\\\/?product=krosienka-na-tkanie-4-17n#breadcrumb\",\"itemListElement\":[{\"@type\":\"ListItem\",\"position\":1,\"name\":\"Home\",\"item\":\"https:\\\/\\\/tewoo.sk\\\/\"},{\"@type\":\"ListItem\",\"position\":2,\"name\":\"Obchod\",\"item\":\"https:\\\/\\\/tewoo.sk\\\/?page_id=165\"},{\"@type\":\"ListItem\",\"position\":3,\"name\":\"Krosienka na tkanie 4 (17n)\"}]},{\"@type\":\"WebSite\",\"@id\":\"https:\\\/\\\/tewoo.sk\\\/#website\",\"url\":\"https:\\\/\\\/tewoo.sk\\\/\",\"name\":\"Drev\u00e1rska diel\u0148a TeWoo\",\"description\":\"V\u00fdrobky z dreva\",\"publisher\":{\"@id\":\"https:\\\/\\\/tewoo.sk\\\/#organization\"},\"potentialAction\":[{\"@type\":\"SearchAction\",\"target\":{\"@type\":\"EntryPoint\",\"urlTemplate\":\"https:\\\/\\\/tewoo.sk\\\/?s={search_term_string}\"},\"query-input\":{\"@type\":\"PropertyValueSpecification\",\"valueRequired\":true,\"valueName\":\"search_term_string\"}}],\"inLanguage\":\"sk-SK\"},{\"@type\":\"Organization\",\"@id\":\"https:\\\/\\\/tewoo.sk\\\/#organization\",\"name\":\"Drev\u00e1rska diel\u0148a TeWoo\",\"url\":\"https:\\\/\\\/tewoo.sk\\\/\",\"logo\":{\"@type\":\"ImageObject\",\"inLanguage\":\"sk-SK\",\"@id\":\"https:\\\/\\\/tewoo.sk\\\/#\\\/schema\\\/logo\\\/image\\\/\",\"url\":\"https:\\\/\\\/tewoo.sk\\\/wp-content\\\/uploads\\\/2021\\\/10\\\/logo-na-web3.png\",\"contentUrl\":\"https:\\\/\\\/tewoo.sk\\\/wp-content\\\/uploads\\\/2021\\\/10\\\/logo-na-web3.png\",\"width\":700,\"height\":700,\"caption\":\"Drev\u00e1rska diel\u0148a TeWoo\"},\"image\":{\"@id\":\"https:\\\/\\\/tewoo.sk\\\/#\\\/schema\\\/logo\\\/image\\\/\"},\"sameAs\":[\"https:\\\/\\\/www.facebook.com\\\/tewoo.sk\",\"https:\\\/\\\/www.instagram.com\\\/tewoo_sk\\\/\",\"https:\\\/\\\/sk.pinterest.com\\\/TewooSK\\\/\"]}]}<\/script>\n<!-- \/ Yoast SEO plugin. -->","yoast_head_json":{"title":"Krosienka na tkanie 4 (17n) - Tom\u00e1\u0161 Bodn\u00e1r TeWoo","robots":{"index":"index","follow":"follow","max-snippet":"max-snippet:-1","max-image-preview":"max-image-preview:large","max-video-preview":"max-video-preview:-1"},"canonical":"https:\/\/tewoo.sk\/?product=krosienka-na-tkanie-4-17n","og_locale":"sk_SK","og_type":"article","og_title":"Krosienka na tkanie 4 (17n) - Tom\u00e1\u0161 Bodn\u00e1r TeWoo","og_description":"Mo\u017eno na\u0161e babky \u010di prababky by e\u0161te vedeli pospom\u00edna\u0165 na&nbsp; tkanie pomocou tak\u00fdchto do\u0161ti\u010diek. Vyr\u00e1bali si takto r\u00f4zne tkanice, opasky, \u0161n\u00farky at\u010f. T\u00e1to jednoduch\u00e1 technika ru\u010dn\u00e9ho tkania v\u0161ak bola zn\u00e1ma u\u017e od prad\u00e1vna \u010do dokazuj\u00fa aj n\u00e1lezy v r\u00f4znych k\u00fatoch sveta. U n\u00e1s je jedn\u00fdm z pou\u017e\u00edvan\u00fdch n\u00e1zvov aj &#8222;krosienka&#8220;. Doska je vyroben\u00e1 z bukovej [&hellip;]","og_url":"https:\/\/tewoo.sk\/?product=krosienka-na-tkanie-4-17n","og_site_name":"Tom\u00e1\u0161 Bodn\u00e1r TeWoo","article_publisher":"https:\/\/www.facebook.com\/tewoo.sk","article_modified_time":"2023-11-10T19:49:30+00:00","og_image":[{"width":2000,"height":2000,"url":"https:\/\/tewoo.sk\/wp-content\/uploads\/2023\/11\/krosienka_04.jpg","type":"image\/jpeg"}],"twitter_card":"summary_large_image","twitter_misc":{"Predpokladan\u00fd \u010das \u010d\u00edtania":"1 min\u00fata"},"schema":{"@context":"https:\/\/schema.org","@graph":[{"@type":"WebPage","@id":"https:\/\/tewoo.sk\/?product=krosienka-na-tkanie-4-17n","url":"https:\/\/tewoo.sk\/?product=krosienka-na-tkanie-4-17n","name":"Krosienka na tkanie 4 (17n) - Tom\u00e1\u0161 Bodn\u00e1r TeWoo","isPartOf":{"@id":"https:\/\/tewoo.sk\/#website"},"primaryImageOfPage":{"@id":"https:\/\/tewoo.sk\/?product=krosienka-na-tkanie-4-17n#primaryimage"},"image":{"@id":"https:\/\/tewoo.sk\/?product=krosienka-na-tkanie-4-17n#primaryimage"},"thumbnailUrl":"https:\/\/tewoo.sk\/wp-content\/uploads\/2023\/11\/krosienka_04.jpg","datePublished":"2023-11-10T17:53:28+00:00","dateModified":"2023-11-10T19:49:30+00:00","breadcrumb":{"@id":"https:\/\/tewoo.sk\/?product=krosienka-na-tkanie-4-17n#breadcrumb"},"inLanguage":"sk-SK","potentialAction":[{"@type":"ReadAction","target":["https:\/\/tewoo.sk\/?product=krosienka-na-tkanie-4-17n"]}]},{"@type":"ImageObject","inLanguage":"sk-SK","@id":"https:\/\/tewoo.sk\/?product=krosienka-na-tkanie-4-17n#primaryimage","url":"https:\/\/tewoo.sk\/wp-content\/uploads\/2023\/11\/krosienka_04.jpg","contentUrl":"https:\/\/tewoo.sk\/wp-content\/uploads\/2023\/11\/krosienka_04.jpg","width":2000,"height":2000},{"@type":"BreadcrumbList","@id":"https:\/\/tewoo.sk\/?product=krosienka-na-tkanie-4-17n#breadcrumb","itemListElement":[{"@type":"ListItem","position":1,"name":"Home","item":"https:\/\/tewoo.sk\/"},{"@type":"ListItem","position":2,"name":"Obchod","item":"https:\/\/tewoo.sk\/?page_id=165"},{"@type":"ListItem","position":3,"name":"Krosienka na tkanie 4 (17n)"}]},{"@type":"WebSite","@id":"https:\/\/tewoo.sk\/#website","url":"https:\/\/tewoo.sk\/","name":"Drev\u00e1rska diel\u0148a TeWoo","description":"V\u00fdrobky z dreva","publisher":{"@id":"https:\/\/tewoo.sk\/#organization"},"potentialAction":[{"@type":"SearchAction","target":{"@type":"EntryPoint","urlTemplate":"https:\/\/tewoo.sk\/?s={search_term_string}"},"query-input":{"@type":"PropertyValueSpecification","valueRequired":true,"valueName":"search_term_string"}}],"inLanguage":"sk-SK"},{"@type":"Organization","@id":"https:\/\/tewoo.sk\/#organization","name":"Drev\u00e1rska diel\u0148a TeWoo","url":"https:\/\/tewoo.sk\/","logo":{"@type":"ImageObject","inLanguage":"sk-SK","@id":"https:\/\/tewoo.sk\/#\/schema\/logo\/image\/","url":"https:\/\/tewoo.sk\/wp-content\/uploads\/2021\/10\/logo-na-web3.png","contentUrl":"https:\/\/tewoo.sk\/wp-content\/uploads\/2021\/10\/logo-na-web3.png","width":700,"height":700,"caption":"Drev\u00e1rska diel\u0148a TeWoo"},"image":{"@id":"https:\/\/tewoo.sk\/#\/schema\/logo\/image\/"},"sameAs":["https:\/\/www.facebook.com\/tewoo.sk","https:\/\/www.instagram.com\/tewoo_sk\/","https:\/\/sk.pinterest.com\/TewooSK\/"]}]}},"jetpack_sharing_enabled":true,"_links":{"self":[{"href":"https:\/\/tewoo.sk\/index.php?rest_route=\/wp\/v2\/product\/1618","targetHints":{"allow":["GET"]}}],"collection":[{"href":"https:\/\/tewoo.sk\/index.php?rest_route=\/wp\/v2\/product"}],"about":[{"href":"https:\/\/tewoo.sk\/index.php?rest_route=\/wp\/v2\/types\/product"}],"replies":[{"embeddable":true,"href":"https:\/\/tewoo.sk\/index.php?rest_route=%2Fwp%2Fv2%2Fcomments&post=1618"}],"wp:featuredmedia":[{"embeddable":true,"href":"https:\/\/tewoo.sk\/index.php?rest_route=\/wp\/v2\/media\/1622"}],"wp:attachment":[{"href":"https:\/\/tewoo.sk\/index.php?rest_route=%2Fwp%2Fv2%2Fmedia&parent=1618"}],"wp:term":[{"taxonomy":"product_brand","embeddable":true,"href":"https:\/\/tewoo.sk\/index.php?rest_route=%2Fwp%2Fv2%2Fproduct_brand&post=1618"},{"taxonomy":"product_cat","embeddable":true,"href":"https:\/\/tewoo.sk\/index.php?rest_route=%2Fwp%2Fv2%2Fproduct_cat&post=1618"},{"taxonomy":"product_tag","embeddable":true,"href":"https:\/\/tewoo.sk\/index.php?rest_route=%2Fwp%2Fv2%2Fproduct_tag&post=1618"}],"curies":[{"name":"wp","href":"https:\/\/api.w.org\/{rel}","templated":true}]}}