{"id":497,"date":"2021-10-09T20:12:07","date_gmt":"2021-10-09T18:12:07","guid":{"rendered":"https:\/\/www.tewoo.sk\/web\/?post_type=product&#038;p=497"},"modified":"2025-12-17T21:53:11","modified_gmt":"2025-12-17T20:53:11","slug":"skladaci-stromcek","status":"publish","type":"product","link":"https:\/\/tewoo.sk\/?product=skladaci-stromcek","title":{"rendered":"Skladac\u00ed strom\u010dek"},"content":{"rendered":"<p>Dreven\u00fd viano\u010dn\u00fd strom\u010dek v podobe jednoduchej sklada\u010dky. \u013dahk\u00e9, r\u00fdchle a z\u00e1bavn\u00e9 skladanie pre mal\u00fdch aj ve\u013ek\u00fdch.<\/p>\n<p>Set obsahuje v\u0161etky potrebn\u00e9 komponenty a na jeho zlo\u017eenie nie je potrebn\u00e9 \u017eiadne n\u00e1radie .<\/p>\n<p>Diely strom\u010deka s\u00fa z kr\u00e1sneho a vo\u0148av\u00e9ho borovicov\u00e9ho dreva.<\/p>\n<p>Po zlo\u017een\u00ed strom\u010deka sa v\u00e1m hne\u010f pon\u00fakne nieko\u013eko mo\u017enost\u00ed ako ho &#8222;nastavi\u0165&#8220; (vid foto).<\/p>\n<p>Pod\u013ea n\u00e1lady si ho m\u00f4\u017eete k\u013eudne ka\u017ed\u00fd de\u0148 meni\u0165 \ud83d\ude42<\/p>\n<p>Rozmery : v\u00fd\u0161ka 69cm, \u0161\u00edrka 46cm<\/p>\n<p>Drevo je v surovom, neo\u0161etrenom stave.<\/p>\n","protected":false},"excerpt":{"rendered":"<p>Dreven\u00fd viano\u010dn\u00fd strom\u010dek v podobe jednoduchej sklada\u010dky. \u013dahk\u00e9, r\u00fdchle a z\u00e1bavn\u00e9 skladanie pre mal\u00fdch aj ve\u013ek\u00fdch. Set obsahuje v\u0161etky potrebn\u00e9 komponenty a na jeho zlo\u017eenie nie je potrebn\u00e9 \u017eiadne n\u00e1radie . Diely strom\u010deka s\u00fa z kr\u00e1sneho a vo\u0148av\u00e9ho borovicov\u00e9ho dreva. Po zlo\u017een\u00ed strom\u010deka sa v\u00e1m hne\u010f pon\u00fakne nieko\u013eko mo\u017enost\u00ed ako ho &#8222;nastavi\u0165&#8220; (vid foto). Pod\u013ea [&hellip;]<\/p>\n","protected":false},"featured_media":495,"comment_status":"open","ping_status":"closed","template":"","meta":{"_monsterinsights_skip_tracking":false,"_monsterinsights_sitenote_active":false,"_monsterinsights_sitenote_note":"","_monsterinsights_sitenote_category":0,"ngg_post_thumbnail":0},"product_brand":[],"product_cat":[46],"product_tag":[],"class_list":{"0":"post-497","1":"product","2":"type-product","3":"status-publish","4":"has-post-thumbnail","6":"product_cat-byvanie-dekoracie","8":"first","9":"instock","10":"sale","11":"shipping-taxable","12":"purchasable","13":"product-type-simple"},"yoast_head":"<!-- This site is optimized with the Yoast SEO plugin v27.4 - https:\/\/yoast.com\/product\/yoast-seo-wordpress\/ -->\n<title>Skladac\u00ed strom\u010dek - Tom\u00e1\u0161 Bodn\u00e1r TeWoo<\/title>\n<meta name=\"robots\" content=\"index, follow, max-snippet:-1, max-image-preview:large, max-video-preview:-1\" \/>\n<link rel=\"canonical\" href=\"https:\/\/tewoo.sk\/?product=skladaci-stromcek\" \/>\n<meta property=\"og:locale\" content=\"sk_SK\" \/>\n<meta property=\"og:type\" content=\"article\" \/>\n<meta property=\"og:title\" content=\"Skladac\u00ed strom\u010dek - Tom\u00e1\u0161 Bodn\u00e1r TeWoo\" \/>\n<meta property=\"og:description\" content=\"Dreven\u00fd viano\u010dn\u00fd strom\u010dek v podobe jednoduchej sklada\u010dky. \u013dahk\u00e9, r\u00fdchle a z\u00e1bavn\u00e9 skladanie pre mal\u00fdch aj ve\u013ek\u00fdch. Set obsahuje v\u0161etky potrebn\u00e9 komponenty a na jeho zlo\u017eenie nie je potrebn\u00e9 \u017eiadne n\u00e1radie . Diely strom\u010deka s\u00fa z kr\u00e1sneho a vo\u0148av\u00e9ho borovicov\u00e9ho dreva. Po zlo\u017een\u00ed strom\u010deka sa v\u00e1m hne\u010f pon\u00fakne nieko\u013eko mo\u017enost\u00ed ako ho &#8222;nastavi\u0165&#8220; (vid foto). Pod\u013ea [&hellip;]\" \/>\n<meta property=\"og:url\" content=\"https:\/\/tewoo.sk\/?product=skladaci-stromcek\" \/>\n<meta property=\"og:site_name\" content=\"Tom\u00e1\u0161 Bodn\u00e1r TeWoo\" \/>\n<meta property=\"article:publisher\" content=\"https:\/\/www.facebook.com\/tewoo.sk\" \/>\n<meta property=\"article:modified_time\" content=\"2025-12-17T20:53:11+00:00\" \/>\n<meta property=\"og:image\" content=\"https:\/\/tewoo.sk\/wp-content\/uploads\/2021\/10\/stromcek3-1024x1024.jpg\" \/>\n\t<meta property=\"og:image:width\" content=\"1024\" \/>\n\t<meta property=\"og:image:height\" content=\"1024\" \/>\n\t<meta property=\"og:image:type\" content=\"image\/jpeg\" \/>\n<meta name=\"twitter:card\" content=\"summary_large_image\" \/>\n<meta name=\"twitter:label1\" content=\"Predpokladan\u00fd \u010das \u010d\u00edtania\" \/>\n\t<meta name=\"twitter:data1\" content=\"1 min\u00fata\" \/>\n<script type=\"application\/ld+json\" class=\"yoast-schema-graph\">{\"@context\":\"https:\\\/\\\/schema.org\",\"@graph\":[{\"@type\":\"WebPage\",\"@id\":\"https:\\\/\\\/tewoo.sk\\\/?product=skladaci-stromcek\",\"url\":\"https:\\\/\\\/tewoo.sk\\\/?product=skladaci-stromcek\",\"name\":\"Skladac\u00ed strom\u010dek - Tom\u00e1\u0161 Bodn\u00e1r TeWoo\",\"isPartOf\":{\"@id\":\"https:\\\/\\\/tewoo.sk\\\/#website\"},\"primaryImageOfPage\":{\"@id\":\"https:\\\/\\\/tewoo.sk\\\/?product=skladaci-stromcek#primaryimage\"},\"image\":{\"@id\":\"https:\\\/\\\/tewoo.sk\\\/?product=skladaci-stromcek#primaryimage\"},\"thumbnailUrl\":\"https:\\\/\\\/tewoo.sk\\\/wp-content\\\/uploads\\\/2021\\\/10\\\/stromcek3.jpg\",\"datePublished\":\"2021-10-09T18:12:07+00:00\",\"dateModified\":\"2025-12-17T20:53:11+00:00\",\"breadcrumb\":{\"@id\":\"https:\\\/\\\/tewoo.sk\\\/?product=skladaci-stromcek#breadcrumb\"},\"inLanguage\":\"sk-SK\",\"potentialAction\":[{\"@type\":\"ReadAction\",\"target\":[\"https:\\\/\\\/tewoo.sk\\\/?product=skladaci-stromcek\"]}]},{\"@type\":\"ImageObject\",\"inLanguage\":\"sk-SK\",\"@id\":\"https:\\\/\\\/tewoo.sk\\\/?product=skladaci-stromcek#primaryimage\",\"url\":\"https:\\\/\\\/tewoo.sk\\\/wp-content\\\/uploads\\\/2021\\\/10\\\/stromcek3.jpg\",\"contentUrl\":\"https:\\\/\\\/tewoo.sk\\\/wp-content\\\/uploads\\\/2021\\\/10\\\/stromcek3.jpg\",\"width\":2000,\"height\":2000},{\"@type\":\"BreadcrumbList\",\"@id\":\"https:\\\/\\\/tewoo.sk\\\/?product=skladaci-stromcek#breadcrumb\",\"itemListElement\":[{\"@type\":\"ListItem\",\"position\":1,\"name\":\"Home\",\"item\":\"https:\\\/\\\/tewoo.sk\\\/\"},{\"@type\":\"ListItem\",\"position\":2,\"name\":\"Obchod\",\"item\":\"https:\\\/\\\/tewoo.sk\\\/?page_id=165\"},{\"@type\":\"ListItem\",\"position\":3,\"name\":\"Skladac\u00ed strom\u010dek\"}]},{\"@type\":\"WebSite\",\"@id\":\"https:\\\/\\\/tewoo.sk\\\/#website\",\"url\":\"https:\\\/\\\/tewoo.sk\\\/\",\"name\":\"Drev\u00e1rska diel\u0148a TeWoo\",\"description\":\"V\u00fdrobky z dreva\",\"publisher\":{\"@id\":\"https:\\\/\\\/tewoo.sk\\\/#organization\"},\"potentialAction\":[{\"@type\":\"SearchAction\",\"target\":{\"@type\":\"EntryPoint\",\"urlTemplate\":\"https:\\\/\\\/tewoo.sk\\\/?s={search_term_string}\"},\"query-input\":{\"@type\":\"PropertyValueSpecification\",\"valueRequired\":true,\"valueName\":\"search_term_string\"}}],\"inLanguage\":\"sk-SK\"},{\"@type\":\"Organization\",\"@id\":\"https:\\\/\\\/tewoo.sk\\\/#organization\",\"name\":\"Drev\u00e1rska diel\u0148a TeWoo\",\"url\":\"https:\\\/\\\/tewoo.sk\\\/\",\"logo\":{\"@type\":\"ImageObject\",\"inLanguage\":\"sk-SK\",\"@id\":\"https:\\\/\\\/tewoo.sk\\\/#\\\/schema\\\/logo\\\/image\\\/\",\"url\":\"https:\\\/\\\/tewoo.sk\\\/wp-content\\\/uploads\\\/2021\\\/10\\\/logo-na-web3.png\",\"contentUrl\":\"https:\\\/\\\/tewoo.sk\\\/wp-content\\\/uploads\\\/2021\\\/10\\\/logo-na-web3.png\",\"width\":700,\"height\":700,\"caption\":\"Drev\u00e1rska diel\u0148a TeWoo\"},\"image\":{\"@id\":\"https:\\\/\\\/tewoo.sk\\\/#\\\/schema\\\/logo\\\/image\\\/\"},\"sameAs\":[\"https:\\\/\\\/www.facebook.com\\\/tewoo.sk\",\"https:\\\/\\\/www.instagram.com\\\/tewoo_sk\\\/\",\"https:\\\/\\\/sk.pinterest.com\\\/TewooSK\\\/\"]}]}<\/script>\n<!-- \/ Yoast SEO plugin. -->","yoast_head_json":{"title":"Skladac\u00ed strom\u010dek - Tom\u00e1\u0161 Bodn\u00e1r TeWoo","robots":{"index":"index","follow":"follow","max-snippet":"max-snippet:-1","max-image-preview":"max-image-preview:large","max-video-preview":"max-video-preview:-1"},"canonical":"https:\/\/tewoo.sk\/?product=skladaci-stromcek","og_locale":"sk_SK","og_type":"article","og_title":"Skladac\u00ed strom\u010dek - Tom\u00e1\u0161 Bodn\u00e1r TeWoo","og_description":"Dreven\u00fd viano\u010dn\u00fd strom\u010dek v podobe jednoduchej sklada\u010dky. \u013dahk\u00e9, r\u00fdchle a z\u00e1bavn\u00e9 skladanie pre mal\u00fdch aj ve\u013ek\u00fdch. Set obsahuje v\u0161etky potrebn\u00e9 komponenty a na jeho zlo\u017eenie nie je potrebn\u00e9 \u017eiadne n\u00e1radie . Diely strom\u010deka s\u00fa z kr\u00e1sneho a vo\u0148av\u00e9ho borovicov\u00e9ho dreva. Po zlo\u017een\u00ed strom\u010deka sa v\u00e1m hne\u010f pon\u00fakne nieko\u013eko mo\u017enost\u00ed ako ho &#8222;nastavi\u0165&#8220; (vid foto). Pod\u013ea [&hellip;]","og_url":"https:\/\/tewoo.sk\/?product=skladaci-stromcek","og_site_name":"Tom\u00e1\u0161 Bodn\u00e1r TeWoo","article_publisher":"https:\/\/www.facebook.com\/tewoo.sk","article_modified_time":"2025-12-17T20:53:11+00:00","og_image":[{"width":1024,"height":1024,"url":"https:\/\/tewoo.sk\/wp-content\/uploads\/2021\/10\/stromcek3-1024x1024.jpg","type":"image\/jpeg"}],"twitter_card":"summary_large_image","twitter_misc":{"Predpokladan\u00fd \u010das \u010d\u00edtania":"1 min\u00fata"},"schema":{"@context":"https:\/\/schema.org","@graph":[{"@type":"WebPage","@id":"https:\/\/tewoo.sk\/?product=skladaci-stromcek","url":"https:\/\/tewoo.sk\/?product=skladaci-stromcek","name":"Skladac\u00ed strom\u010dek - Tom\u00e1\u0161 Bodn\u00e1r TeWoo","isPartOf":{"@id":"https:\/\/tewoo.sk\/#website"},"primaryImageOfPage":{"@id":"https:\/\/tewoo.sk\/?product=skladaci-stromcek#primaryimage"},"image":{"@id":"https:\/\/tewoo.sk\/?product=skladaci-stromcek#primaryimage"},"thumbnailUrl":"https:\/\/tewoo.sk\/wp-content\/uploads\/2021\/10\/stromcek3.jpg","datePublished":"2021-10-09T18:12:07+00:00","dateModified":"2025-12-17T20:53:11+00:00","breadcrumb":{"@id":"https:\/\/tewoo.sk\/?product=skladaci-stromcek#breadcrumb"},"inLanguage":"sk-SK","potentialAction":[{"@type":"ReadAction","target":["https:\/\/tewoo.sk\/?product=skladaci-stromcek"]}]},{"@type":"ImageObject","inLanguage":"sk-SK","@id":"https:\/\/tewoo.sk\/?product=skladaci-stromcek#primaryimage","url":"https:\/\/tewoo.sk\/wp-content\/uploads\/2021\/10\/stromcek3.jpg","contentUrl":"https:\/\/tewoo.sk\/wp-content\/uploads\/2021\/10\/stromcek3.jpg","width":2000,"height":2000},{"@type":"BreadcrumbList","@id":"https:\/\/tewoo.sk\/?product=skladaci-stromcek#breadcrumb","itemListElement":[{"@type":"ListItem","position":1,"name":"Home","item":"https:\/\/tewoo.sk\/"},{"@type":"ListItem","position":2,"name":"Obchod","item":"https:\/\/tewoo.sk\/?page_id=165"},{"@type":"ListItem","position":3,"name":"Skladac\u00ed strom\u010dek"}]},{"@type":"WebSite","@id":"https:\/\/tewoo.sk\/#website","url":"https:\/\/tewoo.sk\/","name":"Drev\u00e1rska diel\u0148a TeWoo","description":"V\u00fdrobky z dreva","publisher":{"@id":"https:\/\/tewoo.sk\/#organization"},"potentialAction":[{"@type":"SearchAction","target":{"@type":"EntryPoint","urlTemplate":"https:\/\/tewoo.sk\/?s={search_term_string}"},"query-input":{"@type":"PropertyValueSpecification","valueRequired":true,"valueName":"search_term_string"}}],"inLanguage":"sk-SK"},{"@type":"Organization","@id":"https:\/\/tewoo.sk\/#organization","name":"Drev\u00e1rska diel\u0148a TeWoo","url":"https:\/\/tewoo.sk\/","logo":{"@type":"ImageObject","inLanguage":"sk-SK","@id":"https:\/\/tewoo.sk\/#\/schema\/logo\/image\/","url":"https:\/\/tewoo.sk\/wp-content\/uploads\/2021\/10\/logo-na-web3.png","contentUrl":"https:\/\/tewoo.sk\/wp-content\/uploads\/2021\/10\/logo-na-web3.png","width":700,"height":700,"caption":"Drev\u00e1rska diel\u0148a TeWoo"},"image":{"@id":"https:\/\/tewoo.sk\/#\/schema\/logo\/image\/"},"sameAs":["https:\/\/www.facebook.com\/tewoo.sk","https:\/\/www.instagram.com\/tewoo_sk\/","https:\/\/sk.pinterest.com\/TewooSK\/"]}]}},"jetpack_sharing_enabled":true,"_links":{"self":[{"href":"https:\/\/tewoo.sk\/index.php?rest_route=\/wp\/v2\/product\/497","targetHints":{"allow":["GET"]}}],"collection":[{"href":"https:\/\/tewoo.sk\/index.php?rest_route=\/wp\/v2\/product"}],"about":[{"href":"https:\/\/tewoo.sk\/index.php?rest_route=\/wp\/v2\/types\/product"}],"replies":[{"embeddable":true,"href":"https:\/\/tewoo.sk\/index.php?rest_route=%2Fwp%2Fv2%2Fcomments&post=497"}],"wp:featuredmedia":[{"embeddable":true,"href":"https:\/\/tewoo.sk\/index.php?rest_route=\/wp\/v2\/media\/495"}],"wp:attachment":[{"href":"https:\/\/tewoo.sk\/index.php?rest_route=%2Fwp%2Fv2%2Fmedia&parent=497"}],"wp:term":[{"taxonomy":"product_brand","embeddable":true,"href":"https:\/\/tewoo.sk\/index.php?rest_route=%2Fwp%2Fv2%2Fproduct_brand&post=497"},{"taxonomy":"product_cat","embeddable":true,"href":"https:\/\/tewoo.sk\/index.php?rest_route=%2Fwp%2Fv2%2Fproduct_cat&post=497"},{"taxonomy":"product_tag","embeddable":true,"href":"https:\/\/tewoo.sk\/index.php?rest_route=%2Fwp%2Fv2%2Fproduct_tag&post=497"}],"curies":[{"name":"wp","href":"https:\/\/api.w.org\/{rel}","templated":true}]}}