{"id":504,"date":"2021-10-09T20:20:46","date_gmt":"2021-10-09T18:20:46","guid":{"rendered":"https:\/\/www.tewoo.sk\/web\/?post_type=product&#038;p=504"},"modified":"2022-02-01T21:13:59","modified_gmt":"2022-02-01T20:13:59","slug":"drievko-trivjednom","status":"publish","type":"product","link":"https:\/\/tewoo.sk\/?product=drievko-trivjednom","title":{"rendered":"Drievko TRIvJEDNOM"},"content":{"rendered":"<p>\u0160ikovn\u00fd pomocn\u00edk v malom k\u00fasku kr\u00e1sneho drievka, ktor\u00fd m\u00f4\u017eete ma\u0165 st\u00e1le pri sebe \ud83d\ude42<\/p>\n<ul>\n<li>-pom\u00f4cka na \u010d\u00edtanie (dobr\u00fd pomocn\u00edk najm\u00e4 pri \u010d\u00edtan\u00ed&nbsp; pole\u017eia\u010dky)<\/li>\n<li>-stojan na mobil<\/li>\n<li>-k\u013e\u00fa\u010denka<\/li>\n<\/ul>\n<p>V ponuke m\u00e1m r\u00f4zne dreviny. Nev\u00e1hajte ma kontaktova\u0165<\/p>\n<p>Verzia pre \u017eeny aj mu\u017eov, kde je zv\u00e4\u010d\u0161en\u00fd vn\u00fatorn\u00fd otvor pre palec pre pohodln\u00e9 dr\u017eanie kni\u017eky, vi\u010f posledn\u00e9 foto \u2013 porovnanie)<\/p>\n<p>S\u00fa\u010das\u0165ou drievka je aj \u0161n\u00farka z origin\u00e1lneho 3mm-ov\u00e9ho microCordu + kovov\u00e1 skoba<\/p>\n","protected":false},"excerpt":{"rendered":"<p>\u0160ikovn\u00fd pomocn\u00edk v malom k\u00fasku kr\u00e1sneho drievka, ktor\u00fd m\u00f4\u017eete ma\u0165 st\u00e1le pri sebe \ud83d\ude42 -pom\u00f4cka na \u010d\u00edtanie (dobr\u00fd pomocn\u00edk najm\u00e4 pri \u010d\u00edtan\u00ed&nbsp; pole\u017eia\u010dky) -stojan na mobil -k\u013e\u00fa\u010denka V ponuke m\u00e1m r\u00f4zne dreviny. Nev\u00e1hajte ma kontaktova\u0165 Verzia pre \u017eeny aj mu\u017eov, kde je zv\u00e4\u010d\u0161en\u00fd vn\u00fatorn\u00fd otvor pre palec pre pohodln\u00e9 dr\u017eanie kni\u017eky, vi\u010f posledn\u00e9 foto \u2013 [&hellip;]<\/p>\n","protected":false},"featured_media":505,"comment_status":"open","ping_status":"closed","template":"","meta":{"_monsterinsights_skip_tracking":false,"_monsterinsights_sitenote_active":false,"_monsterinsights_sitenote_note":"","_monsterinsights_sitenote_category":0,"ngg_post_thumbnail":0},"product_brand":[],"product_cat":[45],"product_tag":[],"class_list":{"0":"post-504","1":"product","2":"type-product","3":"status-publish","4":"has-post-thumbnail","6":"product_cat-drobnosti-darceky","8":"first","9":"instock","10":"shipping-taxable","11":"purchasable","12":"product-type-simple"},"yoast_head":"<!-- This site is optimized with the Yoast SEO plugin v27.4 - https:\/\/yoast.com\/product\/yoast-seo-wordpress\/ -->\n<title>Drievko TRIvJEDNOM - Tom\u00e1\u0161 Bodn\u00e1r TeWoo<\/title>\n<meta name=\"robots\" content=\"index, follow, max-snippet:-1, max-image-preview:large, max-video-preview:-1\" \/>\n<link rel=\"canonical\" href=\"https:\/\/tewoo.sk\/?product=drievko-trivjednom\" \/>\n<meta property=\"og:locale\" content=\"sk_SK\" \/>\n<meta property=\"og:type\" content=\"article\" \/>\n<meta property=\"og:title\" content=\"Drievko TRIvJEDNOM - Tom\u00e1\u0161 Bodn\u00e1r TeWoo\" \/>\n<meta property=\"og:description\" content=\"\u0160ikovn\u00fd pomocn\u00edk v malom k\u00fasku kr\u00e1sneho drievka, ktor\u00fd m\u00f4\u017eete ma\u0165 st\u00e1le pri sebe \ud83d\ude42 -pom\u00f4cka na \u010d\u00edtanie (dobr\u00fd pomocn\u00edk najm\u00e4 pri \u010d\u00edtan\u00ed&nbsp; pole\u017eia\u010dky) -stojan na mobil -k\u013e\u00fa\u010denka V ponuke m\u00e1m r\u00f4zne dreviny. Nev\u00e1hajte ma kontaktova\u0165 Verzia pre \u017eeny aj mu\u017eov, kde je zv\u00e4\u010d\u0161en\u00fd vn\u00fatorn\u00fd otvor pre palec pre pohodln\u00e9 dr\u017eanie kni\u017eky, vi\u010f posledn\u00e9 foto \u2013 [&hellip;]\" \/>\n<meta property=\"og:url\" content=\"https:\/\/tewoo.sk\/?product=drievko-trivjednom\" \/>\n<meta property=\"og:site_name\" content=\"Tom\u00e1\u0161 Bodn\u00e1r TeWoo\" \/>\n<meta property=\"article:publisher\" content=\"https:\/\/www.facebook.com\/tewoo.sk\" \/>\n<meta property=\"article:modified_time\" content=\"2022-02-01T20:13:59+00:00\" \/>\n<meta property=\"og:image\" content=\"https:\/\/tewoo.sk\/wp-content\/uploads\/2021\/10\/citacky_01.jpg\" \/>\n\t<meta property=\"og:image:width\" content=\"1200\" \/>\n\t<meta property=\"og:image:height\" content=\"1200\" \/>\n\t<meta property=\"og:image:type\" content=\"image\/jpeg\" \/>\n<meta name=\"twitter:card\" content=\"summary_large_image\" \/>\n<script type=\"application\/ld+json\" class=\"yoast-schema-graph\">{\"@context\":\"https:\\\/\\\/schema.org\",\"@graph\":[{\"@type\":\"WebPage\",\"@id\":\"https:\\\/\\\/tewoo.sk\\\/?product=drievko-trivjednom\",\"url\":\"https:\\\/\\\/tewoo.sk\\\/?product=drievko-trivjednom\",\"name\":\"Drievko TRIvJEDNOM - Tom\u00e1\u0161 Bodn\u00e1r TeWoo\",\"isPartOf\":{\"@id\":\"https:\\\/\\\/tewoo.sk\\\/#website\"},\"primaryImageOfPage\":{\"@id\":\"https:\\\/\\\/tewoo.sk\\\/?product=drievko-trivjednom#primaryimage\"},\"image\":{\"@id\":\"https:\\\/\\\/tewoo.sk\\\/?product=drievko-trivjednom#primaryimage\"},\"thumbnailUrl\":\"https:\\\/\\\/tewoo.sk\\\/wp-content\\\/uploads\\\/2021\\\/10\\\/citacky_01.jpg\",\"datePublished\":\"2021-10-09T18:20:46+00:00\",\"dateModified\":\"2022-02-01T20:13:59+00:00\",\"breadcrumb\":{\"@id\":\"https:\\\/\\\/tewoo.sk\\\/?product=drievko-trivjednom#breadcrumb\"},\"inLanguage\":\"sk-SK\",\"potentialAction\":[{\"@type\":\"ReadAction\",\"target\":[\"https:\\\/\\\/tewoo.sk\\\/?product=drievko-trivjednom\"]}]},{\"@type\":\"ImageObject\",\"inLanguage\":\"sk-SK\",\"@id\":\"https:\\\/\\\/tewoo.sk\\\/?product=drievko-trivjednom#primaryimage\",\"url\":\"https:\\\/\\\/tewoo.sk\\\/wp-content\\\/uploads\\\/2021\\\/10\\\/citacky_01.jpg\",\"contentUrl\":\"https:\\\/\\\/tewoo.sk\\\/wp-content\\\/uploads\\\/2021\\\/10\\\/citacky_01.jpg\",\"width\":1200,\"height\":1200},{\"@type\":\"BreadcrumbList\",\"@id\":\"https:\\\/\\\/tewoo.sk\\\/?product=drievko-trivjednom#breadcrumb\",\"itemListElement\":[{\"@type\":\"ListItem\",\"position\":1,\"name\":\"Home\",\"item\":\"https:\\\/\\\/tewoo.sk\\\/\"},{\"@type\":\"ListItem\",\"position\":2,\"name\":\"Obchod\",\"item\":\"https:\\\/\\\/tewoo.sk\\\/?page_id=165\"},{\"@type\":\"ListItem\",\"position\":3,\"name\":\"Drievko TRIvJEDNOM\"}]},{\"@type\":\"WebSite\",\"@id\":\"https:\\\/\\\/tewoo.sk\\\/#website\",\"url\":\"https:\\\/\\\/tewoo.sk\\\/\",\"name\":\"Drev\u00e1rska diel\u0148a TeWoo\",\"description\":\"V\u00fdrobky z dreva\",\"publisher\":{\"@id\":\"https:\\\/\\\/tewoo.sk\\\/#organization\"},\"potentialAction\":[{\"@type\":\"SearchAction\",\"target\":{\"@type\":\"EntryPoint\",\"urlTemplate\":\"https:\\\/\\\/tewoo.sk\\\/?s={search_term_string}\"},\"query-input\":{\"@type\":\"PropertyValueSpecification\",\"valueRequired\":true,\"valueName\":\"search_term_string\"}}],\"inLanguage\":\"sk-SK\"},{\"@type\":\"Organization\",\"@id\":\"https:\\\/\\\/tewoo.sk\\\/#organization\",\"name\":\"Drev\u00e1rska diel\u0148a TeWoo\",\"url\":\"https:\\\/\\\/tewoo.sk\\\/\",\"logo\":{\"@type\":\"ImageObject\",\"inLanguage\":\"sk-SK\",\"@id\":\"https:\\\/\\\/tewoo.sk\\\/#\\\/schema\\\/logo\\\/image\\\/\",\"url\":\"https:\\\/\\\/tewoo.sk\\\/wp-content\\\/uploads\\\/2021\\\/10\\\/logo-na-web3.png\",\"contentUrl\":\"https:\\\/\\\/tewoo.sk\\\/wp-content\\\/uploads\\\/2021\\\/10\\\/logo-na-web3.png\",\"width\":700,\"height\":700,\"caption\":\"Drev\u00e1rska diel\u0148a TeWoo\"},\"image\":{\"@id\":\"https:\\\/\\\/tewoo.sk\\\/#\\\/schema\\\/logo\\\/image\\\/\"},\"sameAs\":[\"https:\\\/\\\/www.facebook.com\\\/tewoo.sk\",\"https:\\\/\\\/www.instagram.com\\\/tewoo_sk\\\/\",\"https:\\\/\\\/sk.pinterest.com\\\/TewooSK\\\/\"]}]}<\/script>\n<!-- \/ Yoast SEO plugin. -->","yoast_head_json":{"title":"Drievko TRIvJEDNOM - Tom\u00e1\u0161 Bodn\u00e1r TeWoo","robots":{"index":"index","follow":"follow","max-snippet":"max-snippet:-1","max-image-preview":"max-image-preview:large","max-video-preview":"max-video-preview:-1"},"canonical":"https:\/\/tewoo.sk\/?product=drievko-trivjednom","og_locale":"sk_SK","og_type":"article","og_title":"Drievko TRIvJEDNOM - Tom\u00e1\u0161 Bodn\u00e1r TeWoo","og_description":"\u0160ikovn\u00fd pomocn\u00edk v malom k\u00fasku kr\u00e1sneho drievka, ktor\u00fd m\u00f4\u017eete ma\u0165 st\u00e1le pri sebe \ud83d\ude42 -pom\u00f4cka na \u010d\u00edtanie (dobr\u00fd pomocn\u00edk najm\u00e4 pri \u010d\u00edtan\u00ed&nbsp; pole\u017eia\u010dky) -stojan na mobil -k\u013e\u00fa\u010denka V ponuke m\u00e1m r\u00f4zne dreviny. Nev\u00e1hajte ma kontaktova\u0165 Verzia pre \u017eeny aj mu\u017eov, kde je zv\u00e4\u010d\u0161en\u00fd vn\u00fatorn\u00fd otvor pre palec pre pohodln\u00e9 dr\u017eanie kni\u017eky, vi\u010f posledn\u00e9 foto \u2013 [&hellip;]","og_url":"https:\/\/tewoo.sk\/?product=drievko-trivjednom","og_site_name":"Tom\u00e1\u0161 Bodn\u00e1r TeWoo","article_publisher":"https:\/\/www.facebook.com\/tewoo.sk","article_modified_time":"2022-02-01T20:13:59+00:00","og_image":[{"width":1200,"height":1200,"url":"https:\/\/tewoo.sk\/wp-content\/uploads\/2021\/10\/citacky_01.jpg","type":"image\/jpeg"}],"twitter_card":"summary_large_image","schema":{"@context":"https:\/\/schema.org","@graph":[{"@type":"WebPage","@id":"https:\/\/tewoo.sk\/?product=drievko-trivjednom","url":"https:\/\/tewoo.sk\/?product=drievko-trivjednom","name":"Drievko TRIvJEDNOM - Tom\u00e1\u0161 Bodn\u00e1r TeWoo","isPartOf":{"@id":"https:\/\/tewoo.sk\/#website"},"primaryImageOfPage":{"@id":"https:\/\/tewoo.sk\/?product=drievko-trivjednom#primaryimage"},"image":{"@id":"https:\/\/tewoo.sk\/?product=drievko-trivjednom#primaryimage"},"thumbnailUrl":"https:\/\/tewoo.sk\/wp-content\/uploads\/2021\/10\/citacky_01.jpg","datePublished":"2021-10-09T18:20:46+00:00","dateModified":"2022-02-01T20:13:59+00:00","breadcrumb":{"@id":"https:\/\/tewoo.sk\/?product=drievko-trivjednom#breadcrumb"},"inLanguage":"sk-SK","potentialAction":[{"@type":"ReadAction","target":["https:\/\/tewoo.sk\/?product=drievko-trivjednom"]}]},{"@type":"ImageObject","inLanguage":"sk-SK","@id":"https:\/\/tewoo.sk\/?product=drievko-trivjednom#primaryimage","url":"https:\/\/tewoo.sk\/wp-content\/uploads\/2021\/10\/citacky_01.jpg","contentUrl":"https:\/\/tewoo.sk\/wp-content\/uploads\/2021\/10\/citacky_01.jpg","width":1200,"height":1200},{"@type":"BreadcrumbList","@id":"https:\/\/tewoo.sk\/?product=drievko-trivjednom#breadcrumb","itemListElement":[{"@type":"ListItem","position":1,"name":"Home","item":"https:\/\/tewoo.sk\/"},{"@type":"ListItem","position":2,"name":"Obchod","item":"https:\/\/tewoo.sk\/?page_id=165"},{"@type":"ListItem","position":3,"name":"Drievko TRIvJEDNOM"}]},{"@type":"WebSite","@id":"https:\/\/tewoo.sk\/#website","url":"https:\/\/tewoo.sk\/","name":"Drev\u00e1rska diel\u0148a TeWoo","description":"V\u00fdrobky z dreva","publisher":{"@id":"https:\/\/tewoo.sk\/#organization"},"potentialAction":[{"@type":"SearchAction","target":{"@type":"EntryPoint","urlTemplate":"https:\/\/tewoo.sk\/?s={search_term_string}"},"query-input":{"@type":"PropertyValueSpecification","valueRequired":true,"valueName":"search_term_string"}}],"inLanguage":"sk-SK"},{"@type":"Organization","@id":"https:\/\/tewoo.sk\/#organization","name":"Drev\u00e1rska diel\u0148a TeWoo","url":"https:\/\/tewoo.sk\/","logo":{"@type":"ImageObject","inLanguage":"sk-SK","@id":"https:\/\/tewoo.sk\/#\/schema\/logo\/image\/","url":"https:\/\/tewoo.sk\/wp-content\/uploads\/2021\/10\/logo-na-web3.png","contentUrl":"https:\/\/tewoo.sk\/wp-content\/uploads\/2021\/10\/logo-na-web3.png","width":700,"height":700,"caption":"Drev\u00e1rska diel\u0148a TeWoo"},"image":{"@id":"https:\/\/tewoo.sk\/#\/schema\/logo\/image\/"},"sameAs":["https:\/\/www.facebook.com\/tewoo.sk","https:\/\/www.instagram.com\/tewoo_sk\/","https:\/\/sk.pinterest.com\/TewooSK\/"]}]}},"jetpack_sharing_enabled":true,"_links":{"self":[{"href":"https:\/\/tewoo.sk\/index.php?rest_route=\/wp\/v2\/product\/504","targetHints":{"allow":["GET"]}}],"collection":[{"href":"https:\/\/tewoo.sk\/index.php?rest_route=\/wp\/v2\/product"}],"about":[{"href":"https:\/\/tewoo.sk\/index.php?rest_route=\/wp\/v2\/types\/product"}],"replies":[{"embeddable":true,"href":"https:\/\/tewoo.sk\/index.php?rest_route=%2Fwp%2Fv2%2Fcomments&post=504"}],"wp:featuredmedia":[{"embeddable":true,"href":"https:\/\/tewoo.sk\/index.php?rest_route=\/wp\/v2\/media\/505"}],"wp:attachment":[{"href":"https:\/\/tewoo.sk\/index.php?rest_route=%2Fwp%2Fv2%2Fmedia&parent=504"}],"wp:term":[{"taxonomy":"product_brand","embeddable":true,"href":"https:\/\/tewoo.sk\/index.php?rest_route=%2Fwp%2Fv2%2Fproduct_brand&post=504"},{"taxonomy":"product_cat","embeddable":true,"href":"https:\/\/tewoo.sk\/index.php?rest_route=%2Fwp%2Fv2%2Fproduct_cat&post=504"},{"taxonomy":"product_tag","embeddable":true,"href":"https:\/\/tewoo.sk\/index.php?rest_route=%2Fwp%2Fv2%2Fproduct_tag&post=504"}],"curies":[{"name":"wp","href":"https:\/\/api.w.org\/{rel}","templated":true}]}}