{"id":525,"date":"2021-10-09T20:34:48","date_gmt":"2021-10-09T18:34:48","guid":{"rendered":"https:\/\/www.tewoo.sk\/web\/?post_type=product&#038;p=525"},"modified":"2025-11-09T13:33:25","modified_gmt":"2025-11-09T12:33:25","slug":"stojan-na-farbicky-pastelkovnik-organizer-9f","status":"publish","type":"product","link":"https:\/\/tewoo.sk\/?product=stojan-na-farbicky-pastelkovnik-organizer-9f","title":{"rendered":"Stojan na farbi\u010dky, pastelkovn\u00edk, organiz\u00e9r 9F"},"content":{"rendered":"<p>Dreven\u00fd mas\u00edvny stojan\/organiz\u00e9r na farbi\u010dky, fixky, pastelky a in\u00e9 p\u00edsacie potreby.<\/p>\n<p>Je ur\u010den\u00fd najm\u00e4 pre deti, ktor\u00e9 z\u00e1rove\u0148 vedie k dr\u017eaniu poriadku na stole &#8211; k tomu pom\u00e1ha aj farebn\u00e9 rozl\u00ed\u0161enie otvorov.<\/p>\n<p>Vyr\u00e1bam r\u00f4zne verzie a farebne je mo\u017en\u00e9 stojany aj upravi\u0165.<\/p>\n<p>T\u00e1to verzia obsahuje 9 farebne rozl\u00ed\u0161en\u00fdch otvorov s priemerom 4cm a h\u013abkou 7cm.<\/p>\n<p>Celkov\u00fd rozmer stojanu je d\u013a\u017eka 52cm, \u0161\u00edrka 6cm a v\u00fd\u0161ka 8cm.<\/p>\n<p>Farby s\u00fa s certifik\u00e1tom na detsk\u00e9 hra\u010dky a takisto aj \u010dist\u00fd vosk, ktor\u00fdm je vytvoren\u00e1 kone\u010dn\u00e1 povrchov\u00e1 \u00faprava dreva.<\/p>\n","protected":false},"excerpt":{"rendered":"<p>Dreven\u00fd mas\u00edvny stojan\/organiz\u00e9r na farbi\u010dky, fixky, pastelky a in\u00e9 p\u00edsacie potreby. Je ur\u010den\u00fd najm\u00e4 pre deti, ktor\u00e9 z\u00e1rove\u0148 vedie k dr\u017eaniu poriadku na stole &#8211; k tomu pom\u00e1ha aj farebn\u00e9 rozl\u00ed\u0161enie otvorov. Vyr\u00e1bam r\u00f4zne verzie a farebne je mo\u017en\u00e9 stojany aj upravi\u0165. T\u00e1to verzia obsahuje 9 farebne rozl\u00ed\u0161en\u00fdch otvorov s priemerom 4cm a h\u013abkou 7cm. [&hellip;]<\/p>\n","protected":false},"featured_media":526,"comment_status":"open","ping_status":"closed","template":"","meta":{"_monsterinsights_skip_tracking":false,"_monsterinsights_sitenote_active":false,"_monsterinsights_sitenote_note":"","_monsterinsights_sitenote_category":0,"ngg_post_thumbnail":0},"product_brand":[],"product_cat":[41],"product_tag":[],"class_list":{"0":"post-525","1":"product","2":"type-product","3":"status-publish","4":"has-post-thumbnail","6":"product_cat-stojany-na-pisacie-potreby","8":"first","9":"onbackorder","10":"shipping-taxable","11":"purchasable","12":"product-type-simple"},"yoast_head":"<!-- This site is optimized with the Yoast SEO plugin v27.4 - https:\/\/yoast.com\/product\/yoast-seo-wordpress\/ -->\n<title>Stojan na farbi\u010dky, pastelkovn\u00edk, organiz\u00e9r 9F - Tom\u00e1\u0161 Bodn\u00e1r TeWoo<\/title>\n<meta name=\"robots\" content=\"index, follow, max-snippet:-1, max-image-preview:large, max-video-preview:-1\" \/>\n<link rel=\"canonical\" href=\"https:\/\/tewoo.sk\/?product=stojan-na-farbicky-pastelkovnik-organizer-9f\" \/>\n<meta property=\"og:locale\" content=\"sk_SK\" \/>\n<meta property=\"og:type\" content=\"article\" \/>\n<meta property=\"og:title\" content=\"Stojan na farbi\u010dky, pastelkovn\u00edk, organiz\u00e9r 9F - Tom\u00e1\u0161 Bodn\u00e1r TeWoo\" \/>\n<meta property=\"og:description\" content=\"Dreven\u00fd mas\u00edvny stojan\/organiz\u00e9r na farbi\u010dky, fixky, pastelky a in\u00e9 p\u00edsacie potreby. Je ur\u010den\u00fd najm\u00e4 pre deti, ktor\u00e9 z\u00e1rove\u0148 vedie k dr\u017eaniu poriadku na stole &#8211; k tomu pom\u00e1ha aj farebn\u00e9 rozl\u00ed\u0161enie otvorov. Vyr\u00e1bam r\u00f4zne verzie a farebne je mo\u017en\u00e9 stojany aj upravi\u0165. T\u00e1to verzia obsahuje 9 farebne rozl\u00ed\u0161en\u00fdch otvorov s priemerom 4cm a h\u013abkou 7cm. [&hellip;]\" \/>\n<meta property=\"og:url\" content=\"https:\/\/tewoo.sk\/?product=stojan-na-farbicky-pastelkovnik-organizer-9f\" \/>\n<meta property=\"og:site_name\" content=\"Tom\u00e1\u0161 Bodn\u00e1r TeWoo\" \/>\n<meta property=\"article:publisher\" content=\"https:\/\/www.facebook.com\/tewoo.sk\" \/>\n<meta property=\"article:modified_time\" content=\"2025-11-09T12:33:25+00:00\" \/>\n<meta property=\"og:image\" content=\"https:\/\/tewoo.sk\/wp-content\/uploads\/2021\/10\/Stojan9_klasik_1-scaled.jpg\" \/>\n\t<meta property=\"og:image:width\" content=\"2560\" \/>\n\t<meta property=\"og:image:height\" content=\"1755\" \/>\n\t<meta property=\"og:image:type\" content=\"image\/jpeg\" \/>\n<meta name=\"twitter:card\" content=\"summary_large_image\" \/>\n<meta name=\"twitter:label1\" content=\"Predpokladan\u00fd \u010das \u010d\u00edtania\" \/>\n\t<meta name=\"twitter:data1\" content=\"1 min\u00fata\" \/>\n<script type=\"application\/ld+json\" class=\"yoast-schema-graph\">{\"@context\":\"https:\\\/\\\/schema.org\",\"@graph\":[{\"@type\":\"WebPage\",\"@id\":\"https:\\\/\\\/tewoo.sk\\\/?product=stojan-na-farbicky-pastelkovnik-organizer-9f\",\"url\":\"https:\\\/\\\/tewoo.sk\\\/?product=stojan-na-farbicky-pastelkovnik-organizer-9f\",\"name\":\"Stojan na farbi\u010dky, pastelkovn\u00edk, organiz\u00e9r 9F - Tom\u00e1\u0161 Bodn\u00e1r TeWoo\",\"isPartOf\":{\"@id\":\"https:\\\/\\\/tewoo.sk\\\/#website\"},\"primaryImageOfPage\":{\"@id\":\"https:\\\/\\\/tewoo.sk\\\/?product=stojan-na-farbicky-pastelkovnik-organizer-9f#primaryimage\"},\"image\":{\"@id\":\"https:\\\/\\\/tewoo.sk\\\/?product=stojan-na-farbicky-pastelkovnik-organizer-9f#primaryimage\"},\"thumbnailUrl\":\"https:\\\/\\\/tewoo.sk\\\/wp-content\\\/uploads\\\/2021\\\/10\\\/Stojan9_klasik_1-scaled.jpg\",\"datePublished\":\"2021-10-09T18:34:48+00:00\",\"dateModified\":\"2025-11-09T12:33:25+00:00\",\"breadcrumb\":{\"@id\":\"https:\\\/\\\/tewoo.sk\\\/?product=stojan-na-farbicky-pastelkovnik-organizer-9f#breadcrumb\"},\"inLanguage\":\"sk-SK\",\"potentialAction\":[{\"@type\":\"ReadAction\",\"target\":[\"https:\\\/\\\/tewoo.sk\\\/?product=stojan-na-farbicky-pastelkovnik-organizer-9f\"]}]},{\"@type\":\"ImageObject\",\"inLanguage\":\"sk-SK\",\"@id\":\"https:\\\/\\\/tewoo.sk\\\/?product=stojan-na-farbicky-pastelkovnik-organizer-9f#primaryimage\",\"url\":\"https:\\\/\\\/tewoo.sk\\\/wp-content\\\/uploads\\\/2021\\\/10\\\/Stojan9_klasik_1-scaled.jpg\",\"contentUrl\":\"https:\\\/\\\/tewoo.sk\\\/wp-content\\\/uploads\\\/2021\\\/10\\\/Stojan9_klasik_1-scaled.jpg\",\"width\":2560,\"height\":1755},{\"@type\":\"BreadcrumbList\",\"@id\":\"https:\\\/\\\/tewoo.sk\\\/?product=stojan-na-farbicky-pastelkovnik-organizer-9f#breadcrumb\",\"itemListElement\":[{\"@type\":\"ListItem\",\"position\":1,\"name\":\"Home\",\"item\":\"https:\\\/\\\/tewoo.sk\\\/\"},{\"@type\":\"ListItem\",\"position\":2,\"name\":\"Obchod\",\"item\":\"https:\\\/\\\/tewoo.sk\\\/?page_id=165\"},{\"@type\":\"ListItem\",\"position\":3,\"name\":\"Stojan na farbi\u010dky, pastelkovn\u00edk, organiz\u00e9r 9F\"}]},{\"@type\":\"WebSite\",\"@id\":\"https:\\\/\\\/tewoo.sk\\\/#website\",\"url\":\"https:\\\/\\\/tewoo.sk\\\/\",\"name\":\"Drev\u00e1rska diel\u0148a TeWoo\",\"description\":\"V\u00fdrobky z dreva\",\"publisher\":{\"@id\":\"https:\\\/\\\/tewoo.sk\\\/#organization\"},\"potentialAction\":[{\"@type\":\"SearchAction\",\"target\":{\"@type\":\"EntryPoint\",\"urlTemplate\":\"https:\\\/\\\/tewoo.sk\\\/?s={search_term_string}\"},\"query-input\":{\"@type\":\"PropertyValueSpecification\",\"valueRequired\":true,\"valueName\":\"search_term_string\"}}],\"inLanguage\":\"sk-SK\"},{\"@type\":\"Organization\",\"@id\":\"https:\\\/\\\/tewoo.sk\\\/#organization\",\"name\":\"Drev\u00e1rska diel\u0148a TeWoo\",\"url\":\"https:\\\/\\\/tewoo.sk\\\/\",\"logo\":{\"@type\":\"ImageObject\",\"inLanguage\":\"sk-SK\",\"@id\":\"https:\\\/\\\/tewoo.sk\\\/#\\\/schema\\\/logo\\\/image\\\/\",\"url\":\"https:\\\/\\\/tewoo.sk\\\/wp-content\\\/uploads\\\/2021\\\/10\\\/logo-na-web3.png\",\"contentUrl\":\"https:\\\/\\\/tewoo.sk\\\/wp-content\\\/uploads\\\/2021\\\/10\\\/logo-na-web3.png\",\"width\":700,\"height\":700,\"caption\":\"Drev\u00e1rska diel\u0148a TeWoo\"},\"image\":{\"@id\":\"https:\\\/\\\/tewoo.sk\\\/#\\\/schema\\\/logo\\\/image\\\/\"},\"sameAs\":[\"https:\\\/\\\/www.facebook.com\\\/tewoo.sk\",\"https:\\\/\\\/www.instagram.com\\\/tewoo_sk\\\/\",\"https:\\\/\\\/sk.pinterest.com\\\/TewooSK\\\/\"]}]}<\/script>\n<!-- \/ Yoast SEO plugin. -->","yoast_head_json":{"title":"Stojan na farbi\u010dky, pastelkovn\u00edk, organiz\u00e9r 9F - Tom\u00e1\u0161 Bodn\u00e1r TeWoo","robots":{"index":"index","follow":"follow","max-snippet":"max-snippet:-1","max-image-preview":"max-image-preview:large","max-video-preview":"max-video-preview:-1"},"canonical":"https:\/\/tewoo.sk\/?product=stojan-na-farbicky-pastelkovnik-organizer-9f","og_locale":"sk_SK","og_type":"article","og_title":"Stojan na farbi\u010dky, pastelkovn\u00edk, organiz\u00e9r 9F - Tom\u00e1\u0161 Bodn\u00e1r TeWoo","og_description":"Dreven\u00fd mas\u00edvny stojan\/organiz\u00e9r na farbi\u010dky, fixky, pastelky a in\u00e9 p\u00edsacie potreby. Je ur\u010den\u00fd najm\u00e4 pre deti, ktor\u00e9 z\u00e1rove\u0148 vedie k dr\u017eaniu poriadku na stole &#8211; k tomu pom\u00e1ha aj farebn\u00e9 rozl\u00ed\u0161enie otvorov. Vyr\u00e1bam r\u00f4zne verzie a farebne je mo\u017en\u00e9 stojany aj upravi\u0165. T\u00e1to verzia obsahuje 9 farebne rozl\u00ed\u0161en\u00fdch otvorov s priemerom 4cm a h\u013abkou 7cm. [&hellip;]","og_url":"https:\/\/tewoo.sk\/?product=stojan-na-farbicky-pastelkovnik-organizer-9f","og_site_name":"Tom\u00e1\u0161 Bodn\u00e1r TeWoo","article_publisher":"https:\/\/www.facebook.com\/tewoo.sk","article_modified_time":"2025-11-09T12:33:25+00:00","og_image":[{"width":2560,"height":1755,"url":"https:\/\/tewoo.sk\/wp-content\/uploads\/2021\/10\/Stojan9_klasik_1-scaled.jpg","type":"image\/jpeg"}],"twitter_card":"summary_large_image","twitter_misc":{"Predpokladan\u00fd \u010das \u010d\u00edtania":"1 min\u00fata"},"schema":{"@context":"https:\/\/schema.org","@graph":[{"@type":"WebPage","@id":"https:\/\/tewoo.sk\/?product=stojan-na-farbicky-pastelkovnik-organizer-9f","url":"https:\/\/tewoo.sk\/?product=stojan-na-farbicky-pastelkovnik-organizer-9f","name":"Stojan na farbi\u010dky, pastelkovn\u00edk, organiz\u00e9r 9F - Tom\u00e1\u0161 Bodn\u00e1r TeWoo","isPartOf":{"@id":"https:\/\/tewoo.sk\/#website"},"primaryImageOfPage":{"@id":"https:\/\/tewoo.sk\/?product=stojan-na-farbicky-pastelkovnik-organizer-9f#primaryimage"},"image":{"@id":"https:\/\/tewoo.sk\/?product=stojan-na-farbicky-pastelkovnik-organizer-9f#primaryimage"},"thumbnailUrl":"https:\/\/tewoo.sk\/wp-content\/uploads\/2021\/10\/Stojan9_klasik_1-scaled.jpg","datePublished":"2021-10-09T18:34:48+00:00","dateModified":"2025-11-09T12:33:25+00:00","breadcrumb":{"@id":"https:\/\/tewoo.sk\/?product=stojan-na-farbicky-pastelkovnik-organizer-9f#breadcrumb"},"inLanguage":"sk-SK","potentialAction":[{"@type":"ReadAction","target":["https:\/\/tewoo.sk\/?product=stojan-na-farbicky-pastelkovnik-organizer-9f"]}]},{"@type":"ImageObject","inLanguage":"sk-SK","@id":"https:\/\/tewoo.sk\/?product=stojan-na-farbicky-pastelkovnik-organizer-9f#primaryimage","url":"https:\/\/tewoo.sk\/wp-content\/uploads\/2021\/10\/Stojan9_klasik_1-scaled.jpg","contentUrl":"https:\/\/tewoo.sk\/wp-content\/uploads\/2021\/10\/Stojan9_klasik_1-scaled.jpg","width":2560,"height":1755},{"@type":"BreadcrumbList","@id":"https:\/\/tewoo.sk\/?product=stojan-na-farbicky-pastelkovnik-organizer-9f#breadcrumb","itemListElement":[{"@type":"ListItem","position":1,"name":"Home","item":"https:\/\/tewoo.sk\/"},{"@type":"ListItem","position":2,"name":"Obchod","item":"https:\/\/tewoo.sk\/?page_id=165"},{"@type":"ListItem","position":3,"name":"Stojan na farbi\u010dky, pastelkovn\u00edk, organiz\u00e9r 9F"}]},{"@type":"WebSite","@id":"https:\/\/tewoo.sk\/#website","url":"https:\/\/tewoo.sk\/","name":"Drev\u00e1rska diel\u0148a TeWoo","description":"V\u00fdrobky z dreva","publisher":{"@id":"https:\/\/tewoo.sk\/#organization"},"potentialAction":[{"@type":"SearchAction","target":{"@type":"EntryPoint","urlTemplate":"https:\/\/tewoo.sk\/?s={search_term_string}"},"query-input":{"@type":"PropertyValueSpecification","valueRequired":true,"valueName":"search_term_string"}}],"inLanguage":"sk-SK"},{"@type":"Organization","@id":"https:\/\/tewoo.sk\/#organization","name":"Drev\u00e1rska diel\u0148a TeWoo","url":"https:\/\/tewoo.sk\/","logo":{"@type":"ImageObject","inLanguage":"sk-SK","@id":"https:\/\/tewoo.sk\/#\/schema\/logo\/image\/","url":"https:\/\/tewoo.sk\/wp-content\/uploads\/2021\/10\/logo-na-web3.png","contentUrl":"https:\/\/tewoo.sk\/wp-content\/uploads\/2021\/10\/logo-na-web3.png","width":700,"height":700,"caption":"Drev\u00e1rska diel\u0148a TeWoo"},"image":{"@id":"https:\/\/tewoo.sk\/#\/schema\/logo\/image\/"},"sameAs":["https:\/\/www.facebook.com\/tewoo.sk","https:\/\/www.instagram.com\/tewoo_sk\/","https:\/\/sk.pinterest.com\/TewooSK\/"]}]}},"jetpack_sharing_enabled":true,"_links":{"self":[{"href":"https:\/\/tewoo.sk\/index.php?rest_route=\/wp\/v2\/product\/525","targetHints":{"allow":["GET"]}}],"collection":[{"href":"https:\/\/tewoo.sk\/index.php?rest_route=\/wp\/v2\/product"}],"about":[{"href":"https:\/\/tewoo.sk\/index.php?rest_route=\/wp\/v2\/types\/product"}],"replies":[{"embeddable":true,"href":"https:\/\/tewoo.sk\/index.php?rest_route=%2Fwp%2Fv2%2Fcomments&post=525"}],"wp:featuredmedia":[{"embeddable":true,"href":"https:\/\/tewoo.sk\/index.php?rest_route=\/wp\/v2\/media\/526"}],"wp:attachment":[{"href":"https:\/\/tewoo.sk\/index.php?rest_route=%2Fwp%2Fv2%2Fmedia&parent=525"}],"wp:term":[{"taxonomy":"product_brand","embeddable":true,"href":"https:\/\/tewoo.sk\/index.php?rest_route=%2Fwp%2Fv2%2Fproduct_brand&post=525"},{"taxonomy":"product_cat","embeddable":true,"href":"https:\/\/tewoo.sk\/index.php?rest_route=%2Fwp%2Fv2%2Fproduct_cat&post=525"},{"taxonomy":"product_tag","embeddable":true,"href":"https:\/\/tewoo.sk\/index.php?rest_route=%2Fwp%2Fv2%2Fproduct_tag&post=525"}],"curies":[{"name":"wp","href":"https:\/\/api.w.org\/{rel}","templated":true}]}}