{"id":589,"date":"2021-10-09T22:10:50","date_gmt":"2021-10-09T20:10:50","guid":{"rendered":"https:\/\/www.tewoo.sk\/web\/?post_type=product&#038;p=589"},"modified":"2025-11-09T13:32:32","modified_gmt":"2025-11-09T12:32:32","slug":"policka-lesik","status":"publish","type":"product","link":"https:\/\/tewoo.sk\/?product=policka-lesik","title":{"rendered":"Poli\u010dka &#8211; LES\u00edk"},"content":{"rendered":"<p><strong>Kde bolo tam bolo . . . .<\/strong><\/p>\n<p>. . . a na tej \u010distinke pred lesom vyk\u00fakala z tr\u00e1vy s\u0165a hr\u00edbik drobn\u00e1 chal\u00fapka. Niekto tam zrejme b\u00fdval, lebo cez mali\u010dk\u00e9 okienko prenikalo slab\u00e9 mihotav\u00e9 svetlo a z kom\u00edna lenivo st\u00fapal k hviezdam tenu\u010dk\u00fd pr\u00fa\u017eok dymu . . .<\/p>\n<p>. . .a tak \u010falej a\u017e k\u00fdm nezazvonil zvonec \ud83d\ude42<\/p>\n<ul>\n<li>Poli\u010dka sa montuje na stenu, skrutky pribal\u00edm. Farebn\u00e9 prevedenie je mo\u017en\u00e9 upravi\u0165.<\/li>\n<li>\u0160\u00edrka poli\u010dky 52cm a h\u013abka 15cm.<\/li>\n<\/ul>\n<p>!!!&nbsp;<strong>Fig\u00farky na fotke<\/strong>&nbsp;u\u017e&nbsp;<strong>nie s\u00fa s\u00fa\u010das\u0165ou balenia<\/strong>!!! \u010cerven\u00e1 \u010ciapo\u010dka sa vr\u00e1tila domov, babka sa pres\u0165ahovala do mesta a ujo po\u013eovn\u00edk sa s vlkom&nbsp; nah\u00e1\u0148aj\u00fa niekde hlboko v lese&nbsp; ;P<\/p>\n","protected":false},"excerpt":{"rendered":"<p>Kde bolo tam bolo . . . . . . . a na tej \u010distinke pred lesom vyk\u00fakala z tr\u00e1vy s\u0165a hr\u00edbik drobn\u00e1 chal\u00fapka. Niekto tam zrejme b\u00fdval, lebo cez mali\u010dk\u00e9 okienko prenikalo slab\u00e9 mihotav\u00e9 svetlo a z kom\u00edna lenivo st\u00fapal k hviezdam tenu\u010dk\u00fd pr\u00fa\u017eok dymu . . . . . .a tak \u010falej a\u017e [&hellip;]<\/p>\n","protected":false},"featured_media":590,"comment_status":"open","ping_status":"closed","template":"","meta":{"_monsterinsights_skip_tracking":false,"_monsterinsights_sitenote_active":false,"_monsterinsights_sitenote_note":"","_monsterinsights_sitenote_category":0,"ngg_post_thumbnail":0},"product_brand":[],"product_cat":[43],"product_tag":[],"class_list":{"0":"post-589","1":"product","2":"type-product","3":"status-publish","4":"has-post-thumbnail","6":"product_cat-policky-pre-deti","8":"first","9":"instock","10":"shipping-taxable","11":"purchasable","12":"product-type-simple"},"yoast_head":"<!-- This site is optimized with the Yoast SEO plugin v27.4 - https:\/\/yoast.com\/product\/yoast-seo-wordpress\/ -->\n<title>Poli\u010dka - LES\u00edk - Tom\u00e1\u0161 Bodn\u00e1r TeWoo<\/title>\n<meta name=\"robots\" content=\"index, follow, max-snippet:-1, max-image-preview:large, max-video-preview:-1\" \/>\n<link rel=\"canonical\" href=\"https:\/\/tewoo.sk\/?product=policka-lesik\" \/>\n<meta property=\"og:locale\" content=\"sk_SK\" \/>\n<meta property=\"og:type\" content=\"article\" \/>\n<meta property=\"og:title\" content=\"Poli\u010dka - LES\u00edk - Tom\u00e1\u0161 Bodn\u00e1r TeWoo\" \/>\n<meta property=\"og:description\" content=\"Kde bolo tam bolo . . . . . . . a na tej \u010distinke pred lesom vyk\u00fakala z tr\u00e1vy s\u0165a hr\u00edbik drobn\u00e1 chal\u00fapka. Niekto tam zrejme b\u00fdval, lebo cez mali\u010dk\u00e9 okienko prenikalo slab\u00e9 mihotav\u00e9 svetlo a z kom\u00edna lenivo st\u00fapal k hviezdam tenu\u010dk\u00fd pr\u00fa\u017eok dymu . . . . . .a tak \u010falej a\u017e [&hellip;]\" \/>\n<meta property=\"og:url\" content=\"https:\/\/tewoo.sk\/?product=policka-lesik\" \/>\n<meta property=\"og:site_name\" content=\"Tom\u00e1\u0161 Bodn\u00e1r TeWoo\" \/>\n<meta property=\"article:publisher\" content=\"https:\/\/www.facebook.com\/tewoo.sk\" \/>\n<meta property=\"article:modified_time\" content=\"2025-11-09T12:32:32+00:00\" \/>\n<meta property=\"og:image\" content=\"https:\/\/tewoo.sk\/wp-content\/uploads\/2021\/10\/Polica_LES_03.jpg\" \/>\n\t<meta property=\"og:image:width\" content=\"2250\" \/>\n\t<meta property=\"og:image:height\" content=\"1500\" \/>\n\t<meta property=\"og:image:type\" content=\"image\/jpeg\" \/>\n<meta name=\"twitter:card\" content=\"summary_large_image\" \/>\n<meta name=\"twitter:label1\" content=\"Predpokladan\u00fd \u010das \u010d\u00edtania\" \/>\n\t<meta name=\"twitter:data1\" content=\"1 min\u00fata\" \/>\n<script type=\"application\/ld+json\" class=\"yoast-schema-graph\">{\"@context\":\"https:\\\/\\\/schema.org\",\"@graph\":[{\"@type\":\"WebPage\",\"@id\":\"https:\\\/\\\/tewoo.sk\\\/?product=policka-lesik\",\"url\":\"https:\\\/\\\/tewoo.sk\\\/?product=policka-lesik\",\"name\":\"Poli\u010dka - LES\u00edk - Tom\u00e1\u0161 Bodn\u00e1r TeWoo\",\"isPartOf\":{\"@id\":\"https:\\\/\\\/tewoo.sk\\\/#website\"},\"primaryImageOfPage\":{\"@id\":\"https:\\\/\\\/tewoo.sk\\\/?product=policka-lesik#primaryimage\"},\"image\":{\"@id\":\"https:\\\/\\\/tewoo.sk\\\/?product=policka-lesik#primaryimage\"},\"thumbnailUrl\":\"https:\\\/\\\/tewoo.sk\\\/wp-content\\\/uploads\\\/2021\\\/10\\\/Polica_LES_03.jpg\",\"datePublished\":\"2021-10-09T20:10:50+00:00\",\"dateModified\":\"2025-11-09T12:32:32+00:00\",\"breadcrumb\":{\"@id\":\"https:\\\/\\\/tewoo.sk\\\/?product=policka-lesik#breadcrumb\"},\"inLanguage\":\"sk-SK\",\"potentialAction\":[{\"@type\":\"ReadAction\",\"target\":[\"https:\\\/\\\/tewoo.sk\\\/?product=policka-lesik\"]}]},{\"@type\":\"ImageObject\",\"inLanguage\":\"sk-SK\",\"@id\":\"https:\\\/\\\/tewoo.sk\\\/?product=policka-lesik#primaryimage\",\"url\":\"https:\\\/\\\/tewoo.sk\\\/wp-content\\\/uploads\\\/2021\\\/10\\\/Polica_LES_03.jpg\",\"contentUrl\":\"https:\\\/\\\/tewoo.sk\\\/wp-content\\\/uploads\\\/2021\\\/10\\\/Polica_LES_03.jpg\",\"width\":2250,\"height\":1500},{\"@type\":\"BreadcrumbList\",\"@id\":\"https:\\\/\\\/tewoo.sk\\\/?product=policka-lesik#breadcrumb\",\"itemListElement\":[{\"@type\":\"ListItem\",\"position\":1,\"name\":\"Home\",\"item\":\"https:\\\/\\\/tewoo.sk\\\/\"},{\"@type\":\"ListItem\",\"position\":2,\"name\":\"Obchod\",\"item\":\"https:\\\/\\\/tewoo.sk\\\/?page_id=165\"},{\"@type\":\"ListItem\",\"position\":3,\"name\":\"Poli\u010dka &#8211; LES\u00edk\"}]},{\"@type\":\"WebSite\",\"@id\":\"https:\\\/\\\/tewoo.sk\\\/#website\",\"url\":\"https:\\\/\\\/tewoo.sk\\\/\",\"name\":\"Drev\u00e1rska diel\u0148a TeWoo\",\"description\":\"V\u00fdrobky z dreva\",\"publisher\":{\"@id\":\"https:\\\/\\\/tewoo.sk\\\/#organization\"},\"potentialAction\":[{\"@type\":\"SearchAction\",\"target\":{\"@type\":\"EntryPoint\",\"urlTemplate\":\"https:\\\/\\\/tewoo.sk\\\/?s={search_term_string}\"},\"query-input\":{\"@type\":\"PropertyValueSpecification\",\"valueRequired\":true,\"valueName\":\"search_term_string\"}}],\"inLanguage\":\"sk-SK\"},{\"@type\":\"Organization\",\"@id\":\"https:\\\/\\\/tewoo.sk\\\/#organization\",\"name\":\"Drev\u00e1rska diel\u0148a TeWoo\",\"url\":\"https:\\\/\\\/tewoo.sk\\\/\",\"logo\":{\"@type\":\"ImageObject\",\"inLanguage\":\"sk-SK\",\"@id\":\"https:\\\/\\\/tewoo.sk\\\/#\\\/schema\\\/logo\\\/image\\\/\",\"url\":\"https:\\\/\\\/tewoo.sk\\\/wp-content\\\/uploads\\\/2021\\\/10\\\/logo-na-web3.png\",\"contentUrl\":\"https:\\\/\\\/tewoo.sk\\\/wp-content\\\/uploads\\\/2021\\\/10\\\/logo-na-web3.png\",\"width\":700,\"height\":700,\"caption\":\"Drev\u00e1rska diel\u0148a TeWoo\"},\"image\":{\"@id\":\"https:\\\/\\\/tewoo.sk\\\/#\\\/schema\\\/logo\\\/image\\\/\"},\"sameAs\":[\"https:\\\/\\\/www.facebook.com\\\/tewoo.sk\",\"https:\\\/\\\/www.instagram.com\\\/tewoo_sk\\\/\",\"https:\\\/\\\/sk.pinterest.com\\\/TewooSK\\\/\"]}]}<\/script>\n<!-- \/ Yoast SEO plugin. -->","yoast_head_json":{"title":"Poli\u010dka - LES\u00edk - Tom\u00e1\u0161 Bodn\u00e1r TeWoo","robots":{"index":"index","follow":"follow","max-snippet":"max-snippet:-1","max-image-preview":"max-image-preview:large","max-video-preview":"max-video-preview:-1"},"canonical":"https:\/\/tewoo.sk\/?product=policka-lesik","og_locale":"sk_SK","og_type":"article","og_title":"Poli\u010dka - LES\u00edk - Tom\u00e1\u0161 Bodn\u00e1r TeWoo","og_description":"Kde bolo tam bolo . . . . . . . a na tej \u010distinke pred lesom vyk\u00fakala z tr\u00e1vy s\u0165a hr\u00edbik drobn\u00e1 chal\u00fapka. Niekto tam zrejme b\u00fdval, lebo cez mali\u010dk\u00e9 okienko prenikalo slab\u00e9 mihotav\u00e9 svetlo a z kom\u00edna lenivo st\u00fapal k hviezdam tenu\u010dk\u00fd pr\u00fa\u017eok dymu . . . . . .a tak \u010falej a\u017e [&hellip;]","og_url":"https:\/\/tewoo.sk\/?product=policka-lesik","og_site_name":"Tom\u00e1\u0161 Bodn\u00e1r TeWoo","article_publisher":"https:\/\/www.facebook.com\/tewoo.sk","article_modified_time":"2025-11-09T12:32:32+00:00","og_image":[{"width":2250,"height":1500,"url":"https:\/\/tewoo.sk\/wp-content\/uploads\/2021\/10\/Polica_LES_03.jpg","type":"image\/jpeg"}],"twitter_card":"summary_large_image","twitter_misc":{"Predpokladan\u00fd \u010das \u010d\u00edtania":"1 min\u00fata"},"schema":{"@context":"https:\/\/schema.org","@graph":[{"@type":"WebPage","@id":"https:\/\/tewoo.sk\/?product=policka-lesik","url":"https:\/\/tewoo.sk\/?product=policka-lesik","name":"Poli\u010dka - LES\u00edk - Tom\u00e1\u0161 Bodn\u00e1r TeWoo","isPartOf":{"@id":"https:\/\/tewoo.sk\/#website"},"primaryImageOfPage":{"@id":"https:\/\/tewoo.sk\/?product=policka-lesik#primaryimage"},"image":{"@id":"https:\/\/tewoo.sk\/?product=policka-lesik#primaryimage"},"thumbnailUrl":"https:\/\/tewoo.sk\/wp-content\/uploads\/2021\/10\/Polica_LES_03.jpg","datePublished":"2021-10-09T20:10:50+00:00","dateModified":"2025-11-09T12:32:32+00:00","breadcrumb":{"@id":"https:\/\/tewoo.sk\/?product=policka-lesik#breadcrumb"},"inLanguage":"sk-SK","potentialAction":[{"@type":"ReadAction","target":["https:\/\/tewoo.sk\/?product=policka-lesik"]}]},{"@type":"ImageObject","inLanguage":"sk-SK","@id":"https:\/\/tewoo.sk\/?product=policka-lesik#primaryimage","url":"https:\/\/tewoo.sk\/wp-content\/uploads\/2021\/10\/Polica_LES_03.jpg","contentUrl":"https:\/\/tewoo.sk\/wp-content\/uploads\/2021\/10\/Polica_LES_03.jpg","width":2250,"height":1500},{"@type":"BreadcrumbList","@id":"https:\/\/tewoo.sk\/?product=policka-lesik#breadcrumb","itemListElement":[{"@type":"ListItem","position":1,"name":"Home","item":"https:\/\/tewoo.sk\/"},{"@type":"ListItem","position":2,"name":"Obchod","item":"https:\/\/tewoo.sk\/?page_id=165"},{"@type":"ListItem","position":3,"name":"Poli\u010dka &#8211; LES\u00edk"}]},{"@type":"WebSite","@id":"https:\/\/tewoo.sk\/#website","url":"https:\/\/tewoo.sk\/","name":"Drev\u00e1rska diel\u0148a TeWoo","description":"V\u00fdrobky z dreva","publisher":{"@id":"https:\/\/tewoo.sk\/#organization"},"potentialAction":[{"@type":"SearchAction","target":{"@type":"EntryPoint","urlTemplate":"https:\/\/tewoo.sk\/?s={search_term_string}"},"query-input":{"@type":"PropertyValueSpecification","valueRequired":true,"valueName":"search_term_string"}}],"inLanguage":"sk-SK"},{"@type":"Organization","@id":"https:\/\/tewoo.sk\/#organization","name":"Drev\u00e1rska diel\u0148a TeWoo","url":"https:\/\/tewoo.sk\/","logo":{"@type":"ImageObject","inLanguage":"sk-SK","@id":"https:\/\/tewoo.sk\/#\/schema\/logo\/image\/","url":"https:\/\/tewoo.sk\/wp-content\/uploads\/2021\/10\/logo-na-web3.png","contentUrl":"https:\/\/tewoo.sk\/wp-content\/uploads\/2021\/10\/logo-na-web3.png","width":700,"height":700,"caption":"Drev\u00e1rska diel\u0148a TeWoo"},"image":{"@id":"https:\/\/tewoo.sk\/#\/schema\/logo\/image\/"},"sameAs":["https:\/\/www.facebook.com\/tewoo.sk","https:\/\/www.instagram.com\/tewoo_sk\/","https:\/\/sk.pinterest.com\/TewooSK\/"]}]}},"jetpack_sharing_enabled":true,"_links":{"self":[{"href":"https:\/\/tewoo.sk\/index.php?rest_route=\/wp\/v2\/product\/589","targetHints":{"allow":["GET"]}}],"collection":[{"href":"https:\/\/tewoo.sk\/index.php?rest_route=\/wp\/v2\/product"}],"about":[{"href":"https:\/\/tewoo.sk\/index.php?rest_route=\/wp\/v2\/types\/product"}],"replies":[{"embeddable":true,"href":"https:\/\/tewoo.sk\/index.php?rest_route=%2Fwp%2Fv2%2Fcomments&post=589"}],"wp:featuredmedia":[{"embeddable":true,"href":"https:\/\/tewoo.sk\/index.php?rest_route=\/wp\/v2\/media\/590"}],"wp:attachment":[{"href":"https:\/\/tewoo.sk\/index.php?rest_route=%2Fwp%2Fv2%2Fmedia&parent=589"}],"wp:term":[{"taxonomy":"product_brand","embeddable":true,"href":"https:\/\/tewoo.sk\/index.php?rest_route=%2Fwp%2Fv2%2Fproduct_brand&post=589"},{"taxonomy":"product_cat","embeddable":true,"href":"https:\/\/tewoo.sk\/index.php?rest_route=%2Fwp%2Fv2%2Fproduct_cat&post=589"},{"taxonomy":"product_tag","embeddable":true,"href":"https:\/\/tewoo.sk\/index.php?rest_route=%2Fwp%2Fv2%2Fproduct_tag&post=589"}],"curies":[{"name":"wp","href":"https:\/\/api.w.org\/{rel}","templated":true}]}}